{"id":26195,"date":"2024-08-14T17:48:24","date_gmt":"2024-08-14T10:48:24","guid":{"rendered":"https:\/\/kodointernational.com\/product\/set-aus-aetherischen-oeldiffusoren-mit-vanilleholz-parfuem\/"},"modified":"2024-08-14T17:48:24","modified_gmt":"2024-08-14T10:48:24","slug":"set-aus-aetherischen-oeldiffusoren-mit-vanilleholz-parfuem","status":"publish","type":"product","link":"https:\/\/kodointernational.com\/de\/produkt\/set-aus-aetherischen-oeldiffusoren-mit-vanilleholz-parfuem\/","title":{"rendered":"Set aus \u00e4therischen \u00d6ldiffusoren mit Vanilleholz-Parf\u00fcm"},"content":{"rendered":"","protected":false},"excerpt":{"rendered":"<p>Das Vanilla Wood Parf\u00fcm-Diffusor-Set mit \u00e4therischen \u00d6len entf\u00fchrt Sie in eine warme und beruhigende Welt, die Zitrone, Orange, Bergamotte, Iris, Rose, Vanille, Amber, Moschus, Schneeholzkiefer und Patschuli kombiniert<\/p>\n","protected":false},"featured_media":26189,"comment_status":"open","ping_status":"closed","template":"","meta":[],"etheme_brands":[],"product_cat":[845],"product_tag":[],"scent-family":[],"diffusion-area":[],"scent-intensity":[911],"scent-recommendations":[],"scent-pyramid":[],"class_list":{"0":"post-26195","1":"product","2":"type-product","3":"status-publish","4":"has-post-thumbnail","6":"product_cat-diffusorstab-kit","7":"scent-intensity-strong-de","9":"first","10":"instock","11":"shipping-taxable","12":"product-type-simple"},"acf":[],"_links":{"self":[{"href":"https:\/\/kodointernational.com\/de\/wp-json\/wp\/v2\/product\/26195","targetHints":{"allow":["GET"]}}],"collection":[{"href":"https:\/\/kodointernational.com\/de\/wp-json\/wp\/v2\/product"}],"about":[{"href":"https:\/\/kodointernational.com\/de\/wp-json\/wp\/v2\/types\/product"}],"replies":[{"embeddable":true,"href":"https:\/\/kodointernational.com\/de\/wp-json\/wp\/v2\/comments?post=26195"}],"version-history":[{"count":0,"href":"https:\/\/kodointernational.com\/de\/wp-json\/wp\/v2\/product\/26195\/revisions"}],"wp:featuredmedia":[{"embeddable":true,"href":"https:\/\/kodointernational.com\/de\/wp-json\/wp\/v2\/media\/26189"}],"wp:attachment":[{"href":"https:\/\/kodointernational.com\/de\/wp-json\/wp\/v2\/media?parent=26195"}],"wp:term":[{"taxonomy":"brand","embeddable":true,"href":"https:\/\/kodointernational.com\/de\/wp-json\/wp\/v2\/etheme_brands?post=26195"},{"taxonomy":"product_cat","embeddable":true,"href":"https:\/\/kodointernational.com\/de\/wp-json\/wp\/v2\/product_cat?post=26195"},{"taxonomy":"product_tag","embeddable":true,"href":"https:\/\/kodointernational.com\/de\/wp-json\/wp\/v2\/product_tag?post=26195"},{"taxonomy":"scent-family","embeddable":true,"href":"https:\/\/kodointernational.com\/de\/wp-json\/wp\/v2\/scent-family?post=26195"},{"taxonomy":"diffusion-area","embeddable":true,"href":"https:\/\/kodointernational.com\/de\/wp-json\/wp\/v2\/diffusion-area?post=26195"},{"taxonomy":"scent-intensity","embeddable":true,"href":"https:\/\/kodointernational.com\/de\/wp-json\/wp\/v2\/scent-intensity?post=26195"},{"taxonomy":"scent-recommendations","embeddable":true,"href":"https:\/\/kodointernational.com\/de\/wp-json\/wp\/v2\/scent-recommendations?post=26195"},{"taxonomy":"scent-pyramid","embeddable":true,"href":"https:\/\/kodointernational.com\/de\/wp-json\/wp\/v2\/scent-pyramid?post=26195"}],"curies":[{"name":"wp","href":"https:\/\/api.w.org\/{rel}","templated":true}]}}