{"id":26177,"date":"2024-08-14T17:36:43","date_gmt":"2024-08-14T10:36:43","guid":{"rendered":"https:\/\/kodointernational.com\/product\/oud-adlerholz-bergamotte-parfuem-diffusor-set-mit-aetherischen-oelen\/"},"modified":"2024-08-14T17:36:43","modified_gmt":"2024-08-14T10:36:43","slug":"oud-adlerholz-bergamotte-parfuem-diffusor-set-mit-aetherischen-oelen","status":"publish","type":"product","link":"https:\/\/kodointernational.com\/de\/produkt\/oud-adlerholz-bergamotte-parfuem-diffusor-set-mit-aetherischen-oelen\/","title":{"rendered":"Oud (Adlerholz)  Bergamotte-Parf\u00fcm-Diffusor-Set mit \u00e4therischen \u00d6len"},"content":{"rendered":"","protected":false},"excerpt":{"rendered":"<p>Oud (Adlerholz) und Bergamotte-Parf\u00fcm-\u00c4therisches \u00d6l-Diffusor-Set bringt Frische, S\u00fc\u00dfe und einen Hauch von rustikalem Holzduft. Eine Kombination aus Bergamotte, Hedion, Patschuli und Moschus <\/p>\n","protected":false},"featured_media":26173,"comment_status":"open","ping_status":"closed","template":"","meta":[],"etheme_brands":[],"product_cat":[845],"product_tag":[],"scent-family":[885],"diffusion-area":[],"scent-intensity":[907],"scent-recommendations":[937,923,927],"scent-pyramid":[],"class_list":{"0":"post-26177","1":"product","2":"type-product","3":"status-publish","4":"has-post-thumbnail","6":"product_cat-diffusorstab-kit","7":"scent-family-woody-de","8":"scent-intensity-light-de","9":"scent-recommendations-bar-de","10":"scent-recommendations-fashion-shop-de","11":"scent-recommendations-spa-de","13":"first","14":"instock","15":"shipping-taxable","16":"product-type-simple"},"acf":[],"_links":{"self":[{"href":"https:\/\/kodointernational.com\/de\/wp-json\/wp\/v2\/product\/26177","targetHints":{"allow":["GET"]}}],"collection":[{"href":"https:\/\/kodointernational.com\/de\/wp-json\/wp\/v2\/product"}],"about":[{"href":"https:\/\/kodointernational.com\/de\/wp-json\/wp\/v2\/types\/product"}],"replies":[{"embeddable":true,"href":"https:\/\/kodointernational.com\/de\/wp-json\/wp\/v2\/comments?post=26177"}],"version-history":[{"count":0,"href":"https:\/\/kodointernational.com\/de\/wp-json\/wp\/v2\/product\/26177\/revisions"}],"wp:featuredmedia":[{"embeddable":true,"href":"https:\/\/kodointernational.com\/de\/wp-json\/wp\/v2\/media\/26173"}],"wp:attachment":[{"href":"https:\/\/kodointernational.com\/de\/wp-json\/wp\/v2\/media?parent=26177"}],"wp:term":[{"taxonomy":"brand","embeddable":true,"href":"https:\/\/kodointernational.com\/de\/wp-json\/wp\/v2\/etheme_brands?post=26177"},{"taxonomy":"product_cat","embeddable":true,"href":"https:\/\/kodointernational.com\/de\/wp-json\/wp\/v2\/product_cat?post=26177"},{"taxonomy":"product_tag","embeddable":true,"href":"https:\/\/kodointernational.com\/de\/wp-json\/wp\/v2\/product_tag?post=26177"},{"taxonomy":"scent-family","embeddable":true,"href":"https:\/\/kodointernational.com\/de\/wp-json\/wp\/v2\/scent-family?post=26177"},{"taxonomy":"diffusion-area","embeddable":true,"href":"https:\/\/kodointernational.com\/de\/wp-json\/wp\/v2\/diffusion-area?post=26177"},{"taxonomy":"scent-intensity","embeddable":true,"href":"https:\/\/kodointernational.com\/de\/wp-json\/wp\/v2\/scent-intensity?post=26177"},{"taxonomy":"scent-recommendations","embeddable":true,"href":"https:\/\/kodointernational.com\/de\/wp-json\/wp\/v2\/scent-recommendations?post=26177"},{"taxonomy":"scent-pyramid","embeddable":true,"href":"https:\/\/kodointernational.com\/de\/wp-json\/wp\/v2\/scent-pyramid?post=26177"}],"curies":[{"name":"wp","href":"https:\/\/api.w.org\/{rel}","templated":true}]}}