{"id":26122,"date":"2024-08-14T15:35:23","date_gmt":"2024-08-14T08:35:23","guid":{"rendered":"https:\/\/kodointernational.com\/product\/diffusor-set-fuer-aetherische-oele-mit-weissem-tee-und-thymian\/"},"modified":"2024-08-14T15:35:23","modified_gmt":"2024-08-14T08:35:23","slug":"diffusor-set-fuer-aetherische-oele-mit-weissem-tee-und-thymian","status":"publish","type":"product","link":"https:\/\/kodointernational.com\/de\/produkt\/diffusor-set-fuer-aetherische-oele-mit-weissem-tee-und-thymian\/","title":{"rendered":"Diffusor-Set f\u00fcr \u00e4therische \u00d6le mit wei\u00dfem Tee und Thymian"},"content":{"rendered":"","protected":false},"excerpt":{"rendered":"<p>Kombiniert den Duft von Jasmin, Zimt, Petitgrain, Geranie, Tabak, Moschus, Vetiver und Rose<\/p>\n","protected":false},"featured_media":26116,"comment_status":"open","ping_status":"closed","template":"","meta":[],"etheme_brands":[],"product_cat":[845],"product_tag":[],"scent-family":[881],"diffusion-area":[],"scent-intensity":[911],"scent-recommendations":[933],"scent-pyramid":[],"class_list":{"0":"post-26122","1":"product","2":"type-product","3":"status-publish","4":"has-post-thumbnail","6":"product_cat-diffusorstab-kit","7":"scent-family-fresh-de","8":"scent-intensity-strong-de","9":"scent-recommendations-appartement-de","11":"first","12":"instock","13":"shipping-taxable","14":"product-type-simple"},"acf":[],"_links":{"self":[{"href":"https:\/\/kodointernational.com\/de\/wp-json\/wp\/v2\/product\/26122","targetHints":{"allow":["GET"]}}],"collection":[{"href":"https:\/\/kodointernational.com\/de\/wp-json\/wp\/v2\/product"}],"about":[{"href":"https:\/\/kodointernational.com\/de\/wp-json\/wp\/v2\/types\/product"}],"replies":[{"embeddable":true,"href":"https:\/\/kodointernational.com\/de\/wp-json\/wp\/v2\/comments?post=26122"}],"version-history":[{"count":0,"href":"https:\/\/kodointernational.com\/de\/wp-json\/wp\/v2\/product\/26122\/revisions"}],"wp:featuredmedia":[{"embeddable":true,"href":"https:\/\/kodointernational.com\/de\/wp-json\/wp\/v2\/media\/26116"}],"wp:attachment":[{"href":"https:\/\/kodointernational.com\/de\/wp-json\/wp\/v2\/media?parent=26122"}],"wp:term":[{"taxonomy":"brand","embeddable":true,"href":"https:\/\/kodointernational.com\/de\/wp-json\/wp\/v2\/etheme_brands?post=26122"},{"taxonomy":"product_cat","embeddable":true,"href":"https:\/\/kodointernational.com\/de\/wp-json\/wp\/v2\/product_cat?post=26122"},{"taxonomy":"product_tag","embeddable":true,"href":"https:\/\/kodointernational.com\/de\/wp-json\/wp\/v2\/product_tag?post=26122"},{"taxonomy":"scent-family","embeddable":true,"href":"https:\/\/kodointernational.com\/de\/wp-json\/wp\/v2\/scent-family?post=26122"},{"taxonomy":"diffusion-area","embeddable":true,"href":"https:\/\/kodointernational.com\/de\/wp-json\/wp\/v2\/diffusion-area?post=26122"},{"taxonomy":"scent-intensity","embeddable":true,"href":"https:\/\/kodointernational.com\/de\/wp-json\/wp\/v2\/scent-intensity?post=26122"},{"taxonomy":"scent-recommendations","embeddable":true,"href":"https:\/\/kodointernational.com\/de\/wp-json\/wp\/v2\/scent-recommendations?post=26122"},{"taxonomy":"scent-pyramid","embeddable":true,"href":"https:\/\/kodointernational.com\/de\/wp-json\/wp\/v2\/scent-pyramid?post=26122"}],"curies":[{"name":"wp","href":"https:\/\/api.w.org\/{rel}","templated":true}]}}