{"id":26112,"date":"2024-08-14T15:29:58","date_gmt":"2024-08-14T08:29:58","guid":{"rendered":"https:\/\/kodointernational.com\/product\/regenparfuem-diffusor-set-fuer-aetherische-oele\/"},"modified":"2024-08-14T15:29:58","modified_gmt":"2024-08-14T08:29:58","slug":"regenparfuem-diffusor-set-fuer-aetherische-oele","status":"publish","type":"product","link":"https:\/\/kodointernational.com\/de\/produkt\/regenparfuem-diffusor-set-fuer-aetherische-oele\/","title":{"rendered":"Regenparf\u00fcm-Diffusor-Set f\u00fcr \u00e4therische \u00d6le"},"content":{"rendered":"","protected":false},"excerpt":{"rendered":"<p>Kombiniert D\u00fcfte von Orange, Kamille, Minze, Geranie und Blumen. Der Duft ist sehr frisch und erfrischend und vermittelt das Gef\u00fchl, als st\u00fcnde man unter einem sanften Regen. <\/p>\n","protected":false},"featured_media":26108,"comment_status":"open","ping_status":"closed","template":"","meta":[],"etheme_brands":[],"product_cat":[845],"product_tag":[],"scent-family":[881],"diffusion-area":[],"scent-intensity":[911],"scent-recommendations":[933],"scent-pyramid":[],"class_list":{"0":"post-26112","1":"product","2":"type-product","3":"status-publish","4":"has-post-thumbnail","6":"product_cat-diffusorstab-kit","7":"scent-family-fresh-de","8":"scent-intensity-strong-de","9":"scent-recommendations-appartement-de","11":"first","12":"instock","13":"shipping-taxable","14":"product-type-simple"},"acf":[],"_links":{"self":[{"href":"https:\/\/kodointernational.com\/de\/wp-json\/wp\/v2\/product\/26112","targetHints":{"allow":["GET"]}}],"collection":[{"href":"https:\/\/kodointernational.com\/de\/wp-json\/wp\/v2\/product"}],"about":[{"href":"https:\/\/kodointernational.com\/de\/wp-json\/wp\/v2\/types\/product"}],"replies":[{"embeddable":true,"href":"https:\/\/kodointernational.com\/de\/wp-json\/wp\/v2\/comments?post=26112"}],"version-history":[{"count":0,"href":"https:\/\/kodointernational.com\/de\/wp-json\/wp\/v2\/product\/26112\/revisions"}],"wp:featuredmedia":[{"embeddable":true,"href":"https:\/\/kodointernational.com\/de\/wp-json\/wp\/v2\/media\/26108"}],"wp:attachment":[{"href":"https:\/\/kodointernational.com\/de\/wp-json\/wp\/v2\/media?parent=26112"}],"wp:term":[{"taxonomy":"brand","embeddable":true,"href":"https:\/\/kodointernational.com\/de\/wp-json\/wp\/v2\/etheme_brands?post=26112"},{"taxonomy":"product_cat","embeddable":true,"href":"https:\/\/kodointernational.com\/de\/wp-json\/wp\/v2\/product_cat?post=26112"},{"taxonomy":"product_tag","embeddable":true,"href":"https:\/\/kodointernational.com\/de\/wp-json\/wp\/v2\/product_tag?post=26112"},{"taxonomy":"scent-family","embeddable":true,"href":"https:\/\/kodointernational.com\/de\/wp-json\/wp\/v2\/scent-family?post=26112"},{"taxonomy":"diffusion-area","embeddable":true,"href":"https:\/\/kodointernational.com\/de\/wp-json\/wp\/v2\/diffusion-area?post=26112"},{"taxonomy":"scent-intensity","embeddable":true,"href":"https:\/\/kodointernational.com\/de\/wp-json\/wp\/v2\/scent-intensity?post=26112"},{"taxonomy":"scent-recommendations","embeddable":true,"href":"https:\/\/kodointernational.com\/de\/wp-json\/wp\/v2\/scent-recommendations?post=26112"},{"taxonomy":"scent-pyramid","embeddable":true,"href":"https:\/\/kodointernational.com\/de\/wp-json\/wp\/v2\/scent-pyramid?post=26112"}],"curies":[{"name":"wp","href":"https:\/\/api.w.org\/{rel}","templated":true}]}}