{"id":26086,"date":"2024-08-14T15:08:36","date_gmt":"2024-08-14T08:08:36","guid":{"rendered":"https:\/\/kodointernational.com\/product\/osmanthusblueten-parfuem-aetherisches-oel-diffusor-set\/"},"modified":"2024-08-14T15:08:36","modified_gmt":"2024-08-14T08:08:36","slug":"osmanthusblueten-parfuem-aetherisches-oel-diffusor-set","status":"publish","type":"product","link":"https:\/\/kodointernational.com\/de\/produkt\/osmanthusblueten-parfuem-aetherisches-oel-diffusor-set\/","title":{"rendered":"Osmanthusbl\u00fcten-Parf\u00fcm-\u00e4therisches \u00d6l-Diffusor-Set"},"content":{"rendered":"","protected":false},"excerpt":{"rendered":"<p>Kombiniert D\u00fcfte von Gras, Orange, Zitrone, Osmanthus, Rose, Iris, Zedernholz, Amber, Moschus und Vetiver. Dieser Duft steigert das Gef\u00fchl der Erregung und erzeugt ein Gef\u00fchl von F\u00fclle und Charisma. Insbesondere reduziert es auch Stress und Angstzust\u00e4nde, hilft bei der Entspannung und verbessert die Stimmung.<\/p>\n","protected":false},"featured_media":26082,"comment_status":"open","ping_status":"closed","template":"","meta":[],"etheme_brands":[],"product_cat":[845],"product_tag":[],"scent-family":[875],"diffusion-area":[],"scent-intensity":[909],"scent-recommendations":[921,923],"scent-pyramid":[],"class_list":{"0":"post-26086","1":"product","2":"type-product","3":"status-publish","4":"has-post-thumbnail","6":"product_cat-diffusorstab-kit","7":"scent-family-floral-de","8":"scent-intensity-medium-de","9":"scent-recommendations-ausstellungsraum-de","10":"scent-recommendations-fashion-shop-de","12":"first","13":"instock","14":"shipping-taxable","15":"product-type-simple"},"acf":[],"_links":{"self":[{"href":"https:\/\/kodointernational.com\/de\/wp-json\/wp\/v2\/product\/26086","targetHints":{"allow":["GET"]}}],"collection":[{"href":"https:\/\/kodointernational.com\/de\/wp-json\/wp\/v2\/product"}],"about":[{"href":"https:\/\/kodointernational.com\/de\/wp-json\/wp\/v2\/types\/product"}],"replies":[{"embeddable":true,"href":"https:\/\/kodointernational.com\/de\/wp-json\/wp\/v2\/comments?post=26086"}],"version-history":[{"count":0,"href":"https:\/\/kodointernational.com\/de\/wp-json\/wp\/v2\/product\/26086\/revisions"}],"wp:featuredmedia":[{"embeddable":true,"href":"https:\/\/kodointernational.com\/de\/wp-json\/wp\/v2\/media\/26082"}],"wp:attachment":[{"href":"https:\/\/kodointernational.com\/de\/wp-json\/wp\/v2\/media?parent=26086"}],"wp:term":[{"taxonomy":"brand","embeddable":true,"href":"https:\/\/kodointernational.com\/de\/wp-json\/wp\/v2\/etheme_brands?post=26086"},{"taxonomy":"product_cat","embeddable":true,"href":"https:\/\/kodointernational.com\/de\/wp-json\/wp\/v2\/product_cat?post=26086"},{"taxonomy":"product_tag","embeddable":true,"href":"https:\/\/kodointernational.com\/de\/wp-json\/wp\/v2\/product_tag?post=26086"},{"taxonomy":"scent-family","embeddable":true,"href":"https:\/\/kodointernational.com\/de\/wp-json\/wp\/v2\/scent-family?post=26086"},{"taxonomy":"diffusion-area","embeddable":true,"href":"https:\/\/kodointernational.com\/de\/wp-json\/wp\/v2\/diffusion-area?post=26086"},{"taxonomy":"scent-intensity","embeddable":true,"href":"https:\/\/kodointernational.com\/de\/wp-json\/wp\/v2\/scent-intensity?post=26086"},{"taxonomy":"scent-recommendations","embeddable":true,"href":"https:\/\/kodointernational.com\/de\/wp-json\/wp\/v2\/scent-recommendations?post=26086"},{"taxonomy":"scent-pyramid","embeddable":true,"href":"https:\/\/kodointernational.com\/de\/wp-json\/wp\/v2\/scent-pyramid?post=26086"}],"curies":[{"name":"wp","href":"https:\/\/api.w.org\/{rel}","templated":true}]}}