{"id":26056,"date":"2024-08-14T14:38:28","date_gmt":"2024-08-14T07:38:28","guid":{"rendered":"https:\/\/kodointernational.com\/product\/jasmin-und-grapefruit-parfuem-diffusor-set-mit-aetherischen-oelen\/"},"modified":"2024-08-14T14:38:28","modified_gmt":"2024-08-14T07:38:28","slug":"jasmin-und-grapefruit-parfuem-diffusor-set-mit-aetherischen-oelen","status":"publish","type":"product","link":"https:\/\/kodointernational.com\/de\/produkt\/jasmin-und-grapefruit-parfuem-diffusor-set-mit-aetherischen-oelen\/","title":{"rendered":"Jasmin- und Grapefruit-Parf\u00fcm-Diffusor-Set mit \u00e4therischen \u00d6len"},"content":{"rendered":"","protected":false},"excerpt":{"rendered":"<p>Der Duft ist zart und frisch, eine harmonische Mischung aus verf\u00fchrerischen Blumennoten und dynamischer fruchtiger Frische. Kombination vieler Arten von Zutaten: Grapefruit, Orange, Gras, Ylang Ylang, Jasmin, Amber, Moschus <\/p>\n","protected":false},"featured_media":26052,"comment_status":"open","ping_status":"closed","template":"","meta":[],"etheme_brands":[],"product_cat":[845],"product_tag":[],"scent-family":[],"diffusion-area":[],"scent-intensity":[909],"scent-recommendations":[],"scent-pyramid":[],"class_list":{"0":"post-26056","1":"product","2":"type-product","3":"status-publish","4":"has-post-thumbnail","6":"product_cat-diffusorstab-kit","7":"scent-intensity-medium-de","9":"first","10":"instock","11":"shipping-taxable","12":"product-type-simple"},"acf":[],"_links":{"self":[{"href":"https:\/\/kodointernational.com\/de\/wp-json\/wp\/v2\/product\/26056","targetHints":{"allow":["GET"]}}],"collection":[{"href":"https:\/\/kodointernational.com\/de\/wp-json\/wp\/v2\/product"}],"about":[{"href":"https:\/\/kodointernational.com\/de\/wp-json\/wp\/v2\/types\/product"}],"replies":[{"embeddable":true,"href":"https:\/\/kodointernational.com\/de\/wp-json\/wp\/v2\/comments?post=26056"}],"version-history":[{"count":0,"href":"https:\/\/kodointernational.com\/de\/wp-json\/wp\/v2\/product\/26056\/revisions"}],"wp:featuredmedia":[{"embeddable":true,"href":"https:\/\/kodointernational.com\/de\/wp-json\/wp\/v2\/media\/26052"}],"wp:attachment":[{"href":"https:\/\/kodointernational.com\/de\/wp-json\/wp\/v2\/media?parent=26056"}],"wp:term":[{"taxonomy":"brand","embeddable":true,"href":"https:\/\/kodointernational.com\/de\/wp-json\/wp\/v2\/etheme_brands?post=26056"},{"taxonomy":"product_cat","embeddable":true,"href":"https:\/\/kodointernational.com\/de\/wp-json\/wp\/v2\/product_cat?post=26056"},{"taxonomy":"product_tag","embeddable":true,"href":"https:\/\/kodointernational.com\/de\/wp-json\/wp\/v2\/product_tag?post=26056"},{"taxonomy":"scent-family","embeddable":true,"href":"https:\/\/kodointernational.com\/de\/wp-json\/wp\/v2\/scent-family?post=26056"},{"taxonomy":"diffusion-area","embeddable":true,"href":"https:\/\/kodointernational.com\/de\/wp-json\/wp\/v2\/diffusion-area?post=26056"},{"taxonomy":"scent-intensity","embeddable":true,"href":"https:\/\/kodointernational.com\/de\/wp-json\/wp\/v2\/scent-intensity?post=26056"},{"taxonomy":"scent-recommendations","embeddable":true,"href":"https:\/\/kodointernational.com\/de\/wp-json\/wp\/v2\/scent-recommendations?post=26056"},{"taxonomy":"scent-pyramid","embeddable":true,"href":"https:\/\/kodointernational.com\/de\/wp-json\/wp\/v2\/scent-pyramid?post=26056"}],"curies":[{"name":"wp","href":"https:\/\/api.w.org\/{rel}","templated":true}]}}