{"id":25235,"date":"2024-08-09T13:44:56","date_gmt":"2024-08-09T06:44:56","guid":{"rendered":"https:\/\/kodointernational.com\/product\/parfuemspray-osmanthus-blossom\/"},"modified":"2024-08-09T13:44:56","modified_gmt":"2024-08-09T06:44:56","slug":"parfuemspray-osmanthus-blossom","status":"publish","type":"product","link":"https:\/\/kodointernational.com\/de\/produkt\/parfuemspray-osmanthus-blossom\/","title":{"rendered":"Parf\u00fcmspray \u201eOsmanthus Blossom\u201c"},"content":{"rendered":"","protected":false},"excerpt":{"rendered":"<p>Das Parf\u00fcmspray \u201eOsmanthus Blossom\u201c enth\u00e4lt Inhaltsstoffe aus Osmanthusbl\u00fcten, einer Blume, die im Herbst in Asien bl\u00fcht Der Duft vermittelt ein Gef\u00fchl von Frische, S\u00fc\u00dfe, Charme und Komplexit\u00e4t. Dieser Duft steigert das Gef\u00fchl der Erregung und erzeugt ein Gef\u00fchl von F\u00fclle und Charisma. Insbesondere reduziert es auch Stress und Angstzust\u00e4nde, hilft bei der Entspannung und verbessert die Stimmung.<\/p>\n","protected":false},"featured_media":25229,"comment_status":"open","ping_status":"closed","template":"","meta":[],"etheme_brands":[],"product_cat":[831],"product_tag":[],"scent-family":[],"diffusion-area":[],"scent-intensity":[],"scent-recommendations":[],"scent-pyramid":[],"class_list":{"0":"post-25235","1":"product","2":"type-product","3":"status-publish","4":"has-post-thumbnail","6":"product_cat-parfuem-spray","8":"first","9":"instock","10":"shipping-taxable","11":"product-type-simple"},"acf":[],"_links":{"self":[{"href":"https:\/\/kodointernational.com\/de\/wp-json\/wp\/v2\/product\/25235","targetHints":{"allow":["GET"]}}],"collection":[{"href":"https:\/\/kodointernational.com\/de\/wp-json\/wp\/v2\/product"}],"about":[{"href":"https:\/\/kodointernational.com\/de\/wp-json\/wp\/v2\/types\/product"}],"replies":[{"embeddable":true,"href":"https:\/\/kodointernational.com\/de\/wp-json\/wp\/v2\/comments?post=25235"}],"version-history":[{"count":0,"href":"https:\/\/kodointernational.com\/de\/wp-json\/wp\/v2\/product\/25235\/revisions"}],"wp:featuredmedia":[{"embeddable":true,"href":"https:\/\/kodointernational.com\/de\/wp-json\/wp\/v2\/media\/25229"}],"wp:attachment":[{"href":"https:\/\/kodointernational.com\/de\/wp-json\/wp\/v2\/media?parent=25235"}],"wp:term":[{"taxonomy":"brand","embeddable":true,"href":"https:\/\/kodointernational.com\/de\/wp-json\/wp\/v2\/etheme_brands?post=25235"},{"taxonomy":"product_cat","embeddable":true,"href":"https:\/\/kodointernational.com\/de\/wp-json\/wp\/v2\/product_cat?post=25235"},{"taxonomy":"product_tag","embeddable":true,"href":"https:\/\/kodointernational.com\/de\/wp-json\/wp\/v2\/product_tag?post=25235"},{"taxonomy":"scent-family","embeddable":true,"href":"https:\/\/kodointernational.com\/de\/wp-json\/wp\/v2\/scent-family?post=25235"},{"taxonomy":"diffusion-area","embeddable":true,"href":"https:\/\/kodointernational.com\/de\/wp-json\/wp\/v2\/diffusion-area?post=25235"},{"taxonomy":"scent-intensity","embeddable":true,"href":"https:\/\/kodointernational.com\/de\/wp-json\/wp\/v2\/scent-intensity?post=25235"},{"taxonomy":"scent-recommendations","embeddable":true,"href":"https:\/\/kodointernational.com\/de\/wp-json\/wp\/v2\/scent-recommendations?post=25235"},{"taxonomy":"scent-pyramid","embeddable":true,"href":"https:\/\/kodointernational.com\/de\/wp-json\/wp\/v2\/scent-pyramid?post=25235"}],"curies":[{"name":"wp","href":"https:\/\/api.w.org\/{rel}","templated":true}]}}