{"id":25225,"date":"2024-08-09T13:37:39","date_gmt":"2024-08-09T06:37:39","guid":{"rendered":"https:\/\/kodointernational.com\/product\/kodo-no-6-parfuemspray\/"},"modified":"2024-08-09T13:37:39","modified_gmt":"2024-08-09T06:37:39","slug":"kodo-no-6-parfuemspray","status":"publish","type":"product","link":"https:\/\/kodointernational.com\/de\/produkt\/kodo-no-6-parfuemspray\/","title":{"rendered":"Kodo No.6 Parf\u00fcmspray"},"content":{"rendered":"","protected":false},"excerpt":{"rendered":"<p>Das Parf\u00fcmspray Kodo No.6 hat durch sein dynamisches und pers\u00f6nliches Design ein jugendliches und modernes Aussehen. Es beginnt mit einem leidenschaftlichen und doch erfrischenden Gef\u00fchl. Danach wird der Geruch allm\u00e4hlich s\u00fc\u00dfer und tiefer. Schlie\u00dflich gibt es den Duft einer st\u00e4rkeren Schnittmenge zwischen s\u00fc\u00df und leidenschaftlich, zwischen elegant und jugendlich.<\/p>\n","protected":false},"featured_media":25220,"comment_status":"open","ping_status":"closed","template":"","meta":[],"etheme_brands":[],"product_cat":[831],"product_tag":[],"scent-family":[],"diffusion-area":[],"scent-intensity":[],"scent-recommendations":[],"scent-pyramid":[],"class_list":{"0":"post-25225","1":"product","2":"type-product","3":"status-publish","4":"has-post-thumbnail","6":"product_cat-parfuem-spray","8":"first","9":"instock","10":"shipping-taxable","11":"product-type-simple"},"acf":[],"_links":{"self":[{"href":"https:\/\/kodointernational.com\/de\/wp-json\/wp\/v2\/product\/25225","targetHints":{"allow":["GET"]}}],"collection":[{"href":"https:\/\/kodointernational.com\/de\/wp-json\/wp\/v2\/product"}],"about":[{"href":"https:\/\/kodointernational.com\/de\/wp-json\/wp\/v2\/types\/product"}],"replies":[{"embeddable":true,"href":"https:\/\/kodointernational.com\/de\/wp-json\/wp\/v2\/comments?post=25225"}],"version-history":[{"count":0,"href":"https:\/\/kodointernational.com\/de\/wp-json\/wp\/v2\/product\/25225\/revisions"}],"wp:featuredmedia":[{"embeddable":true,"href":"https:\/\/kodointernational.com\/de\/wp-json\/wp\/v2\/media\/25220"}],"wp:attachment":[{"href":"https:\/\/kodointernational.com\/de\/wp-json\/wp\/v2\/media?parent=25225"}],"wp:term":[{"taxonomy":"brand","embeddable":true,"href":"https:\/\/kodointernational.com\/de\/wp-json\/wp\/v2\/etheme_brands?post=25225"},{"taxonomy":"product_cat","embeddable":true,"href":"https:\/\/kodointernational.com\/de\/wp-json\/wp\/v2\/product_cat?post=25225"},{"taxonomy":"product_tag","embeddable":true,"href":"https:\/\/kodointernational.com\/de\/wp-json\/wp\/v2\/product_tag?post=25225"},{"taxonomy":"scent-family","embeddable":true,"href":"https:\/\/kodointernational.com\/de\/wp-json\/wp\/v2\/scent-family?post=25225"},{"taxonomy":"diffusion-area","embeddable":true,"href":"https:\/\/kodointernational.com\/de\/wp-json\/wp\/v2\/diffusion-area?post=25225"},{"taxonomy":"scent-intensity","embeddable":true,"href":"https:\/\/kodointernational.com\/de\/wp-json\/wp\/v2\/scent-intensity?post=25225"},{"taxonomy":"scent-recommendations","embeddable":true,"href":"https:\/\/kodointernational.com\/de\/wp-json\/wp\/v2\/scent-recommendations?post=25225"},{"taxonomy":"scent-pyramid","embeddable":true,"href":"https:\/\/kodointernational.com\/de\/wp-json\/wp\/v2\/scent-pyramid?post=25225"}],"curies":[{"name":"wp","href":"https:\/\/api.w.org\/{rel}","templated":true}]}}