{"id":25144,"date":"2024-08-08T16:43:14","date_gmt":"2024-08-08T09:43:14","guid":{"rendered":"https:\/\/kodointernational.com\/product\/wunderschoene-duftkerze-mit-aetherischen-oelen-von-breeze\/"},"modified":"2024-08-08T16:43:14","modified_gmt":"2024-08-08T09:43:14","slug":"wunderschoene-duftkerze-mit-aetherischen-oelen-von-breeze","status":"publish","type":"product","link":"https:\/\/kodointernational.com\/de\/produkt\/wunderschoene-duftkerze-mit-aetherischen-oelen-von-breeze\/","title":{"rendered":"Wundersch\u00f6ne Duftkerze mit \u00e4therischen \u00d6len von Breeze"},"content":{"rendered":"","protected":false},"excerpt":{"rendered":"<p>Die Duftkerze \u201eBeautiful Breeze\u201c mit \u00e4therischen \u00d6len hat einen sanften Duft wie eine sanfte Meeresbrise, die sich mit einem Blumengarten vermischt, eine zarte Mischung aus Tuberose, Jasmin, Muguet, Vanille und Moschus. Entwickelt, um ein Gef\u00fchl von Leichtigkeit und Eleganz zu vermitteln<\/p>\n","protected":false},"featured_media":25141,"comment_status":"open","ping_status":"closed","template":"","meta":[],"etheme_brands":[],"product_cat":[830],"product_tag":[],"scent-family":[],"diffusion-area":[],"scent-intensity":[],"scent-recommendations":[],"scent-pyramid":[],"class_list":{"0":"post-25144","1":"product","2":"type-product","3":"status-publish","4":"has-post-thumbnail","6":"product_cat-duftkerzen","8":"first","9":"instock","10":"shipping-taxable","11":"product-type-simple"},"acf":[],"_links":{"self":[{"href":"https:\/\/kodointernational.com\/de\/wp-json\/wp\/v2\/product\/25144","targetHints":{"allow":["GET"]}}],"collection":[{"href":"https:\/\/kodointernational.com\/de\/wp-json\/wp\/v2\/product"}],"about":[{"href":"https:\/\/kodointernational.com\/de\/wp-json\/wp\/v2\/types\/product"}],"replies":[{"embeddable":true,"href":"https:\/\/kodointernational.com\/de\/wp-json\/wp\/v2\/comments?post=25144"}],"version-history":[{"count":0,"href":"https:\/\/kodointernational.com\/de\/wp-json\/wp\/v2\/product\/25144\/revisions"}],"wp:featuredmedia":[{"embeddable":true,"href":"https:\/\/kodointernational.com\/de\/wp-json\/wp\/v2\/media\/25141"}],"wp:attachment":[{"href":"https:\/\/kodointernational.com\/de\/wp-json\/wp\/v2\/media?parent=25144"}],"wp:term":[{"taxonomy":"brand","embeddable":true,"href":"https:\/\/kodointernational.com\/de\/wp-json\/wp\/v2\/etheme_brands?post=25144"},{"taxonomy":"product_cat","embeddable":true,"href":"https:\/\/kodointernational.com\/de\/wp-json\/wp\/v2\/product_cat?post=25144"},{"taxonomy":"product_tag","embeddable":true,"href":"https:\/\/kodointernational.com\/de\/wp-json\/wp\/v2\/product_tag?post=25144"},{"taxonomy":"scent-family","embeddable":true,"href":"https:\/\/kodointernational.com\/de\/wp-json\/wp\/v2\/scent-family?post=25144"},{"taxonomy":"diffusion-area","embeddable":true,"href":"https:\/\/kodointernational.com\/de\/wp-json\/wp\/v2\/diffusion-area?post=25144"},{"taxonomy":"scent-intensity","embeddable":true,"href":"https:\/\/kodointernational.com\/de\/wp-json\/wp\/v2\/scent-intensity?post=25144"},{"taxonomy":"scent-recommendations","embeddable":true,"href":"https:\/\/kodointernational.com\/de\/wp-json\/wp\/v2\/scent-recommendations?post=25144"},{"taxonomy":"scent-pyramid","embeddable":true,"href":"https:\/\/kodointernational.com\/de\/wp-json\/wp\/v2\/scent-pyramid?post=25144"}],"curies":[{"name":"wp","href":"https:\/\/api.w.org\/{rel}","templated":true}]}}