{"id":23571,"date":"2024-04-08T15:45:53","date_gmt":"2024-04-08T08:45:53","guid":{"rendered":"https:\/\/kodointernational.com\/?post_type=product&#038;p=23571"},"modified":"2024-04-09T11:01:41","modified_gmt":"2024-04-09T04:01:41","slug":"arabische-nacht-parfumspray","status":"publish","type":"product","link":"https:\/\/kodointernational.com\/de\/produkt\/arabische-nacht-parfumspray\/","title":{"rendered":"Arabische Nacht Parf\u00fcmspray"},"content":{"rendered":"","protected":false},"excerpt":{"rendered":"<p><span data-sheets-root=\"1\" data-sheets-value=\"{&quot;1&quot;:2,&quot;2&quot;:&quot;Ein mystisches Abenteuer f\u00fchrt Sie in die L\u00e4nder des Ostens, wo jeder Tropfen Duft eine Geschichte \u00fcber Raffinesse und Klasse erz\u00e4hlt. Mit seinem einzigartigen Duft entfaltet sich die arabische Nacht mit dem s\u00fc\u00dfen Aroma von Rosen, wie bl\u00fchenden Blumen unter dem sanften Licht eines warmen Nachtgem\u00e4ldes&quot;}\" data-sheets-userformat=\"{&quot;2&quot;:384,&quot;10&quot;:0,&quot;11&quot;:4}\">Ein mystisches Abenteuer f\u00fchrt Sie in die L\u00e4nder des Ostens, wo jeder Tropfen Duft eine Geschichte \u00fcber Raffinesse und Klasse erz\u00e4hlt. Mit seinem einzigartigen Duft entfaltet sich die arabische Nacht mit dem s\u00fc\u00dfen Aroma von Rosen, wie bl\u00fchenden Blumen unter dem sanften Licht eines warmen Nachtgem\u00e4ldes<\/span><\/p>\n","protected":false},"featured_media":25363,"comment_status":"open","ping_status":"closed","template":"","meta":[],"etheme_brands":[],"product_cat":[831],"product_tag":[],"scent-family":[],"diffusion-area":[],"scent-intensity":[],"scent-recommendations":[],"scent-pyramid":[],"class_list":{"0":"post-23571","1":"product","2":"type-product","3":"status-publish","4":"has-post-thumbnail","6":"product_cat-parfuem-spray","8":"first","9":"instock","10":"shipping-taxable","11":"purchasable","12":"product-type-simple"},"acf":[],"_links":{"self":[{"href":"https:\/\/kodointernational.com\/de\/wp-json\/wp\/v2\/product\/23571","targetHints":{"allow":["GET"]}}],"collection":[{"href":"https:\/\/kodointernational.com\/de\/wp-json\/wp\/v2\/product"}],"about":[{"href":"https:\/\/kodointernational.com\/de\/wp-json\/wp\/v2\/types\/product"}],"replies":[{"embeddable":true,"href":"https:\/\/kodointernational.com\/de\/wp-json\/wp\/v2\/comments?post=23571"}],"version-history":[{"count":0,"href":"https:\/\/kodointernational.com\/de\/wp-json\/wp\/v2\/product\/23571\/revisions"}],"wp:featuredmedia":[{"embeddable":true,"href":"https:\/\/kodointernational.com\/de\/wp-json\/wp\/v2\/media\/25363"}],"wp:attachment":[{"href":"https:\/\/kodointernational.com\/de\/wp-json\/wp\/v2\/media?parent=23571"}],"wp:term":[{"taxonomy":"brand","embeddable":true,"href":"https:\/\/kodointernational.com\/de\/wp-json\/wp\/v2\/etheme_brands?post=23571"},{"taxonomy":"product_cat","embeddable":true,"href":"https:\/\/kodointernational.com\/de\/wp-json\/wp\/v2\/product_cat?post=23571"},{"taxonomy":"product_tag","embeddable":true,"href":"https:\/\/kodointernational.com\/de\/wp-json\/wp\/v2\/product_tag?post=23571"},{"taxonomy":"scent-family","embeddable":true,"href":"https:\/\/kodointernational.com\/de\/wp-json\/wp\/v2\/scent-family?post=23571"},{"taxonomy":"diffusion-area","embeddable":true,"href":"https:\/\/kodointernational.com\/de\/wp-json\/wp\/v2\/diffusion-area?post=23571"},{"taxonomy":"scent-intensity","embeddable":true,"href":"https:\/\/kodointernational.com\/de\/wp-json\/wp\/v2\/scent-intensity?post=23571"},{"taxonomy":"scent-recommendations","embeddable":true,"href":"https:\/\/kodointernational.com\/de\/wp-json\/wp\/v2\/scent-recommendations?post=23571"},{"taxonomy":"scent-pyramid","embeddable":true,"href":"https:\/\/kodointernational.com\/de\/wp-json\/wp\/v2\/scent-pyramid?post=23571"}],"curies":[{"name":"wp","href":"https:\/\/api.w.org\/{rel}","templated":true}]}}