{"id":23563,"date":"2024-04-08T15:41:53","date_gmt":"2024-04-08T08:41:53","guid":{"rendered":"https:\/\/kodointernational.com\/?post_type=product&#038;p=23563"},"modified":"2024-04-09T10:45:43","modified_gmt":"2024-04-09T03:45:43","slug":"der-kosmopolitische-parfumspray","status":"publish","type":"product","link":"https:\/\/kodointernational.com\/de\/produkt\/der-kosmopolitische-parfumspray\/","title":{"rendered":"Der kosmopolitische Parf\u00fcmspray"},"content":{"rendered":"","protected":false},"excerpt":{"rendered":"<p><span data-sheets-root=\"1\" data-sheets-value=\"{&quot;1&quot;:2,&quot;2&quot;:&quot;Ein eleganter und moderner Duft, wie die harmonische Mischung aus der K\u00fchlen der Kr\u00e4uter und der Vitalit\u00e4t verf\u00fchrerischer Blumen. Mit der raffinierten Kombination von schwarzem Pfeffer, Rosmarin, Eukalyptus, Anis, Lavendel und Lilac ist der Kosmopolitan eine Ikone der Frische und des zeitgen\u00f6ssischen Stils&quot;}\" data-sheets-userformat=\"{&quot;2&quot;:384,&quot;10&quot;:0,&quot;11&quot;:4}\">Ein eleganter und moderner Duft, wie die harmonische Mischung aus der K\u00fchlen der Kr\u00e4uter und der Vitalit\u00e4t verf\u00fchrerischer Blumen. Mit der raffinierten Kombination von schwarzem Pfeffer, Rosmarin, Eukalyptus, Anis, Lavendel und Lilac ist der Kosmopolitan eine Ikone der Frische und des zeitgen\u00f6ssischen Stils<\/span><\/p>\n","protected":false},"featured_media":25343,"comment_status":"open","ping_status":"closed","template":"","meta":[],"etheme_brands":[],"product_cat":[831],"product_tag":[],"scent-family":[],"diffusion-area":[],"scent-intensity":[],"scent-recommendations":[],"scent-pyramid":[],"class_list":{"0":"post-23563","1":"product","2":"type-product","3":"status-publish","4":"has-post-thumbnail","6":"product_cat-parfuem-spray","8":"first","9":"instock","10":"shipping-taxable","11":"purchasable","12":"product-type-simple"},"acf":[],"_links":{"self":[{"href":"https:\/\/kodointernational.com\/de\/wp-json\/wp\/v2\/product\/23563","targetHints":{"allow":["GET"]}}],"collection":[{"href":"https:\/\/kodointernational.com\/de\/wp-json\/wp\/v2\/product"}],"about":[{"href":"https:\/\/kodointernational.com\/de\/wp-json\/wp\/v2\/types\/product"}],"replies":[{"embeddable":true,"href":"https:\/\/kodointernational.com\/de\/wp-json\/wp\/v2\/comments?post=23563"}],"version-history":[{"count":0,"href":"https:\/\/kodointernational.com\/de\/wp-json\/wp\/v2\/product\/23563\/revisions"}],"wp:featuredmedia":[{"embeddable":true,"href":"https:\/\/kodointernational.com\/de\/wp-json\/wp\/v2\/media\/25343"}],"wp:attachment":[{"href":"https:\/\/kodointernational.com\/de\/wp-json\/wp\/v2\/media?parent=23563"}],"wp:term":[{"taxonomy":"brand","embeddable":true,"href":"https:\/\/kodointernational.com\/de\/wp-json\/wp\/v2\/etheme_brands?post=23563"},{"taxonomy":"product_cat","embeddable":true,"href":"https:\/\/kodointernational.com\/de\/wp-json\/wp\/v2\/product_cat?post=23563"},{"taxonomy":"product_tag","embeddable":true,"href":"https:\/\/kodointernational.com\/de\/wp-json\/wp\/v2\/product_tag?post=23563"},{"taxonomy":"scent-family","embeddable":true,"href":"https:\/\/kodointernational.com\/de\/wp-json\/wp\/v2\/scent-family?post=23563"},{"taxonomy":"diffusion-area","embeddable":true,"href":"https:\/\/kodointernational.com\/de\/wp-json\/wp\/v2\/diffusion-area?post=23563"},{"taxonomy":"scent-intensity","embeddable":true,"href":"https:\/\/kodointernational.com\/de\/wp-json\/wp\/v2\/scent-intensity?post=23563"},{"taxonomy":"scent-recommendations","embeddable":true,"href":"https:\/\/kodointernational.com\/de\/wp-json\/wp\/v2\/scent-recommendations?post=23563"},{"taxonomy":"scent-pyramid","embeddable":true,"href":"https:\/\/kodointernational.com\/de\/wp-json\/wp\/v2\/scent-pyramid?post=23563"}],"curies":[{"name":"wp","href":"https:\/\/api.w.org\/{rel}","templated":true}]}}