{"id":23559,"date":"2024-04-08T15:40:41","date_gmt":"2024-04-08T08:40:41","guid":{"rendered":"https:\/\/kodointernational.com\/?post_type=product&#038;p=23559"},"modified":"2024-04-09T10:05:45","modified_gmt":"2024-04-09T03:05:45","slug":"nachthimmel-parfumspray","status":"publish","type":"product","link":"https:\/\/kodointernational.com\/de\/produkt\/nachthimmel-parfumspray\/","title":{"rendered":"Nachthimmel Parf\u00fcmspray"},"content":{"rendered":"","protected":false},"excerpt":{"rendered":"<p><span data-sheets-root=\"1\" data-sheets-value=\"{&quot;1&quot;:2,&quot;2&quot;:&quot;Ein moderner und raffinierter Duft, wie die perfekte Kombination aus frischem gr\u00fcnen Tee und der stolzen Sch\u00f6nheit von verf\u00fchrerischen Blumen. Mit der zarten Mischung aus gr\u00fcnem Tee, cooler Tuberose, Pfingstrosen und Iris ist Night Sky eine mysteri\u00f6se olfaktorische Reise mit einem Unisex -Stil&quot;}\" data-sheets-userformat=\"{&quot;2&quot;:384,&quot;10&quot;:0,&quot;11&quot;:4}\">Ein moderner und raffinierter Duft, wie die perfekte Kombination aus frischem gr\u00fcnen Tee und der stolzen Sch\u00f6nheit von verf\u00fchrerischen Blumen. Mit der zarten Mischung aus gr\u00fcnem Tee, cooler Tuberose, Pfingstrosen und Iris ist Night Sky eine mysteri\u00f6se olfaktorische Reise mit einem Unisex -Stil<\/span><\/p>\n","protected":false},"featured_media":25338,"comment_status":"open","ping_status":"closed","template":"","meta":[],"etheme_brands":[],"product_cat":[831],"product_tag":[],"scent-family":[],"diffusion-area":[],"scent-intensity":[],"scent-recommendations":[],"scent-pyramid":[],"class_list":{"0":"post-23559","1":"product","2":"type-product","3":"status-publish","4":"has-post-thumbnail","6":"product_cat-parfuem-spray","8":"first","9":"instock","10":"shipping-taxable","11":"purchasable","12":"product-type-simple"},"acf":[],"_links":{"self":[{"href":"https:\/\/kodointernational.com\/de\/wp-json\/wp\/v2\/product\/23559","targetHints":{"allow":["GET"]}}],"collection":[{"href":"https:\/\/kodointernational.com\/de\/wp-json\/wp\/v2\/product"}],"about":[{"href":"https:\/\/kodointernational.com\/de\/wp-json\/wp\/v2\/types\/product"}],"replies":[{"embeddable":true,"href":"https:\/\/kodointernational.com\/de\/wp-json\/wp\/v2\/comments?post=23559"}],"version-history":[{"count":0,"href":"https:\/\/kodointernational.com\/de\/wp-json\/wp\/v2\/product\/23559\/revisions"}],"wp:featuredmedia":[{"embeddable":true,"href":"https:\/\/kodointernational.com\/de\/wp-json\/wp\/v2\/media\/25338"}],"wp:attachment":[{"href":"https:\/\/kodointernational.com\/de\/wp-json\/wp\/v2\/media?parent=23559"}],"wp:term":[{"taxonomy":"brand","embeddable":true,"href":"https:\/\/kodointernational.com\/de\/wp-json\/wp\/v2\/etheme_brands?post=23559"},{"taxonomy":"product_cat","embeddable":true,"href":"https:\/\/kodointernational.com\/de\/wp-json\/wp\/v2\/product_cat?post=23559"},{"taxonomy":"product_tag","embeddable":true,"href":"https:\/\/kodointernational.com\/de\/wp-json\/wp\/v2\/product_tag?post=23559"},{"taxonomy":"scent-family","embeddable":true,"href":"https:\/\/kodointernational.com\/de\/wp-json\/wp\/v2\/scent-family?post=23559"},{"taxonomy":"diffusion-area","embeddable":true,"href":"https:\/\/kodointernational.com\/de\/wp-json\/wp\/v2\/diffusion-area?post=23559"},{"taxonomy":"scent-intensity","embeddable":true,"href":"https:\/\/kodointernational.com\/de\/wp-json\/wp\/v2\/scent-intensity?post=23559"},{"taxonomy":"scent-recommendations","embeddable":true,"href":"https:\/\/kodointernational.com\/de\/wp-json\/wp\/v2\/scent-recommendations?post=23559"},{"taxonomy":"scent-pyramid","embeddable":true,"href":"https:\/\/kodointernational.com\/de\/wp-json\/wp\/v2\/scent-pyramid?post=23559"}],"curies":[{"name":"wp","href":"https:\/\/api.w.org\/{rel}","templated":true}]}}