{"id":23547,"date":"2024-04-08T15:32:53","date_gmt":"2024-04-08T08:32:53","guid":{"rendered":"https:\/\/kodointernational.com\/?post_type=product&#038;p=23547"},"modified":"2024-04-09T09:42:27","modified_gmt":"2024-04-09T02:42:27","slug":"gruener-tea-bergamotte-parfumspray","status":"publish","type":"product","link":"https:\/\/kodointernational.com\/de\/produkt\/gruener-tea-bergamotte-parfumspray\/","title":{"rendered":"Gr\u00fcner Tea Bergamotte Parf\u00fcmspray"},"content":{"rendered":"","protected":false},"excerpt":{"rendered":"<p><span data-sheets-root=\"1\" data-sheets-value=\"{&quot;1&quot;:2,&quot;2&quot;:&quot;Eine raffinierte Reise f\u00fchrt Sie in die Welt des reichlichen gr\u00fcnen Tee, wo sich der frische und sanfte Duft mit dem warmen Licht des Morgens verschmilzt. In Kombination mit Bergamotten, Grapefruit und Rose bringt es eine Atmosph\u00e4re \u00fcberf\u00fcllter Vitalit\u00e4t.&quot;}\" data-sheets-userformat=\"{&quot;2&quot;:384,&quot;10&quot;:0,&quot;11&quot;:4}\">Eine raffinierte Reise f\u00fchrt Sie in die Welt des reichlichen gr\u00fcnen Tee, wo sich der frische und sanfte Duft mit dem warmen Licht des Morgens verschmilzt. In Kombination mit Bergamotten, Grapefruit und Rose bringt es eine Atmosph\u00e4re \u00fcberf\u00fcllter Vitalit\u00e4t.<\/span><\/p>\n","protected":false},"featured_media":25323,"comment_status":"open","ping_status":"closed","template":"","meta":[],"etheme_brands":[],"product_cat":[831],"product_tag":[],"scent-family":[],"diffusion-area":[],"scent-intensity":[],"scent-recommendations":[],"scent-pyramid":[],"class_list":{"0":"post-23547","1":"product","2":"type-product","3":"status-publish","4":"has-post-thumbnail","6":"product_cat-parfuem-spray","8":"first","9":"instock","10":"shipping-taxable","11":"purchasable","12":"product-type-simple"},"acf":[],"_links":{"self":[{"href":"https:\/\/kodointernational.com\/de\/wp-json\/wp\/v2\/product\/23547","targetHints":{"allow":["GET"]}}],"collection":[{"href":"https:\/\/kodointernational.com\/de\/wp-json\/wp\/v2\/product"}],"about":[{"href":"https:\/\/kodointernational.com\/de\/wp-json\/wp\/v2\/types\/product"}],"replies":[{"embeddable":true,"href":"https:\/\/kodointernational.com\/de\/wp-json\/wp\/v2\/comments?post=23547"}],"version-history":[{"count":0,"href":"https:\/\/kodointernational.com\/de\/wp-json\/wp\/v2\/product\/23547\/revisions"}],"wp:featuredmedia":[{"embeddable":true,"href":"https:\/\/kodointernational.com\/de\/wp-json\/wp\/v2\/media\/25323"}],"wp:attachment":[{"href":"https:\/\/kodointernational.com\/de\/wp-json\/wp\/v2\/media?parent=23547"}],"wp:term":[{"taxonomy":"brand","embeddable":true,"href":"https:\/\/kodointernational.com\/de\/wp-json\/wp\/v2\/etheme_brands?post=23547"},{"taxonomy":"product_cat","embeddable":true,"href":"https:\/\/kodointernational.com\/de\/wp-json\/wp\/v2\/product_cat?post=23547"},{"taxonomy":"product_tag","embeddable":true,"href":"https:\/\/kodointernational.com\/de\/wp-json\/wp\/v2\/product_tag?post=23547"},{"taxonomy":"scent-family","embeddable":true,"href":"https:\/\/kodointernational.com\/de\/wp-json\/wp\/v2\/scent-family?post=23547"},{"taxonomy":"diffusion-area","embeddable":true,"href":"https:\/\/kodointernational.com\/de\/wp-json\/wp\/v2\/diffusion-area?post=23547"},{"taxonomy":"scent-intensity","embeddable":true,"href":"https:\/\/kodointernational.com\/de\/wp-json\/wp\/v2\/scent-intensity?post=23547"},{"taxonomy":"scent-recommendations","embeddable":true,"href":"https:\/\/kodointernational.com\/de\/wp-json\/wp\/v2\/scent-recommendations?post=23547"},{"taxonomy":"scent-pyramid","embeddable":true,"href":"https:\/\/kodointernational.com\/de\/wp-json\/wp\/v2\/scent-pyramid?post=23547"}],"curies":[{"name":"wp","href":"https:\/\/api.w.org\/{rel}","templated":true}]}}