{"id":23527,"date":"2024-04-08T15:23:17","date_gmt":"2024-04-08T08:23:17","guid":{"rendered":"https:\/\/kodointernational.com\/?post_type=product&#038;p=23527"},"modified":"2024-04-08T17:45:18","modified_gmt":"2024-04-08T10:45:18","slug":"vanilleholz-parfumspray","status":"publish","type":"product","link":"https:\/\/kodointernational.com\/de\/produkt\/vanilleholz-parfumspray\/","title":{"rendered":"Vanilleholz Parf\u00fcmspray"},"content":{"rendered":"","protected":false},"excerpt":{"rendered":"<p><span data-sheets-root=\"1\" data-sheets-value=\"{&quot;1&quot;:2,&quot;2&quot;:&quot;Eine Duftreise, die Sie in die warme und sanfte Welt von Holz und Vanille entf\u00fchrt, wie eine z\u00e4rtliche Umarmung im gem\u00fctlichen Kreis der Familie. Mit der subtilen Mischung aus Iris, Rose, Vanille, Amber und Moschus ist Vanilla Wood ein reichhaltiges und emotional eindringliches olfaktorisches Portr\u00e4t&quot;}\" data-sheets-userformat=\"{&quot;2&quot;:256,&quot;11&quot;:4}\" data-sheets-formula=\"=GOOGLETRANSLATE(R[0]C[-2],&quot;en&quot;,&quot;de&quot;)\">Eine Duftreise, die Sie in die warme und sanfte Welt von Holz und Vanille entf\u00fchrt, wie eine z\u00e4rtliche Umarmung im gem\u00fctlichen Kreis der Familie. Mit der subtilen Mischung aus Iris, Rose, Vanille, Amber und Moschus ist Vanilla Wood ein reichhaltiges und emotional eindringliches olfaktorisches Portr\u00e4t<\/span><\/p>\n","protected":false},"featured_media":25292,"comment_status":"open","ping_status":"closed","template":"","meta":[],"etheme_brands":[],"product_cat":[831],"product_tag":[],"scent-family":[],"diffusion-area":[],"scent-intensity":[],"scent-recommendations":[],"scent-pyramid":[],"class_list":{"0":"post-23527","1":"product","2":"type-product","3":"status-publish","4":"has-post-thumbnail","6":"product_cat-parfuem-spray","8":"first","9":"instock","10":"shipping-taxable","11":"purchasable","12":"product-type-simple"},"acf":[],"_links":{"self":[{"href":"https:\/\/kodointernational.com\/de\/wp-json\/wp\/v2\/product\/23527","targetHints":{"allow":["GET"]}}],"collection":[{"href":"https:\/\/kodointernational.com\/de\/wp-json\/wp\/v2\/product"}],"about":[{"href":"https:\/\/kodointernational.com\/de\/wp-json\/wp\/v2\/types\/product"}],"replies":[{"embeddable":true,"href":"https:\/\/kodointernational.com\/de\/wp-json\/wp\/v2\/comments?post=23527"}],"version-history":[{"count":0,"href":"https:\/\/kodointernational.com\/de\/wp-json\/wp\/v2\/product\/23527\/revisions"}],"wp:featuredmedia":[{"embeddable":true,"href":"https:\/\/kodointernational.com\/de\/wp-json\/wp\/v2\/media\/25292"}],"wp:attachment":[{"href":"https:\/\/kodointernational.com\/de\/wp-json\/wp\/v2\/media?parent=23527"}],"wp:term":[{"taxonomy":"brand","embeddable":true,"href":"https:\/\/kodointernational.com\/de\/wp-json\/wp\/v2\/etheme_brands?post=23527"},{"taxonomy":"product_cat","embeddable":true,"href":"https:\/\/kodointernational.com\/de\/wp-json\/wp\/v2\/product_cat?post=23527"},{"taxonomy":"product_tag","embeddable":true,"href":"https:\/\/kodointernational.com\/de\/wp-json\/wp\/v2\/product_tag?post=23527"},{"taxonomy":"scent-family","embeddable":true,"href":"https:\/\/kodointernational.com\/de\/wp-json\/wp\/v2\/scent-family?post=23527"},{"taxonomy":"diffusion-area","embeddable":true,"href":"https:\/\/kodointernational.com\/de\/wp-json\/wp\/v2\/diffusion-area?post=23527"},{"taxonomy":"scent-intensity","embeddable":true,"href":"https:\/\/kodointernational.com\/de\/wp-json\/wp\/v2\/scent-intensity?post=23527"},{"taxonomy":"scent-recommendations","embeddable":true,"href":"https:\/\/kodointernational.com\/de\/wp-json\/wp\/v2\/scent-recommendations?post=23527"},{"taxonomy":"scent-pyramid","embeddable":true,"href":"https:\/\/kodointernational.com\/de\/wp-json\/wp\/v2\/scent-pyramid?post=23527"}],"curies":[{"name":"wp","href":"https:\/\/api.w.org\/{rel}","templated":true}]}}