{"id":23411,"date":"2024-03-08T13:57:02","date_gmt":"2024-03-08T06:57:02","guid":{"rendered":"https:\/\/kodointernational.com\/?post_type=product&#038;p=23411"},"modified":"2024-03-08T16:16:57","modified_gmt":"2024-03-08T09:16:57","slug":"kodo-1000ac","status":"publish","type":"product","link":"https:\/\/kodointernational.com\/de\/produkt\/kodo-1000ac\/","title":{"rendered":"KODO 1000AC"},"content":{"rendered":"","protected":false},"excerpt":{"rendered":"<p>Der Kodo 1000AC, mit einer Diffusionsfl\u00e4che von bis zu 350m2, kombiniert verschiedene Technologien wie ION und App-Steuerung und ist somit f\u00fcr R\u00e4ume wie Empfangshallen, Gesch\u00e4fte, Sch\u00f6nheitssalons, Krankenh\u00e4user und mehr geeignet. Sein elegantes und luxuri\u00f6ses Erscheinungsbild erm\u00f6glicht eine einfache Integration in verschiedene R\u00e4ume und Designstile<\/p>\n","protected":false},"featured_media":26913,"comment_status":"open","ping_status":"closed","template":"","meta":[],"etheme_brands":[],"product_cat":[823,824],"product_tag":[],"scent-family":[],"diffusion-area":[],"scent-intensity":[],"scent-recommendations":[],"scent-pyramid":[],"class_list":{"0":"post-23411","1":"product","2":"type-product","3":"status-publish","4":"has-post-thumbnail","6":"product_cat-diffusor","7":"product_cat-professional-serie","8":"pa_kodo-model-310ac","9":"pa_kodo-model-1000ac","10":"pa_kodo-model-2100ac","12":"first","13":"instock","14":"featured","15":"shipping-taxable","16":"product-type-variable"},"acf":[],"_links":{"self":[{"href":"https:\/\/kodointernational.com\/de\/wp-json\/wp\/v2\/product\/23411","targetHints":{"allow":["GET"]}}],"collection":[{"href":"https:\/\/kodointernational.com\/de\/wp-json\/wp\/v2\/product"}],"about":[{"href":"https:\/\/kodointernational.com\/de\/wp-json\/wp\/v2\/types\/product"}],"replies":[{"embeddable":true,"href":"https:\/\/kodointernational.com\/de\/wp-json\/wp\/v2\/comments?post=23411"}],"version-history":[{"count":0,"href":"https:\/\/kodointernational.com\/de\/wp-json\/wp\/v2\/product\/23411\/revisions"}],"wp:featuredmedia":[{"embeddable":true,"href":"https:\/\/kodointernational.com\/de\/wp-json\/wp\/v2\/media\/26913"}],"wp:attachment":[{"href":"https:\/\/kodointernational.com\/de\/wp-json\/wp\/v2\/media?parent=23411"}],"wp:term":[{"taxonomy":"brand","embeddable":true,"href":"https:\/\/kodointernational.com\/de\/wp-json\/wp\/v2\/etheme_brands?post=23411"},{"taxonomy":"product_cat","embeddable":true,"href":"https:\/\/kodointernational.com\/de\/wp-json\/wp\/v2\/product_cat?post=23411"},{"taxonomy":"product_tag","embeddable":true,"href":"https:\/\/kodointernational.com\/de\/wp-json\/wp\/v2\/product_tag?post=23411"},{"taxonomy":"scent-family","embeddable":true,"href":"https:\/\/kodointernational.com\/de\/wp-json\/wp\/v2\/scent-family?post=23411"},{"taxonomy":"diffusion-area","embeddable":true,"href":"https:\/\/kodointernational.com\/de\/wp-json\/wp\/v2\/diffusion-area?post=23411"},{"taxonomy":"scent-intensity","embeddable":true,"href":"https:\/\/kodointernational.com\/de\/wp-json\/wp\/v2\/scent-intensity?post=23411"},{"taxonomy":"scent-recommendations","embeddable":true,"href":"https:\/\/kodointernational.com\/de\/wp-json\/wp\/v2\/scent-recommendations?post=23411"},{"taxonomy":"scent-pyramid","embeddable":true,"href":"https:\/\/kodointernational.com\/de\/wp-json\/wp\/v2\/scent-pyramid?post=23411"}],"curies":[{"name":"wp","href":"https:\/\/api.w.org\/{rel}","templated":true}]}}