{"id":19038,"date":"2023-02-27T03:39:22","date_gmt":"2023-02-26T20:39:22","guid":{"rendered":"https:\/\/kodointernational.com\/product\/himalayagras-ingwer\/"},"modified":"2023-02-27T03:39:22","modified_gmt":"2023-02-26T20:39:22","slug":"himalayagras-ingwer","status":"publish","type":"product","link":"https:\/\/kodointernational.com\/de\/produkt\/himalayagras-ingwer\/","title":{"rendered":"Himalayagras &amp; Ingwer"},"content":{"rendered":"","protected":false},"excerpt":{"rendered":"<p><span data-sheets-value=\"{\"1\":2,\"2\":\"H\u01b0\u01a1ng th\u01a1m c\u1ee7a Himalaya Grass and Ginger k\u1ebft h\u1ee3p gi\u1eefa s\u1ef1 t\u01b0\u01a1i m\u00e1t c\u1ee7a chanh s\u1ea3 v\u00e0 s\u1ef1 \u1ea5m \u00e1p c\u1ee7a g\u1eebng. \u0110\u00e2y l\u00e0 m\u1ed9t h\u01b0\u01a1ng th\u01a1m \u0111\u1ed9c \u0111\u00e1o v\u00e0 phong ph\u00fa, mang \u0111\u1ebfn m\u1ed9t tr\u1ea3i nghi\u1ec7m h\u01b0\u01a1ng th\u01a1m \u0111\u1ea7y h\u1ee9ng kh\u1edfi v\u00e0 s\u1ea3ng kho\u00e1i\"}\" data-sheets-userformat=\"{\"2\":769,\"3\":{\"1\":0},\"11\":4,\"12\":0}\">Das Aroma von Himalayagras und Ingwer vereint die Frische von Zitronengras, Zitrone und die W\u00e4rme von Ingwer. Dies ist ein einzigartiger und reichhaltiger Duft, der ein berauschendes und erfrischendes Dufterlebnis bietet<\/span><\/p>\n","protected":false},"featured_media":24411,"comment_status":"open","ping_status":"closed","template":"","meta":[],"etheme_brands":[],"product_cat":[869],"product_tag":[],"scent-family":[877],"diffusion-area":[],"scent-intensity":[911],"scent-recommendations":[925,931,927],"scent-pyramid":[],"class_list":{"0":"post-19038","1":"product","2":"type-product","3":"status-publish","4":"has-post-thumbnail","6":"product_cat-essense-kollektion","7":"pa_dung-tich-10ml","8":"pa_dung-tich-50ml","9":"pa_dung-tich-110ml","10":"pa_dung-tich-500ml","11":"scent-family-spicy-de","12":"scent-intensity-strong-de","13":"scent-recommendations-bank-de","14":"scent-recommendations-krankenhaus-de","15":"scent-recommendations-spa-de","17":"first","18":"instock","19":"shipping-taxable","20":"purchasable","21":"product-type-simple"},"acf":[],"_links":{"self":[{"href":"https:\/\/kodointernational.com\/de\/wp-json\/wp\/v2\/product\/19038","targetHints":{"allow":["GET"]}}],"collection":[{"href":"https:\/\/kodointernational.com\/de\/wp-json\/wp\/v2\/product"}],"about":[{"href":"https:\/\/kodointernational.com\/de\/wp-json\/wp\/v2\/types\/product"}],"replies":[{"embeddable":true,"href":"https:\/\/kodointernational.com\/de\/wp-json\/wp\/v2\/comments?post=19038"}],"version-history":[{"count":0,"href":"https:\/\/kodointernational.com\/de\/wp-json\/wp\/v2\/product\/19038\/revisions"}],"wp:featuredmedia":[{"embeddable":true,"href":"https:\/\/kodointernational.com\/de\/wp-json\/wp\/v2\/media\/24411"}],"wp:attachment":[{"href":"https:\/\/kodointernational.com\/de\/wp-json\/wp\/v2\/media?parent=19038"}],"wp:term":[{"taxonomy":"brand","embeddable":true,"href":"https:\/\/kodointernational.com\/de\/wp-json\/wp\/v2\/etheme_brands?post=19038"},{"taxonomy":"product_cat","embeddable":true,"href":"https:\/\/kodointernational.com\/de\/wp-json\/wp\/v2\/product_cat?post=19038"},{"taxonomy":"product_tag","embeddable":true,"href":"https:\/\/kodointernational.com\/de\/wp-json\/wp\/v2\/product_tag?post=19038"},{"taxonomy":"scent-family","embeddable":true,"href":"https:\/\/kodointernational.com\/de\/wp-json\/wp\/v2\/scent-family?post=19038"},{"taxonomy":"diffusion-area","embeddable":true,"href":"https:\/\/kodointernational.com\/de\/wp-json\/wp\/v2\/diffusion-area?post=19038"},{"taxonomy":"scent-intensity","embeddable":true,"href":"https:\/\/kodointernational.com\/de\/wp-json\/wp\/v2\/scent-intensity?post=19038"},{"taxonomy":"scent-recommendations","embeddable":true,"href":"https:\/\/kodointernational.com\/de\/wp-json\/wp\/v2\/scent-recommendations?post=19038"},{"taxonomy":"scent-pyramid","embeddable":true,"href":"https:\/\/kodointernational.com\/de\/wp-json\/wp\/v2\/scent-pyramid?post=19038"}],"curies":[{"name":"wp","href":"https:\/\/api.w.org\/{rel}","templated":true}]}}