{"id":19015,"date":"2023-02-27T04:06:11","date_gmt":"2023-02-26T21:06:11","guid":{"rendered":"https:\/\/kodointernational.com\/product\/mond-lavendel\/"},"modified":"2023-02-27T04:06:11","modified_gmt":"2023-02-26T21:06:11","slug":"mond-lavendel","status":"publish","type":"product","link":"https:\/\/kodointernational.com\/de\/produkt\/mond-lavendel\/","title":{"rendered":"Mond Lavendel"},"content":{"rendered":"","protected":false},"excerpt":{"rendered":"<p><span data-sheets-value=\"{\"1\":2,\"2\":\"H\u01b0\u01a1ng th\u01a1m c\u1ee7a X\u1ea1 h\u01b0\u01a1ng mang l\u1ea1i s\u1ef1 nam t\u00ednh v\u00e0 cu\u1ed1n h\u00fat, trong khi O\u1ea3i h\u01b0\u01a1ng v\u00e0 \u0110inh h\u01b0\u01a1ng mang l\u1ea1i m\u1ed9t m\u00f9i h\u01b0\u01a1ng ng\u1ecdt ng\u00e0o v\u00e0 tinh t\u1ebf. S\u1ef1 k\u1ebft h\u1ee3p c\u1ee7a c\u00e1c th\u00e0nh ph\u1ea7n n\u00e0y t\u1ea1o n\u00ean m\u1ed9t m\u00f9i h\u01b0\u01a1ng \u0111\u1ed9c \u0111\u00e1o \"}\" data-sheets-userformat=\"{\"2\":769,\"3\":{\"1\":0},\"11\":4,\"12\":0}\">Das Aroma von Moschus verleiht M\u00e4nnlichkeit und Attraktivit\u00e4t, w\u00e4hrend Lavendel und Nelke einen s\u00fc\u00dfen und zarten Duft verleihen. Die Kombination dieser Inhaltsstoffe sorgt f\u00fcr einen einzigartigen Duft.<\/span><\/p>\n","protected":false},"featured_media":24393,"comment_status":"open","ping_status":"closed","template":"","meta":[],"etheme_brands":[],"product_cat":[869],"product_tag":[],"scent-family":[879],"diffusion-area":[],"scent-intensity":[907],"scent-recommendations":[925,931,927],"scent-pyramid":[],"class_list":{"0":"post-19015","1":"product","2":"type-product","3":"status-publish","4":"has-post-thumbnail","6":"product_cat-essense-kollektion","7":"pa_dung-tich-10ml","8":"pa_dung-tich-50ml","9":"pa_dung-tich-110ml","10":"pa_dung-tich-500ml","11":"scent-family-relax-de","12":"scent-intensity-light-de","13":"scent-recommendations-bank-de","14":"scent-recommendations-krankenhaus-de","15":"scent-recommendations-spa-de","17":"first","18":"instock","19":"shipping-taxable","20":"purchasable","21":"product-type-simple"},"acf":[],"_links":{"self":[{"href":"https:\/\/kodointernational.com\/de\/wp-json\/wp\/v2\/product\/19015","targetHints":{"allow":["GET"]}}],"collection":[{"href":"https:\/\/kodointernational.com\/de\/wp-json\/wp\/v2\/product"}],"about":[{"href":"https:\/\/kodointernational.com\/de\/wp-json\/wp\/v2\/types\/product"}],"replies":[{"embeddable":true,"href":"https:\/\/kodointernational.com\/de\/wp-json\/wp\/v2\/comments?post=19015"}],"version-history":[{"count":0,"href":"https:\/\/kodointernational.com\/de\/wp-json\/wp\/v2\/product\/19015\/revisions"}],"wp:featuredmedia":[{"embeddable":true,"href":"https:\/\/kodointernational.com\/de\/wp-json\/wp\/v2\/media\/24393"}],"wp:attachment":[{"href":"https:\/\/kodointernational.com\/de\/wp-json\/wp\/v2\/media?parent=19015"}],"wp:term":[{"taxonomy":"brand","embeddable":true,"href":"https:\/\/kodointernational.com\/de\/wp-json\/wp\/v2\/etheme_brands?post=19015"},{"taxonomy":"product_cat","embeddable":true,"href":"https:\/\/kodointernational.com\/de\/wp-json\/wp\/v2\/product_cat?post=19015"},{"taxonomy":"product_tag","embeddable":true,"href":"https:\/\/kodointernational.com\/de\/wp-json\/wp\/v2\/product_tag?post=19015"},{"taxonomy":"scent-family","embeddable":true,"href":"https:\/\/kodointernational.com\/de\/wp-json\/wp\/v2\/scent-family?post=19015"},{"taxonomy":"diffusion-area","embeddable":true,"href":"https:\/\/kodointernational.com\/de\/wp-json\/wp\/v2\/diffusion-area?post=19015"},{"taxonomy":"scent-intensity","embeddable":true,"href":"https:\/\/kodointernational.com\/de\/wp-json\/wp\/v2\/scent-intensity?post=19015"},{"taxonomy":"scent-recommendations","embeddable":true,"href":"https:\/\/kodointernational.com\/de\/wp-json\/wp\/v2\/scent-recommendations?post=19015"},{"taxonomy":"scent-pyramid","embeddable":true,"href":"https:\/\/kodointernational.com\/de\/wp-json\/wp\/v2\/scent-pyramid?post=19015"}],"curies":[{"name":"wp","href":"https:\/\/api.w.org\/{rel}","templated":true}]}}