{"id":18994,"date":"2023-02-27T11:35:04","date_gmt":"2023-02-27T04:35:04","guid":{"rendered":"https:\/\/kodointernational.com\/product\/bergtee\/"},"modified":"2023-02-27T04:35:04","modified_gmt":"2023-02-26T21:35:04","slug":"bergtee","status":"publish","type":"product","link":"https:\/\/kodointernational.com\/de\/produkt\/bergtee\/","title":{"rendered":"Bergtee"},"content":{"rendered":"","protected":false},"excerpt":{"rendered":"<p><span data-sheets-value=\"{\"1\":2,\"2\":\"H\u01b0\u01a1ng th\u01a1m t\u1eeb X\u1ea1 h\u01b0\u01a1ng mang l\u1ea1i s\u1ef1 \u1ea5m \u00e1p v\u00e0 h\u1ea5p d\u1eabn, trong khi chanh s\u1ea3 v\u00e0 cam Bergamot mang l\u1ea1i m\u1ed9t m\u00f9i h\u01b0\u01a1ng t\u01b0\u01a1i m\u00e1t v\u00e0 th\u00fa v\u1ecb. S\u1ef1 k\u1ebft h\u1ee3p c\u1ee7a c\u00e1c th\u00e0nh ph\u1ea7n n\u00e0y t\u1ea1o n\u00ean m\u1ed9t m\u00f9i h\u01b0\u01a1ng \u0111\u1ed9c \u0111\u00e1o v\u00e0 h\u1ea5p d\u1eabn. M\u00f9i h\u01b0\u01a1ng c\u1ee7a Mountain Tea mang \u0111\u1ebfn c\u1ea3m th\u1ea5y t\u01b0\u01a1i m\u1edbi v\u00e0 n\u0103ng \u0111\u1ed9ng, mang l\u1ea1i c\u1ea3m gi\u00e1c th\u01b0 gi\u00e3n v\u00e0 gi\u1ea3m c\u0103ng th\u1eb3ng sau m\u1ed9t ng\u00e0y l\u00e0m vi\u1ec7c m\u1ec7t nh\u1ecdc.\\n\\n\"}\" data-sheets-userformat=\"{\"2\":769,\"3\":{\"1\":0},\"11\":4,\"12\":0}\">Das Aroma von Moschus verleiht W\u00e4rme und Anziehungskraft, w\u00e4hrend Zitronengras und Bergamotte-Orange einen erfrischenden und interessanten Duft verleihen. Die Kombination dieser Inhaltsstoffe sorgt f\u00fcr einen einzigartigen und attraktiven Duft. Der Duft von Bergtee f\u00fchlt sich frisch und aktiv an, bringt ein Gef\u00fchl der Entspannung und baut Stress nach einem anstrengenden Arbeitstag ab.<\/span><\/p>\n<p>&nbsp;<\/p>\n","protected":false},"featured_media":24375,"comment_status":"open","ping_status":"closed","template":"","meta":[],"etheme_brands":[],"product_cat":[869],"product_tag":[],"scent-family":[881],"diffusion-area":[],"scent-intensity":[909],"scent-recommendations":[925,917,929],"scent-pyramid":[],"class_list":{"0":"post-18994","1":"product","2":"type-product","3":"status-publish","4":"has-post-thumbnail","6":"product_cat-essense-kollektion","7":"pa_dung-tich-10ml","8":"pa_dung-tich-50ml","9":"pa_dung-tich-110ml","10":"pa_dung-tich-500ml","11":"scent-family-fresh-de","12":"scent-intensity-medium-de","13":"scent-recommendations-bank-de","14":"scent-recommendations-office-de","15":"scent-recommendations-fitnessstudio-de","17":"first","18":"instock","19":"shipping-taxable","20":"purchasable","21":"product-type-simple"},"acf":[],"_links":{"self":[{"href":"https:\/\/kodointernational.com\/de\/wp-json\/wp\/v2\/product\/18994","targetHints":{"allow":["GET"]}}],"collection":[{"href":"https:\/\/kodointernational.com\/de\/wp-json\/wp\/v2\/product"}],"about":[{"href":"https:\/\/kodointernational.com\/de\/wp-json\/wp\/v2\/types\/product"}],"replies":[{"embeddable":true,"href":"https:\/\/kodointernational.com\/de\/wp-json\/wp\/v2\/comments?post=18994"}],"version-history":[{"count":0,"href":"https:\/\/kodointernational.com\/de\/wp-json\/wp\/v2\/product\/18994\/revisions"}],"wp:featuredmedia":[{"embeddable":true,"href":"https:\/\/kodointernational.com\/de\/wp-json\/wp\/v2\/media\/24375"}],"wp:attachment":[{"href":"https:\/\/kodointernational.com\/de\/wp-json\/wp\/v2\/media?parent=18994"}],"wp:term":[{"taxonomy":"brand","embeddable":true,"href":"https:\/\/kodointernational.com\/de\/wp-json\/wp\/v2\/etheme_brands?post=18994"},{"taxonomy":"product_cat","embeddable":true,"href":"https:\/\/kodointernational.com\/de\/wp-json\/wp\/v2\/product_cat?post=18994"},{"taxonomy":"product_tag","embeddable":true,"href":"https:\/\/kodointernational.com\/de\/wp-json\/wp\/v2\/product_tag?post=18994"},{"taxonomy":"scent-family","embeddable":true,"href":"https:\/\/kodointernational.com\/de\/wp-json\/wp\/v2\/scent-family?post=18994"},{"taxonomy":"diffusion-area","embeddable":true,"href":"https:\/\/kodointernational.com\/de\/wp-json\/wp\/v2\/diffusion-area?post=18994"},{"taxonomy":"scent-intensity","embeddable":true,"href":"https:\/\/kodointernational.com\/de\/wp-json\/wp\/v2\/scent-intensity?post=18994"},{"taxonomy":"scent-recommendations","embeddable":true,"href":"https:\/\/kodointernational.com\/de\/wp-json\/wp\/v2\/scent-recommendations?post=18994"},{"taxonomy":"scent-pyramid","embeddable":true,"href":"https:\/\/kodointernational.com\/de\/wp-json\/wp\/v2\/scent-pyramid?post=18994"}],"curies":[{"name":"wp","href":"https:\/\/api.w.org\/{rel}","templated":true}]}}