{"id":18993,"date":"2023-01-12T04:26:51","date_gmt":"2023-01-11T21:26:51","guid":{"rendered":"https:\/\/kodointernational.com\/product\/kodo-310ac-1000ac-2100ac\/"},"modified":"2023-11-07T15:31:14","modified_gmt":"2023-11-07T08:31:14","slug":"kodo-310ac-1000ac-2100ac","status":"publish","type":"product","link":"https:\/\/kodointernational.com\/de\/produkt\/kodo-310ac-1000ac-2100ac\/","title":{"rendered":"KODO 310AC\/1000AC\/2100AC"},"content":{"rendered":"","protected":false},"excerpt":{"rendered":"<p>Spezialisierte Spr\u00fchger\u00e4te f\u00fcr \u00e4therische \u00d6le f\u00fcr R\u00e4ume wie Geb\u00e4udelobbys, Gesch\u00e4fte, Sch\u00f6nheitssalons, Krankenh\u00e4user ,&#8230;. Das elegante und luxuri\u00f6se Erscheinungsbild der Maschine macht es einfach, sie mit vielen verschiedenen R\u00e4umen und Designstilen zu kombinieren.<\/p>\n","protected":false},"featured_media":27126,"comment_status":"open","ping_status":"closed","template":"","meta":[],"etheme_brands":[],"product_cat":[823,824],"product_tag":[],"scent-family":[],"diffusion-area":[905,901,903],"scent-intensity":[],"scent-recommendations":[],"scent-pyramid":[],"class_list":{"0":"post-18993","1":"product","2":"type-product","3":"status-publish","4":"has-post-thumbnail","6":"product_cat-diffusor","7":"product_cat-professional-serie","8":"pa_kodo-model-310ac","9":"pa_kodo-model-1000ac","10":"pa_kodo-model-2100ac","11":"diffusion-area-500m2-2-de","12":"diffusion-area-200m2-2-de","13":"diffusion-area-500m2-de","15":"first","16":"instock","17":"featured","18":"shipping-taxable","19":"product-type-variable"},"acf":[],"_links":{"self":[{"href":"https:\/\/kodointernational.com\/de\/wp-json\/wp\/v2\/product\/18993","targetHints":{"allow":["GET"]}}],"collection":[{"href":"https:\/\/kodointernational.com\/de\/wp-json\/wp\/v2\/product"}],"about":[{"href":"https:\/\/kodointernational.com\/de\/wp-json\/wp\/v2\/types\/product"}],"replies":[{"embeddable":true,"href":"https:\/\/kodointernational.com\/de\/wp-json\/wp\/v2\/comments?post=18993"}],"version-history":[{"count":0,"href":"https:\/\/kodointernational.com\/de\/wp-json\/wp\/v2\/product\/18993\/revisions"}],"wp:featuredmedia":[{"embeddable":true,"href":"https:\/\/kodointernational.com\/de\/wp-json\/wp\/v2\/media\/27126"}],"wp:attachment":[{"href":"https:\/\/kodointernational.com\/de\/wp-json\/wp\/v2\/media?parent=18993"}],"wp:term":[{"taxonomy":"brand","embeddable":true,"href":"https:\/\/kodointernational.com\/de\/wp-json\/wp\/v2\/etheme_brands?post=18993"},{"taxonomy":"product_cat","embeddable":true,"href":"https:\/\/kodointernational.com\/de\/wp-json\/wp\/v2\/product_cat?post=18993"},{"taxonomy":"product_tag","embeddable":true,"href":"https:\/\/kodointernational.com\/de\/wp-json\/wp\/v2\/product_tag?post=18993"},{"taxonomy":"scent-family","embeddable":true,"href":"https:\/\/kodointernational.com\/de\/wp-json\/wp\/v2\/scent-family?post=18993"},{"taxonomy":"diffusion-area","embeddable":true,"href":"https:\/\/kodointernational.com\/de\/wp-json\/wp\/v2\/diffusion-area?post=18993"},{"taxonomy":"scent-intensity","embeddable":true,"href":"https:\/\/kodointernational.com\/de\/wp-json\/wp\/v2\/scent-intensity?post=18993"},{"taxonomy":"scent-recommendations","embeddable":true,"href":"https:\/\/kodointernational.com\/de\/wp-json\/wp\/v2\/scent-recommendations?post=18993"},{"taxonomy":"scent-pyramid","embeddable":true,"href":"https:\/\/kodointernational.com\/de\/wp-json\/wp\/v2\/scent-pyramid?post=18993"}],"curies":[{"name":"wp","href":"https:\/\/api.w.org\/{rel}","templated":true}]}}