{"id":18973,"date":"2023-02-27T04:52:01","date_gmt":"2023-02-26T21:52:01","guid":{"rendered":"https:\/\/kodointernational.com\/product\/blauer-ozean\/"},"modified":"2023-02-27T04:52:01","modified_gmt":"2023-02-26T21:52:01","slug":"blauer-ozean","status":"publish","type":"product","link":"https:\/\/kodointernational.com\/de\/produkt\/blauer-ozean\/","title":{"rendered":"Blauer Ozean"},"content":{"rendered":"","protected":false},"excerpt":{"rendered":"<p><span data-sheets-value=\"{\"1\":2,\"2\":\"V\u1edbi t\u1ea7ng h\u01b0\u01a1ng \u0111\u1ea7u t\u1eeb cam t\u1ea1o s\u1ef1 t\u01b0\u01a1i m\u00e1t kh\u1edfi \u0111\u1ea7u m\u1ed9t ng\u00e0y m\u1edbi tr\u00e0n \u0111\u1ea7y n\u0103ng l\u01b0\u1ee3ng. \u1ede t\u1ea7ng h\u01b0\u01a1ng gi\u1eefa l\u00e0 s\u1ef1 k\u1ebft h\u1ee3p h\u00e0i ho\u00e0 gi\u1eefa h\u01b0\u01a1ng hoa h\u1ed3ng, c\u00e2y irit v\u00e0 hoa nh\u00e0i. Hoa h\u1ed3ng mang l\u1ea1i m\u1ed9t m\u00f9i h\u01b0\u01a1ng tinh t\u1ebf, quy\u1ebfn r\u0169 v\u00e0 n\u1eef t\u00ednh. C\u00e2y irit \u0111em \u0111\u1ebfn c\u1ea3m gi\u00e1c thanh l\u1ecbch, qu\u00fd ph\u00e1i v\u00e0 c\u0169ng c\u00f3 t\u00e1c d\u1ee5ng l\u00e0m d\u1ecbu v\u00e0 th\u01b0 gi\u00e3n.Hoa nh\u00e0i gi\u00fap ng\u01b0\u1eddi d\u00f9ng c\u1ea3m nh\u1eadn \u0111\u01b0\u1ee3c s\u1ef1 quy\u1ebfn r\u0169, ng\u1ecdt ng\u00e0o v\u00e0 t\u01b0\u01a1i m\u1edbi. Khi k\u1ebft h\u1ee3p v\u1edbi nhau, nh\u1eefng m\u00f9i h\u01b0\u01a1ng n\u00e0y t\u1ea1o ra m\u1ed9t m\u00f9i h\u01b0\u01a1ng tinh t\u1ebf, quy\u1ebfn r\u0169 v\u00e0 n\u1eef t\u00ednh. H\u01b0\u01a1ng cu\u1ed1i \u0111\u01b0\u1ee3c c\u1ea5u t\u1ea1o t\u1eeb tinh d\u1ea7u c\u00e2y tuy\u1ebft t\u00f9ng, h\u1ed5 ph\u00e1ch v\u00e0 x\u1ea1 h\u01b0\u01a1ng. \u0110\u00e2y \u0111\u1ec1u l\u00e0 nh\u1eefng nh\u00f3m h\u01b0\u01a1ng \u1ea5m, h\u1ea5p d\u1eabn v\u00e0 \u0111\u1ea7y s\u1ee9c s\u1ed1ng.\"}\" data-sheets-userformat=\"{\"2\":769,\"3\":{\"1\":0},\"11\":4,\"12\":0}\">Mit dem ersten Weihrauch aus Orange sorgt Frische, starten Sie voller Energie in einen neuen Tag. In der mittleren Schicht befindet sich eine harmonische Kombination aus Rosen-, Irit- und Jasminaromen. Rosen verleihen einen zarten, verf\u00fchrerischen und femininen Duft. Die Irit-Pflanze vermittelt ein Gef\u00fchl von Eleganz, Noblesse und hat auch eine beruhigende und entspannende Wirkung. Jasmin hilft den Nutzern, den Charme, die S\u00fc\u00dfe und die Frische zu sp\u00fcren. In Kombination ergeben diese D\u00fcfte einen zarten, verf\u00fchrerischen und femininen Duft. Der abschlie\u00dfende Weihrauch besteht aus \u00e4therischen \u00d6len aus Zedernholz, Bernstein und Moschus. Dies sind alles warme, attraktive und lebendige R\u00e4uchergruppen.<\/span><\/p>\n","protected":false},"featured_media":24358,"comment_status":"open","ping_status":"closed","template":"","meta":[],"etheme_brands":[],"product_cat":[869],"product_tag":[],"scent-family":[881],"diffusion-area":[],"scent-intensity":[909],"scent-recommendations":[917,929,923],"scent-pyramid":[],"class_list":{"0":"post-18973","1":"product","2":"type-product","3":"status-publish","4":"has-post-thumbnail","6":"product_cat-essense-kollektion","7":"pa_dung-tich-10ml","8":"pa_dung-tich-50ml","9":"pa_dung-tich-110ml","10":"pa_dung-tich-500ml","11":"scent-family-fresh-de","12":"scent-intensity-medium-de","13":"scent-recommendations-office-de","14":"scent-recommendations-fitnessstudio-de","15":"scent-recommendations-fashion-shop-de","17":"first","18":"instock","19":"shipping-taxable","20":"purchasable","21":"product-type-simple"},"acf":[],"_links":{"self":[{"href":"https:\/\/kodointernational.com\/de\/wp-json\/wp\/v2\/product\/18973","targetHints":{"allow":["GET"]}}],"collection":[{"href":"https:\/\/kodointernational.com\/de\/wp-json\/wp\/v2\/product"}],"about":[{"href":"https:\/\/kodointernational.com\/de\/wp-json\/wp\/v2\/types\/product"}],"replies":[{"embeddable":true,"href":"https:\/\/kodointernational.com\/de\/wp-json\/wp\/v2\/comments?post=18973"}],"version-history":[{"count":0,"href":"https:\/\/kodointernational.com\/de\/wp-json\/wp\/v2\/product\/18973\/revisions"}],"wp:featuredmedia":[{"embeddable":true,"href":"https:\/\/kodointernational.com\/de\/wp-json\/wp\/v2\/media\/24358"}],"wp:attachment":[{"href":"https:\/\/kodointernational.com\/de\/wp-json\/wp\/v2\/media?parent=18973"}],"wp:term":[{"taxonomy":"brand","embeddable":true,"href":"https:\/\/kodointernational.com\/de\/wp-json\/wp\/v2\/etheme_brands?post=18973"},{"taxonomy":"product_cat","embeddable":true,"href":"https:\/\/kodointernational.com\/de\/wp-json\/wp\/v2\/product_cat?post=18973"},{"taxonomy":"product_tag","embeddable":true,"href":"https:\/\/kodointernational.com\/de\/wp-json\/wp\/v2\/product_tag?post=18973"},{"taxonomy":"scent-family","embeddable":true,"href":"https:\/\/kodointernational.com\/de\/wp-json\/wp\/v2\/scent-family?post=18973"},{"taxonomy":"diffusion-area","embeddable":true,"href":"https:\/\/kodointernational.com\/de\/wp-json\/wp\/v2\/diffusion-area?post=18973"},{"taxonomy":"scent-intensity","embeddable":true,"href":"https:\/\/kodointernational.com\/de\/wp-json\/wp\/v2\/scent-intensity?post=18973"},{"taxonomy":"scent-recommendations","embeddable":true,"href":"https:\/\/kodointernational.com\/de\/wp-json\/wp\/v2\/scent-recommendations?post=18973"},{"taxonomy":"scent-pyramid","embeddable":true,"href":"https:\/\/kodointernational.com\/de\/wp-json\/wp\/v2\/scent-pyramid?post=18973"}],"curies":[{"name":"wp","href":"https:\/\/api.w.org\/{rel}","templated":true}]}}