{"id":18928,"date":"2023-02-27T15:07:16","date_gmt":"2023-02-27T08:07:16","guid":{"rendered":"https:\/\/kodointernational.com\/product\/weisse-seerose\/"},"modified":"2024-08-01T15:34:43","modified_gmt":"2024-08-01T08:34:43","slug":"weisse-seerose","status":"publish","type":"product","link":"https:\/\/kodointernational.com\/de\/produkt\/weisse-seerose\/","title":{"rendered":"Wei\u00dfe Seerose"},"content":{"rendered":"<p>&nbsp;<\/p>\n<div id=\"tango-element-highlighter\" style=\"--tango-highlighter-background-color: transparent; --tango-highlighter-color: #FF7442; width: 496px; height: 76px;\"><\/div>\n","protected":false},"excerpt":{"rendered":"<p style=\"text-align: justify;\"><span style=\"font-size: 12pt;\">Das \u00e4therische \u00d6l des wei\u00dfen Lotus hat einen Duft zwischen Lotus und Rose, der eine wunderbare Kombination aus frischen und s\u00fc\u00dfen Blumenaromen schafft. Lotus bietet Reinheit, w\u00e4hrend der Duft der Rose S\u00fc\u00dfe und Charme bietet. In Kombination entsteht ein Duft zwischen zart und hypnotisierend.<\/span><\/p>\n<div id=\"tango-element-highlighter\" style=\"--tango-highlighter-background-color: transparent; --tango-highlighter-color: #FF7442;\"><\/div>\n","protected":false},"featured_media":24160,"comment_status":"open","ping_status":"closed","template":"","meta":[],"etheme_brands":[],"product_cat":[868],"product_tag":[],"scent-family":[875],"diffusion-area":[],"scent-intensity":[909],"scent-recommendations":[],"scent-pyramid":[],"class_list":{"0":"post-18928","1":"product","2":"type-product","3":"status-publish","4":"has-post-thumbnail","6":"product_cat-classic-kollektion","7":"pa_dung-tich-10ml","8":"pa_dung-tich-50ml","9":"pa_dung-tich-110ml","10":"pa_dung-tich-500ml","11":"scent-family-floral-de","12":"scent-intensity-medium-de","14":"first","15":"instock","16":"shipping-taxable","17":"purchasable","18":"product-type-simple"},"acf":[],"_links":{"self":[{"href":"https:\/\/kodointernational.com\/de\/wp-json\/wp\/v2\/product\/18928","targetHints":{"allow":["GET"]}}],"collection":[{"href":"https:\/\/kodointernational.com\/de\/wp-json\/wp\/v2\/product"}],"about":[{"href":"https:\/\/kodointernational.com\/de\/wp-json\/wp\/v2\/types\/product"}],"replies":[{"embeddable":true,"href":"https:\/\/kodointernational.com\/de\/wp-json\/wp\/v2\/comments?post=18928"}],"version-history":[{"count":0,"href":"https:\/\/kodointernational.com\/de\/wp-json\/wp\/v2\/product\/18928\/revisions"}],"wp:featuredmedia":[{"embeddable":true,"href":"https:\/\/kodointernational.com\/de\/wp-json\/wp\/v2\/media\/24160"}],"wp:attachment":[{"href":"https:\/\/kodointernational.com\/de\/wp-json\/wp\/v2\/media?parent=18928"}],"wp:term":[{"taxonomy":"brand","embeddable":true,"href":"https:\/\/kodointernational.com\/de\/wp-json\/wp\/v2\/etheme_brands?post=18928"},{"taxonomy":"product_cat","embeddable":true,"href":"https:\/\/kodointernational.com\/de\/wp-json\/wp\/v2\/product_cat?post=18928"},{"taxonomy":"product_tag","embeddable":true,"href":"https:\/\/kodointernational.com\/de\/wp-json\/wp\/v2\/product_tag?post=18928"},{"taxonomy":"scent-family","embeddable":true,"href":"https:\/\/kodointernational.com\/de\/wp-json\/wp\/v2\/scent-family?post=18928"},{"taxonomy":"diffusion-area","embeddable":true,"href":"https:\/\/kodointernational.com\/de\/wp-json\/wp\/v2\/diffusion-area?post=18928"},{"taxonomy":"scent-intensity","embeddable":true,"href":"https:\/\/kodointernational.com\/de\/wp-json\/wp\/v2\/scent-intensity?post=18928"},{"taxonomy":"scent-recommendations","embeddable":true,"href":"https:\/\/kodointernational.com\/de\/wp-json\/wp\/v2\/scent-recommendations?post=18928"},{"taxonomy":"scent-pyramid","embeddable":true,"href":"https:\/\/kodointernational.com\/de\/wp-json\/wp\/v2\/scent-pyramid?post=18928"}],"curies":[{"name":"wp","href":"https:\/\/api.w.org\/{rel}","templated":true}]}}