{"id":18897,"date":"2023-02-27T06:23:45","date_gmt":"2023-02-26T23:23:45","guid":{"rendered":"https:\/\/kodointernational.com\/product\/wilder-bambus\/"},"modified":"2023-02-27T06:23:45","modified_gmt":"2023-02-26T23:23:45","slug":"wilder-bambus","status":"publish","type":"product","link":"https:\/\/kodointernational.com\/de\/produkt\/wilder-bambus\/","title":{"rendered":"Wilder Bambus"},"content":{"rendered":"","protected":false},"excerpt":{"rendered":"<p><span data-sheets-value=\"{\"1\":2,\"2\":\"H\u01b0\u01a1ng \u0111\u1ea7u cam s\u1ebd mang l\u1ea1i c\u1ea3m gi\u00e1c s\u1ea3ng kho\u00e1i, t\u01b0\u01a1i m\u00e1t v\u00e0 s\u1ef1 c\u00e2n b\u1eb1ng cho h\u01b0\u01a1ng th\u01a1m. H\u01b0\u01a1ng gi\u1eefa hoa h\u1ed3ng s\u1ebd t\u1ea1o ra m\u1ed9t h\u01b0\u01a1ng th\u01a1m hoa c\u1ecf ng\u1ecdt ng\u00e0o, n\u1eef t\u00ednh v\u00e0 tinh t\u1ebf.T\u1ea7ng h\u01b0\u01a1ng cu\u1ed1i Orange Blossom s\u1ebd l\u00e0m t\u0103ng th\u00eam s\u1ef1 ng\u1ecdt ng\u00e0o, n\u1ed3ng n\u00e0n v\u00e0 \u0111\u1ea7y quy\u1ebfn r\u0169 cho h\u01b0\u01a1ng th\u01a1m\"}\" data-sheets-userformat=\"{\"2\":769,\"3\":{\"1\":0},\"11\":4,\"12\":0}\">Das Orangenkopfaroma verleiht dem Aroma ein Gef\u00fchl von Erfrischung, Frische und Ausgeglichenheit. Der Weihrauch zwischen den Rosen erzeugt einen s\u00fc\u00dfen, femininen und zarten blumigen Duft. Die letzte Schicht der Orangenbl\u00fcte verleiht dem Duft S\u00fc\u00dfe, Leidenschaft und Charme<\/span><\/p>\n","protected":false},"featured_media":24340,"comment_status":"open","ping_status":"closed","template":"","meta":[],"etheme_brands":[],"product_cat":[869],"product_tag":[],"scent-family":[881],"diffusion-area":[],"scent-intensity":[909],"scent-recommendations":[917,929],"scent-pyramid":[],"class_list":{"0":"post-18897","1":"product","2":"type-product","3":"status-publish","4":"has-post-thumbnail","6":"product_cat-essense-kollektion","7":"pa_dung-tich-10ml","8":"pa_dung-tich-50ml","9":"pa_dung-tich-110ml","10":"pa_dung-tich-500ml","11":"scent-family-fresh-de","12":"scent-intensity-medium-de","13":"scent-recommendations-office-de","14":"scent-recommendations-fitnessstudio-de","16":"first","17":"instock","18":"shipping-taxable","19":"purchasable","20":"product-type-simple"},"acf":[],"_links":{"self":[{"href":"https:\/\/kodointernational.com\/de\/wp-json\/wp\/v2\/product\/18897","targetHints":{"allow":["GET"]}}],"collection":[{"href":"https:\/\/kodointernational.com\/de\/wp-json\/wp\/v2\/product"}],"about":[{"href":"https:\/\/kodointernational.com\/de\/wp-json\/wp\/v2\/types\/product"}],"replies":[{"embeddable":true,"href":"https:\/\/kodointernational.com\/de\/wp-json\/wp\/v2\/comments?post=18897"}],"version-history":[{"count":0,"href":"https:\/\/kodointernational.com\/de\/wp-json\/wp\/v2\/product\/18897\/revisions"}],"wp:featuredmedia":[{"embeddable":true,"href":"https:\/\/kodointernational.com\/de\/wp-json\/wp\/v2\/media\/24340"}],"wp:attachment":[{"href":"https:\/\/kodointernational.com\/de\/wp-json\/wp\/v2\/media?parent=18897"}],"wp:term":[{"taxonomy":"brand","embeddable":true,"href":"https:\/\/kodointernational.com\/de\/wp-json\/wp\/v2\/etheme_brands?post=18897"},{"taxonomy":"product_cat","embeddable":true,"href":"https:\/\/kodointernational.com\/de\/wp-json\/wp\/v2\/product_cat?post=18897"},{"taxonomy":"product_tag","embeddable":true,"href":"https:\/\/kodointernational.com\/de\/wp-json\/wp\/v2\/product_tag?post=18897"},{"taxonomy":"scent-family","embeddable":true,"href":"https:\/\/kodointernational.com\/de\/wp-json\/wp\/v2\/scent-family?post=18897"},{"taxonomy":"diffusion-area","embeddable":true,"href":"https:\/\/kodointernational.com\/de\/wp-json\/wp\/v2\/diffusion-area?post=18897"},{"taxonomy":"scent-intensity","embeddable":true,"href":"https:\/\/kodointernational.com\/de\/wp-json\/wp\/v2\/scent-intensity?post=18897"},{"taxonomy":"scent-recommendations","embeddable":true,"href":"https:\/\/kodointernational.com\/de\/wp-json\/wp\/v2\/scent-recommendations?post=18897"},{"taxonomy":"scent-pyramid","embeddable":true,"href":"https:\/\/kodointernational.com\/de\/wp-json\/wp\/v2\/scent-pyramid?post=18897"}],"curies":[{"name":"wp","href":"https:\/\/api.w.org\/{rel}","templated":true}]}}