{"id":18820,"date":"2023-02-27T13:52:59","date_gmt":"2023-02-27T06:52:59","guid":{"rendered":"https:\/\/kodointernational.com\/product\/osmanthus-bluete\/"},"modified":"2023-02-27T13:52:59","modified_gmt":"2023-02-27T06:52:59","slug":"osmanthus-bluete","status":"publish","type":"product","link":"https:\/\/kodointernational.com\/de\/produkt\/osmanthus-bluete\/","title":{"rendered":"Osmanthus-Bl\u00fcte"},"content":{"rendered":"<p>&nbsp;<\/p>\n<div id=\"tango-element-highlighter\" style=\"--tango-highlighter-background-color: transparent; --tango-highlighter-color: #FF7442; width: 496px; height: 76px;\"><\/div>\n","protected":false},"excerpt":{"rendered":"<p style=\"text-align: justify;\"><span style=\"font-size: 12pt;\">Das \u00e4therische \u00d6l der Osmanthusbl\u00fcte enth\u00e4lt Inhaltsstoffe aus Myrtenbl\u00fcten, einer Blume, die in Asien im Herbst bl\u00fcht. Der Duft vermittelt ein Gef\u00fchl von Frische, S\u00fc\u00dfe, Charme und Komplexit\u00e4t. Dieser Duft steigert das Gef\u00fchl der Erregung und erzeugt ein Gef\u00fchl von F\u00fclle und Charisma. Insbesondere reduziert es auch Stress und Angstzust\u00e4nde, hilft bei der Entspannung und verbessert die Stimmung.<\/span><\/p>\n<div id=\"tango-element-highlighter\" style=\"--tango-highlighter-background-color: transparent; --tango-highlighter-color: #FF7442; text-align: justify;\"><\/div>\n","protected":false},"featured_media":24250,"comment_status":"open","ping_status":"closed","template":"","meta":[],"etheme_brands":[],"product_cat":[868],"product_tag":[],"scent-family":[875],"diffusion-area":[],"scent-intensity":[909],"scent-recommendations":[921,923],"scent-pyramid":[],"class_list":{"0":"post-18820","1":"product","2":"type-product","3":"status-publish","4":"has-post-thumbnail","6":"product_cat-classic-kollektion","7":"pa_dung-tich-10ml","8":"pa_dung-tich-50ml","9":"pa_dung-tich-110ml","10":"pa_dung-tich-500ml","11":"scent-family-floral-de","12":"scent-intensity-medium-de","13":"scent-recommendations-ausstellungsraum-de","14":"scent-recommendations-fashion-shop-de","16":"first","17":"instock","18":"shipping-taxable","19":"purchasable","20":"product-type-simple"},"acf":[],"_links":{"self":[{"href":"https:\/\/kodointernational.com\/de\/wp-json\/wp\/v2\/product\/18820","targetHints":{"allow":["GET"]}}],"collection":[{"href":"https:\/\/kodointernational.com\/de\/wp-json\/wp\/v2\/product"}],"about":[{"href":"https:\/\/kodointernational.com\/de\/wp-json\/wp\/v2\/types\/product"}],"replies":[{"embeddable":true,"href":"https:\/\/kodointernational.com\/de\/wp-json\/wp\/v2\/comments?post=18820"}],"version-history":[{"count":0,"href":"https:\/\/kodointernational.com\/de\/wp-json\/wp\/v2\/product\/18820\/revisions"}],"wp:featuredmedia":[{"embeddable":true,"href":"https:\/\/kodointernational.com\/de\/wp-json\/wp\/v2\/media\/24250"}],"wp:attachment":[{"href":"https:\/\/kodointernational.com\/de\/wp-json\/wp\/v2\/media?parent=18820"}],"wp:term":[{"taxonomy":"brand","embeddable":true,"href":"https:\/\/kodointernational.com\/de\/wp-json\/wp\/v2\/etheme_brands?post=18820"},{"taxonomy":"product_cat","embeddable":true,"href":"https:\/\/kodointernational.com\/de\/wp-json\/wp\/v2\/product_cat?post=18820"},{"taxonomy":"product_tag","embeddable":true,"href":"https:\/\/kodointernational.com\/de\/wp-json\/wp\/v2\/product_tag?post=18820"},{"taxonomy":"scent-family","embeddable":true,"href":"https:\/\/kodointernational.com\/de\/wp-json\/wp\/v2\/scent-family?post=18820"},{"taxonomy":"diffusion-area","embeddable":true,"href":"https:\/\/kodointernational.com\/de\/wp-json\/wp\/v2\/diffusion-area?post=18820"},{"taxonomy":"scent-intensity","embeddable":true,"href":"https:\/\/kodointernational.com\/de\/wp-json\/wp\/v2\/scent-intensity?post=18820"},{"taxonomy":"scent-recommendations","embeddable":true,"href":"https:\/\/kodointernational.com\/de\/wp-json\/wp\/v2\/scent-recommendations?post=18820"},{"taxonomy":"scent-pyramid","embeddable":true,"href":"https:\/\/kodointernational.com\/de\/wp-json\/wp\/v2\/scent-pyramid?post=18820"}],"curies":[{"name":"wp","href":"https:\/\/api.w.org\/{rel}","templated":true}]}}