{"id":18783,"date":"2023-02-28T02:35:33","date_gmt":"2023-02-27T19:35:33","guid":{"rendered":"https:\/\/kodointernational.com\/product\/orangefarbenes-gras\/"},"modified":"2023-02-28T02:35:33","modified_gmt":"2023-02-27T19:35:33","slug":"orangefarbenes-gras","status":"publish","type":"product","link":"https:\/\/kodointernational.com\/de\/produkt\/orangefarbenes-gras\/","title":{"rendered":"Orangefarbenes Gras"},"content":{"rendered":"","protected":false},"excerpt":{"rendered":"<p><span data-sheets-value=\"{\"1\":2,\"2\":\"Gi\u1ea5c M\u1ed9ng \u00cam D\u1ecbu N\u1ebfu b\u1ea1n \u0111ang t\u00ecm ki\u1ebfm m\u1ed9t m\u00f9i h\u01b0\u01a1ng c\u00f3 th\u1ec3 mang l\u1ea1i s\u1ef1 b\u00ecnh y\u00ean cho kh\u00f4ng gian c\u1ee7a m\u00ecnh, th\u00ec Orange Grass l\u00e0 l\u1ef1a ch\u1ecdn l\u00fd t\u01b0\u1edfng.Lo\u1ea1i tinh d\u1ea7u n\u00e0y \u0111\u01b0\u1ee3c ch\u01b0ng c\u1ea5t k\u1ebft h\u1ee3p t\u1eeb th\u1ef1c v\u1eadt l\u00e0 cam Brazil, hoa cam v\u00e0 chanh s\u1ea3. \u0110\u00f3 l\u00e0 c\u00e1c h\u1ee3p ch\u1ea5t \u0111\u00e3 \u0111\u01b0\u1ee3c ch\u1ee9ng minh trong nghi\u00ean c\u1ee9u \u0111\u1ec3 \u0111i\u1ec1u ho\u00e0 huy\u1ebft \u00e1p, l\u00e0m gi\u1ea3m c\u00e1c tri\u1ec7u ch\u1ee9ng c\u0103ng th\u1eb3ng.\"}\" data-sheets-userformat=\"{\"2\":769,\"3\":{\"1\":0},\"11\":4,\"12\":0}\">Wenn Sie auf der Suche nach einem Duft sind, der Ruhe in Ihren Raum bringen kann, dann ist Orange Grass die ideale Wahl. Dieses \u00e4therische \u00d6l wird aus Pflanzen wie brasilianischer Orange, Orangenbl\u00fcte und Zitronengras destilliert. Dies sind Verbindungen, von denen in der Forschung gezeigt wurde, dass sie den Blutdruck regulieren und Stresssymptome reduzieren.<\/span><\/p>\n","protected":false},"featured_media":18812,"comment_status":"open","ping_status":"closed","template":"","meta":[],"etheme_brands":[],"product_cat":[866],"product_tag":[],"scent-family":[881],"diffusion-area":[],"scent-intensity":[911],"scent-recommendations":[917,931,927],"scent-pyramid":[],"class_list":{"0":"post-18783","1":"product","2":"type-product","3":"status-publish","4":"has-post-thumbnail","6":"product_cat-natuerliche-kollektion","7":"pa_dung-tich-10ml","8":"pa_dung-tich-50ml","9":"pa_dung-tich-110ml","10":"pa_dung-tich-500ml","11":"scent-family-fresh-de","12":"scent-intensity-strong-de","13":"scent-recommendations-office-de","14":"scent-recommendations-krankenhaus-de","15":"scent-recommendations-spa-de","17":"first","18":"instock","19":"shipping-taxable","20":"purchasable","21":"product-type-simple"},"acf":[],"_links":{"self":[{"href":"https:\/\/kodointernational.com\/de\/wp-json\/wp\/v2\/product\/18783","targetHints":{"allow":["GET"]}}],"collection":[{"href":"https:\/\/kodointernational.com\/de\/wp-json\/wp\/v2\/product"}],"about":[{"href":"https:\/\/kodointernational.com\/de\/wp-json\/wp\/v2\/types\/product"}],"replies":[{"embeddable":true,"href":"https:\/\/kodointernational.com\/de\/wp-json\/wp\/v2\/comments?post=18783"}],"version-history":[{"count":0,"href":"https:\/\/kodointernational.com\/de\/wp-json\/wp\/v2\/product\/18783\/revisions"}],"wp:featuredmedia":[{"embeddable":true,"href":"https:\/\/kodointernational.com\/de\/wp-json\/wp\/v2\/media\/18812"}],"wp:attachment":[{"href":"https:\/\/kodointernational.com\/de\/wp-json\/wp\/v2\/media?parent=18783"}],"wp:term":[{"taxonomy":"brand","embeddable":true,"href":"https:\/\/kodointernational.com\/de\/wp-json\/wp\/v2\/etheme_brands?post=18783"},{"taxonomy":"product_cat","embeddable":true,"href":"https:\/\/kodointernational.com\/de\/wp-json\/wp\/v2\/product_cat?post=18783"},{"taxonomy":"product_tag","embeddable":true,"href":"https:\/\/kodointernational.com\/de\/wp-json\/wp\/v2\/product_tag?post=18783"},{"taxonomy":"scent-family","embeddable":true,"href":"https:\/\/kodointernational.com\/de\/wp-json\/wp\/v2\/scent-family?post=18783"},{"taxonomy":"diffusion-area","embeddable":true,"href":"https:\/\/kodointernational.com\/de\/wp-json\/wp\/v2\/diffusion-area?post=18783"},{"taxonomy":"scent-intensity","embeddable":true,"href":"https:\/\/kodointernational.com\/de\/wp-json\/wp\/v2\/scent-intensity?post=18783"},{"taxonomy":"scent-recommendations","embeddable":true,"href":"https:\/\/kodointernational.com\/de\/wp-json\/wp\/v2\/scent-recommendations?post=18783"},{"taxonomy":"scent-pyramid","embeddable":true,"href":"https:\/\/kodointernational.com\/de\/wp-json\/wp\/v2\/scent-pyramid?post=18783"}],"curies":[{"name":"wp","href":"https:\/\/api.w.org\/{rel}","templated":true}]}}