{"id":18781,"date":"2023-02-28T09:22:42","date_gmt":"2023-02-28T02:22:42","guid":{"rendered":"https:\/\/kodointernational.com\/product\/wilde-blume\/"},"modified":"2024-08-01T17:56:45","modified_gmt":"2024-08-01T10:56:45","slug":"wilde-blume","status":"publish","type":"product","link":"https:\/\/kodointernational.com\/de\/produkt\/wilde-blume\/","title":{"rendered":"Wilde Blume"},"content":{"rendered":"","protected":false},"excerpt":{"rendered":"<p>Das \u00e4therische \u00d6l der Wildblume verleiht dem Duft Charme und Sinnlichkeit und kreiert einen blumigen Duft voller Weiblichkeit und Zartheit. \u00c4therische \u00d6le bringen auch W\u00e4rme und erinnern mit einem Hauch von klassischen Holznoten, was dazu beitr\u00e4gt, einen beruhigenden und luxuri\u00f6sen Duft zu erzeugen.<\/p>\n<div id=\"tango-element-highlighter\" style=\"--tango-highlighter-background-color: transparent; --tango-highlighter-color: #FF7442;\"><\/div>\n","protected":false},"featured_media":23894,"comment_status":"open","ping_status":"closed","template":"","meta":[],"etheme_brands":[],"product_cat":[864],"product_tag":[],"scent-family":[875],"diffusion-area":[],"scent-intensity":[909],"scent-recommendations":[925,919,931,923],"scent-pyramid":[],"class_list":{"0":"post-18781","1":"product","2":"type-product","3":"status-publish","4":"has-post-thumbnail","6":"product_cat-schwarze-kollektion","7":"scent-family-floral-de","8":"scent-intensity-medium-de","9":"scent-recommendations-bank-de","10":"scent-recommendations-einkaufszentrum-de","11":"scent-recommendations-krankenhaus-de","12":"scent-recommendations-fashion-shop-de","14":"first","15":"instock","16":"shipping-taxable","17":"purchasable","18":"product-type-simple"},"acf":[],"_links":{"self":[{"href":"https:\/\/kodointernational.com\/de\/wp-json\/wp\/v2\/product\/18781","targetHints":{"allow":["GET"]}}],"collection":[{"href":"https:\/\/kodointernational.com\/de\/wp-json\/wp\/v2\/product"}],"about":[{"href":"https:\/\/kodointernational.com\/de\/wp-json\/wp\/v2\/types\/product"}],"replies":[{"embeddable":true,"href":"https:\/\/kodointernational.com\/de\/wp-json\/wp\/v2\/comments?post=18781"}],"version-history":[{"count":0,"href":"https:\/\/kodointernational.com\/de\/wp-json\/wp\/v2\/product\/18781\/revisions"}],"wp:featuredmedia":[{"embeddable":true,"href":"https:\/\/kodointernational.com\/de\/wp-json\/wp\/v2\/media\/23894"}],"wp:attachment":[{"href":"https:\/\/kodointernational.com\/de\/wp-json\/wp\/v2\/media?parent=18781"}],"wp:term":[{"taxonomy":"brand","embeddable":true,"href":"https:\/\/kodointernational.com\/de\/wp-json\/wp\/v2\/etheme_brands?post=18781"},{"taxonomy":"product_cat","embeddable":true,"href":"https:\/\/kodointernational.com\/de\/wp-json\/wp\/v2\/product_cat?post=18781"},{"taxonomy":"product_tag","embeddable":true,"href":"https:\/\/kodointernational.com\/de\/wp-json\/wp\/v2\/product_tag?post=18781"},{"taxonomy":"scent-family","embeddable":true,"href":"https:\/\/kodointernational.com\/de\/wp-json\/wp\/v2\/scent-family?post=18781"},{"taxonomy":"diffusion-area","embeddable":true,"href":"https:\/\/kodointernational.com\/de\/wp-json\/wp\/v2\/diffusion-area?post=18781"},{"taxonomy":"scent-intensity","embeddable":true,"href":"https:\/\/kodointernational.com\/de\/wp-json\/wp\/v2\/scent-intensity?post=18781"},{"taxonomy":"scent-recommendations","embeddable":true,"href":"https:\/\/kodointernational.com\/de\/wp-json\/wp\/v2\/scent-recommendations?post=18781"},{"taxonomy":"scent-pyramid","embeddable":true,"href":"https:\/\/kodointernational.com\/de\/wp-json\/wp\/v2\/scent-pyramid?post=18781"}],"curies":[{"name":"wp","href":"https:\/\/api.w.org\/{rel}","templated":true}]}}