{"id":18737,"date":"2023-02-28T09:22:59","date_gmt":"2023-02-28T02:22:59","guid":{"rendered":"https:\/\/kodointernational.com\/product\/kodo-30-lux\/"},"modified":"2024-09-11T17:41:30","modified_gmt":"2024-09-11T10:41:30","slug":"kodo-30-lux","status":"publish","type":"product","link":"https:\/\/kodointernational.com\/de\/produkt\/kodo-30-lux\/","title":{"rendered":"KODO 30 LUX"},"content":{"rendered":"","protected":false},"excerpt":{"rendered":"<p>Die spezialisierte Duftmaschine eignet sich f\u00fcr R\u00e4ume wie Wohnzimmer, Familienzimmer, ganze Wohnungen oder gro\u00dfe Schlafzimmer. Die Maschine hat ein markantes Design mit zwei Metallkanten auf beiden Seiten, die sowohl luxuri\u00f6s aussehen als auch langlebig sind.<\/p>\n","protected":false},"featured_media":27024,"comment_status":"open","ping_status":"closed","template":"","meta":[],"etheme_brands":[],"product_cat":[823,832],"product_tag":[],"scent-family":[],"diffusion-area":[999],"scent-intensity":[],"scent-recommendations":[],"scent-pyramid":[],"class_list":{"0":"post-18737","1":"product","2":"type-product","3":"status-publish","4":"has-post-thumbnail","6":"product_cat-diffusor","7":"product_cat-home-serie","8":"pa_kodo-model-310ac","9":"pa_kodo-model-1000ac","10":"pa_kodo-model-2100ac","11":"diffusion-area-30m2-de","13":"first","14":"instock","15":"shipping-taxable","16":"purchasable","17":"product-type-simple"},"acf":[],"_links":{"self":[{"href":"https:\/\/kodointernational.com\/de\/wp-json\/wp\/v2\/product\/18737","targetHints":{"allow":["GET"]}}],"collection":[{"href":"https:\/\/kodointernational.com\/de\/wp-json\/wp\/v2\/product"}],"about":[{"href":"https:\/\/kodointernational.com\/de\/wp-json\/wp\/v2\/types\/product"}],"replies":[{"embeddable":true,"href":"https:\/\/kodointernational.com\/de\/wp-json\/wp\/v2\/comments?post=18737"}],"version-history":[{"count":0,"href":"https:\/\/kodointernational.com\/de\/wp-json\/wp\/v2\/product\/18737\/revisions"}],"wp:featuredmedia":[{"embeddable":true,"href":"https:\/\/kodointernational.com\/de\/wp-json\/wp\/v2\/media\/27024"}],"wp:attachment":[{"href":"https:\/\/kodointernational.com\/de\/wp-json\/wp\/v2\/media?parent=18737"}],"wp:term":[{"taxonomy":"brand","embeddable":true,"href":"https:\/\/kodointernational.com\/de\/wp-json\/wp\/v2\/etheme_brands?post=18737"},{"taxonomy":"product_cat","embeddable":true,"href":"https:\/\/kodointernational.com\/de\/wp-json\/wp\/v2\/product_cat?post=18737"},{"taxonomy":"product_tag","embeddable":true,"href":"https:\/\/kodointernational.com\/de\/wp-json\/wp\/v2\/product_tag?post=18737"},{"taxonomy":"scent-family","embeddable":true,"href":"https:\/\/kodointernational.com\/de\/wp-json\/wp\/v2\/scent-family?post=18737"},{"taxonomy":"diffusion-area","embeddable":true,"href":"https:\/\/kodointernational.com\/de\/wp-json\/wp\/v2\/diffusion-area?post=18737"},{"taxonomy":"scent-intensity","embeddable":true,"href":"https:\/\/kodointernational.com\/de\/wp-json\/wp\/v2\/scent-intensity?post=18737"},{"taxonomy":"scent-recommendations","embeddable":true,"href":"https:\/\/kodointernational.com\/de\/wp-json\/wp\/v2\/scent-recommendations?post=18737"},{"taxonomy":"scent-pyramid","embeddable":true,"href":"https:\/\/kodointernational.com\/de\/wp-json\/wp\/v2\/scent-pyramid?post=18737"}],"curies":[{"name":"wp","href":"https:\/\/api.w.org\/{rel}","templated":true}]}}