{"id":18711,"date":"2023-02-28T03:06:54","date_gmt":"2023-02-27T20:06:54","guid":{"rendered":"https:\/\/kodointernational.com\/product\/zitrusbluete\/"},"modified":"2023-02-28T03:06:54","modified_gmt":"2023-02-27T20:06:54","slug":"zitrusbluete","status":"publish","type":"product","link":"https:\/\/kodointernational.com\/de\/produkt\/zitrusbluete\/","title":{"rendered":"Zitrusbl\u00fcte"},"content":{"rendered":"","protected":false},"excerpt":{"rendered":"<p><span data-sheets-value=\"{\"1\":2,\"2\":\"H\u01b0\u01a1ng th\u01a1m Citrus Bloom mang \u0111\u1ebfn m\u1ed9t tr\u1ea3i nghi\u1ec7m t\u01b0\u01a1i m\u00e1t, s\u1ed1ng \u0111\u1ed9ng v\u00e0 tinh t\u1ebf nh\u01b0 b\u00f4ng hoa cam qu\u00fdt. \u0110\u00e2y l\u00e0 m\u1ed9t h\u01b0\u01a1ng th\u01a1m r\u1ea1ng r\u1ee1 v\u00e0 tr\u00e0n \u0111\u1ea7y s\u1ee9c s\u1ed1ng, t\u1ea1o n\u00ean m\u1ed9t c\u1ea3m gi\u00e1c t\u01b0\u01a1i m\u1edbi v\u00e0 ph\u1ea5n kh\u00edch\"}\" data-sheets-userformat=\"{\"2\":769,\"3\":{\"1\":0},\"11\":4,\"12\":0}\">Der Duft Citrus Bloom bietet ein frisches, lebendiges und zartes Erlebnis wie eine Zitrusbl\u00fcte. Dies ist ein Duft, der strahlend und voller Leben ist und ein Gef\u00fchl von Frische und Aufregung erzeugt<\/span><\/p>\n","protected":false},"featured_media":18719,"comment_status":"open","ping_status":"closed","template":"","meta":[],"etheme_brands":[],"product_cat":[866],"product_tag":[],"scent-family":[875],"diffusion-area":[],"scent-intensity":[909],"scent-recommendations":[917,929,931,927],"scent-pyramid":[],"class_list":{"0":"post-18711","1":"product","2":"type-product","3":"status-publish","4":"has-post-thumbnail","6":"product_cat-natuerliche-kollektion","7":"pa_dung-tich-10ml","8":"pa_dung-tich-50ml","9":"pa_dung-tich-110ml","10":"pa_dung-tich-500ml","11":"scent-family-floral-de","12":"scent-intensity-medium-de","13":"scent-recommendations-office-de","14":"scent-recommendations-fitnessstudio-de","15":"scent-recommendations-krankenhaus-de","16":"scent-recommendations-spa-de","18":"first","19":"instock","20":"shipping-taxable","21":"purchasable","22":"product-type-simple"},"acf":[],"_links":{"self":[{"href":"https:\/\/kodointernational.com\/de\/wp-json\/wp\/v2\/product\/18711","targetHints":{"allow":["GET"]}}],"collection":[{"href":"https:\/\/kodointernational.com\/de\/wp-json\/wp\/v2\/product"}],"about":[{"href":"https:\/\/kodointernational.com\/de\/wp-json\/wp\/v2\/types\/product"}],"replies":[{"embeddable":true,"href":"https:\/\/kodointernational.com\/de\/wp-json\/wp\/v2\/comments?post=18711"}],"version-history":[{"count":0,"href":"https:\/\/kodointernational.com\/de\/wp-json\/wp\/v2\/product\/18711\/revisions"}],"wp:featuredmedia":[{"embeddable":true,"href":"https:\/\/kodointernational.com\/de\/wp-json\/wp\/v2\/media\/18719"}],"wp:attachment":[{"href":"https:\/\/kodointernational.com\/de\/wp-json\/wp\/v2\/media?parent=18711"}],"wp:term":[{"taxonomy":"brand","embeddable":true,"href":"https:\/\/kodointernational.com\/de\/wp-json\/wp\/v2\/etheme_brands?post=18711"},{"taxonomy":"product_cat","embeddable":true,"href":"https:\/\/kodointernational.com\/de\/wp-json\/wp\/v2\/product_cat?post=18711"},{"taxonomy":"product_tag","embeddable":true,"href":"https:\/\/kodointernational.com\/de\/wp-json\/wp\/v2\/product_tag?post=18711"},{"taxonomy":"scent-family","embeddable":true,"href":"https:\/\/kodointernational.com\/de\/wp-json\/wp\/v2\/scent-family?post=18711"},{"taxonomy":"diffusion-area","embeddable":true,"href":"https:\/\/kodointernational.com\/de\/wp-json\/wp\/v2\/diffusion-area?post=18711"},{"taxonomy":"scent-intensity","embeddable":true,"href":"https:\/\/kodointernational.com\/de\/wp-json\/wp\/v2\/scent-intensity?post=18711"},{"taxonomy":"scent-recommendations","embeddable":true,"href":"https:\/\/kodointernational.com\/de\/wp-json\/wp\/v2\/scent-recommendations?post=18711"},{"taxonomy":"scent-pyramid","embeddable":true,"href":"https:\/\/kodointernational.com\/de\/wp-json\/wp\/v2\/scent-pyramid?post=18711"}],"curies":[{"name":"wp","href":"https:\/\/api.w.org\/{rel}","templated":true}]}}