{"id":18710,"date":"2023-02-28T10:21:16","date_gmt":"2023-02-28T03:21:16","guid":{"rendered":"https:\/\/kodointernational.com\/product\/moderne-legende\/"},"modified":"2023-02-28T10:21:16","modified_gmt":"2023-02-28T03:21:16","slug":"moderne-legende","status":"publish","type":"product","link":"https:\/\/kodointernational.com\/de\/produkt\/moderne-legende\/","title":{"rendered":"Moderne Legende"},"content":{"rendered":"<p>Urbane-Legende-0<\/p>\n<div id=\"tango-element-highlighter\" style=\"--tango-highlighter-background-color: transparent; --tango-highlighter-color: #FF7442;\"><\/div>\n","protected":false},"excerpt":{"rendered":"<p style=\"text-align: justify;\"><span style=\"font-size: 12pt;\">Das \u00e4therische \u00d6l von Urban Legend ist ein geeigneter Duft f\u00fcr diejenigen, die das Gleichgewicht zwischen Frische und W\u00e4rme lieben und einen interessanten und einzigartigen Raum schaffen m\u00f6chten.<\/span><\/p>\n<div id=\"tango-element-highlighter\" style=\"--tango-highlighter-background-color: transparent; --tango-highlighter-color: #FF7442; text-align: justify;\"><\/div>\n","protected":false},"featured_media":24494,"comment_status":"open","ping_status":"closed","template":"","meta":[],"etheme_brands":[],"product_cat":[865],"product_tag":[],"scent-family":[889],"diffusion-area":[],"scent-intensity":[911],"scent-recommendations":[921,937,919,923],"scent-pyramid":[],"class_list":{"0":"post-18710","1":"product","2":"type-product","3":"status-publish","4":"has-post-thumbnail","6":"product_cat-signature-kollektion","7":"pa_dung-tich-10ml","8":"pa_dung-tich-50ml","9":"pa_dung-tich-110ml","10":"pa_dung-tich-500ml","11":"scent-family-unisex-de","12":"scent-intensity-strong-de","13":"scent-recommendations-ausstellungsraum-de","14":"scent-recommendations-bar-de","15":"scent-recommendations-einkaufszentrum-de","16":"scent-recommendations-fashion-shop-de","18":"first","19":"instock","20":"featured","21":"shipping-taxable","22":"purchasable","23":"product-type-simple"},"acf":[],"_links":{"self":[{"href":"https:\/\/kodointernational.com\/de\/wp-json\/wp\/v2\/product\/18710","targetHints":{"allow":["GET"]}}],"collection":[{"href":"https:\/\/kodointernational.com\/de\/wp-json\/wp\/v2\/product"}],"about":[{"href":"https:\/\/kodointernational.com\/de\/wp-json\/wp\/v2\/types\/product"}],"replies":[{"embeddable":true,"href":"https:\/\/kodointernational.com\/de\/wp-json\/wp\/v2\/comments?post=18710"}],"version-history":[{"count":0,"href":"https:\/\/kodointernational.com\/de\/wp-json\/wp\/v2\/product\/18710\/revisions"}],"wp:featuredmedia":[{"embeddable":true,"href":"https:\/\/kodointernational.com\/de\/wp-json\/wp\/v2\/media\/24494"}],"wp:attachment":[{"href":"https:\/\/kodointernational.com\/de\/wp-json\/wp\/v2\/media?parent=18710"}],"wp:term":[{"taxonomy":"brand","embeddable":true,"href":"https:\/\/kodointernational.com\/de\/wp-json\/wp\/v2\/etheme_brands?post=18710"},{"taxonomy":"product_cat","embeddable":true,"href":"https:\/\/kodointernational.com\/de\/wp-json\/wp\/v2\/product_cat?post=18710"},{"taxonomy":"product_tag","embeddable":true,"href":"https:\/\/kodointernational.com\/de\/wp-json\/wp\/v2\/product_tag?post=18710"},{"taxonomy":"scent-family","embeddable":true,"href":"https:\/\/kodointernational.com\/de\/wp-json\/wp\/v2\/scent-family?post=18710"},{"taxonomy":"diffusion-area","embeddable":true,"href":"https:\/\/kodointernational.com\/de\/wp-json\/wp\/v2\/diffusion-area?post=18710"},{"taxonomy":"scent-intensity","embeddable":true,"href":"https:\/\/kodointernational.com\/de\/wp-json\/wp\/v2\/scent-intensity?post=18710"},{"taxonomy":"scent-recommendations","embeddable":true,"href":"https:\/\/kodointernational.com\/de\/wp-json\/wp\/v2\/scent-recommendations?post=18710"},{"taxonomy":"scent-pyramid","embeddable":true,"href":"https:\/\/kodointernational.com\/de\/wp-json\/wp\/v2\/scent-pyramid?post=18710"}],"curies":[{"name":"wp","href":"https:\/\/api.w.org\/{rel}","templated":true}]}}