{"id":18679,"date":"2023-02-27T17:23:29","date_gmt":"2023-02-27T10:23:29","guid":{"rendered":"https:\/\/kodointernational.com\/product\/kubanischer-tabak\/"},"modified":"2024-08-01T17:56:47","modified_gmt":"2024-08-01T10:56:47","slug":"kubanischer-tabak","status":"publish","type":"product","link":"https:\/\/kodointernational.com\/de\/produkt\/kubanischer-tabak\/","title":{"rendered":"Kubanischer Tabak"},"content":{"rendered":"<p>&nbsp;<\/p>\n<div id=\"tango-element-highlighter\" style=\"--tango-highlighter-background-color: transparent; --tango-highlighter-color: #FF7442;\"><\/div>\n","protected":false},"excerpt":{"rendered":"<p><span style=\"font-size: 12pt;\">\u00c4therisches Kobaltabak\u00f6l hat einen mittleren Geschmack von Geranie und Ingwer, der dem Duft Weiblichkeit und Charme verleiht und ein Gef\u00fchl von Raffinesse und W\u00e4rme erzeugt. Die abschlie\u00dfenden Noten von Benzoe, Patschuli und Tabak bringen Ruhe und Luxus und tragen dazu bei, einen hochwertigen und klassischen Duft zu kreieren.<\/span><\/p>\n","protected":false},"featured_media":23964,"comment_status":"open","ping_status":"closed","template":"","meta":[],"etheme_brands":[],"product_cat":[864],"product_tag":[],"scent-family":[885],"diffusion-area":[],"scent-intensity":[911],"scent-recommendations":[937,923,927],"scent-pyramid":[],"class_list":{"0":"post-18679","1":"product","2":"type-product","3":"status-publish","4":"has-post-thumbnail","6":"product_cat-schwarze-kollektion","7":"scent-family-woody-de","8":"scent-intensity-strong-de","9":"scent-recommendations-bar-de","10":"scent-recommendations-fashion-shop-de","11":"scent-recommendations-spa-de","13":"first","14":"instock","15":"shipping-taxable","16":"purchasable","17":"product-type-simple"},"acf":[],"_links":{"self":[{"href":"https:\/\/kodointernational.com\/de\/wp-json\/wp\/v2\/product\/18679","targetHints":{"allow":["GET"]}}],"collection":[{"href":"https:\/\/kodointernational.com\/de\/wp-json\/wp\/v2\/product"}],"about":[{"href":"https:\/\/kodointernational.com\/de\/wp-json\/wp\/v2\/types\/product"}],"replies":[{"embeddable":true,"href":"https:\/\/kodointernational.com\/de\/wp-json\/wp\/v2\/comments?post=18679"}],"version-history":[{"count":0,"href":"https:\/\/kodointernational.com\/de\/wp-json\/wp\/v2\/product\/18679\/revisions"}],"wp:featuredmedia":[{"embeddable":true,"href":"https:\/\/kodointernational.com\/de\/wp-json\/wp\/v2\/media\/23964"}],"wp:attachment":[{"href":"https:\/\/kodointernational.com\/de\/wp-json\/wp\/v2\/media?parent=18679"}],"wp:term":[{"taxonomy":"brand","embeddable":true,"href":"https:\/\/kodointernational.com\/de\/wp-json\/wp\/v2\/etheme_brands?post=18679"},{"taxonomy":"product_cat","embeddable":true,"href":"https:\/\/kodointernational.com\/de\/wp-json\/wp\/v2\/product_cat?post=18679"},{"taxonomy":"product_tag","embeddable":true,"href":"https:\/\/kodointernational.com\/de\/wp-json\/wp\/v2\/product_tag?post=18679"},{"taxonomy":"scent-family","embeddable":true,"href":"https:\/\/kodointernational.com\/de\/wp-json\/wp\/v2\/scent-family?post=18679"},{"taxonomy":"diffusion-area","embeddable":true,"href":"https:\/\/kodointernational.com\/de\/wp-json\/wp\/v2\/diffusion-area?post=18679"},{"taxonomy":"scent-intensity","embeddable":true,"href":"https:\/\/kodointernational.com\/de\/wp-json\/wp\/v2\/scent-intensity?post=18679"},{"taxonomy":"scent-recommendations","embeddable":true,"href":"https:\/\/kodointernational.com\/de\/wp-json\/wp\/v2\/scent-recommendations?post=18679"},{"taxonomy":"scent-pyramid","embeddable":true,"href":"https:\/\/kodointernational.com\/de\/wp-json\/wp\/v2\/scent-pyramid?post=18679"}],"curies":[{"name":"wp","href":"https:\/\/api.w.org\/{rel}","templated":true}]}}