{"id":18641,"date":"2023-02-27T17:40:33","date_gmt":"2023-02-27T10:40:33","guid":{"rendered":"https:\/\/kodointernational.com\/product\/morgendlicher-sonnenaufgang\/"},"modified":"2024-08-01T17:56:47","modified_gmt":"2024-08-01T10:56:47","slug":"morgendlicher-sonnenaufgang","status":"publish","type":"product","link":"https:\/\/kodointernational.com\/de\/produkt\/morgendlicher-sonnenaufgang\/","title":{"rendered":"Morgendlicher Sonnenaufgang"},"content":{"rendered":"","protected":false},"excerpt":{"rendered":"<p><span style=\"font-size: 12pt;\">Das \u00e4therische \u00d6l von Morning Sunrise ist eine Kombination aus blumigen und holzigen Noten, um einen verf\u00fchrerischen und zarten Duft zu erzeugen. Die K\u00f6pfe von schwarzer Johannisbeere und Mandarine sorgen f\u00fcr Frische und Vitalit\u00e4t, w\u00e4hrend Magnolie und Pfingstrose einen Hauch von Weiblichkeit und S\u00fc\u00dfe hinzuf\u00fcgen.<\/span><\/p>\n<div id=\"tango-element-highlighter\" style=\"--tango-highlighter-background-color: transparent; --tango-highlighter-color: #FF7442;\"><\/div>\n","protected":false},"featured_media":23946,"comment_status":"open","ping_status":"closed","template":"","meta":[],"etheme_brands":[],"product_cat":[864],"product_tag":[],"scent-family":[881],"diffusion-area":[],"scent-intensity":[911],"scent-recommendations":[923],"scent-pyramid":[],"class_list":{"0":"post-18641","1":"product","2":"type-product","3":"status-publish","4":"has-post-thumbnail","6":"product_cat-schwarze-kollektion","7":"scent-family-fresh-de","8":"scent-intensity-strong-de","9":"scent-recommendations-fashion-shop-de","11":"first","12":"instock","13":"shipping-taxable","14":"purchasable","15":"product-type-simple"},"acf":[],"_links":{"self":[{"href":"https:\/\/kodointernational.com\/de\/wp-json\/wp\/v2\/product\/18641","targetHints":{"allow":["GET"]}}],"collection":[{"href":"https:\/\/kodointernational.com\/de\/wp-json\/wp\/v2\/product"}],"about":[{"href":"https:\/\/kodointernational.com\/de\/wp-json\/wp\/v2\/types\/product"}],"replies":[{"embeddable":true,"href":"https:\/\/kodointernational.com\/de\/wp-json\/wp\/v2\/comments?post=18641"}],"version-history":[{"count":0,"href":"https:\/\/kodointernational.com\/de\/wp-json\/wp\/v2\/product\/18641\/revisions"}],"wp:featuredmedia":[{"embeddable":true,"href":"https:\/\/kodointernational.com\/de\/wp-json\/wp\/v2\/media\/23946"}],"wp:attachment":[{"href":"https:\/\/kodointernational.com\/de\/wp-json\/wp\/v2\/media?parent=18641"}],"wp:term":[{"taxonomy":"brand","embeddable":true,"href":"https:\/\/kodointernational.com\/de\/wp-json\/wp\/v2\/etheme_brands?post=18641"},{"taxonomy":"product_cat","embeddable":true,"href":"https:\/\/kodointernational.com\/de\/wp-json\/wp\/v2\/product_cat?post=18641"},{"taxonomy":"product_tag","embeddable":true,"href":"https:\/\/kodointernational.com\/de\/wp-json\/wp\/v2\/product_tag?post=18641"},{"taxonomy":"scent-family","embeddable":true,"href":"https:\/\/kodointernational.com\/de\/wp-json\/wp\/v2\/scent-family?post=18641"},{"taxonomy":"diffusion-area","embeddable":true,"href":"https:\/\/kodointernational.com\/de\/wp-json\/wp\/v2\/diffusion-area?post=18641"},{"taxonomy":"scent-intensity","embeddable":true,"href":"https:\/\/kodointernational.com\/de\/wp-json\/wp\/v2\/scent-intensity?post=18641"},{"taxonomy":"scent-recommendations","embeddable":true,"href":"https:\/\/kodointernational.com\/de\/wp-json\/wp\/v2\/scent-recommendations?post=18641"},{"taxonomy":"scent-pyramid","embeddable":true,"href":"https:\/\/kodointernational.com\/de\/wp-json\/wp\/v2\/scent-pyramid?post=18641"}],"curies":[{"name":"wp","href":"https:\/\/api.w.org\/{rel}","templated":true}]}}