{"id":18639,"date":"2023-02-28T10:54:33","date_gmt":"2023-02-28T03:54:33","guid":{"rendered":"https:\/\/kodointernational.com\/product\/sereni-tee\/"},"modified":"2023-02-28T10:54:33","modified_gmt":"2023-02-28T03:54:33","slug":"sereni-tee","status":"publish","type":"product","link":"https:\/\/kodointernational.com\/de\/produkt\/sereni-tee\/","title":{"rendered":"Sereni Tee"},"content":{"rendered":"<p>&nbsp;<\/p>\n<div id=\"tango-element-highlighter\" style=\"--tango-highlighter-background-color: transparent; --tango-highlighter-color: #FF7442;\"><\/div>\n","protected":false},"excerpt":{"rendered":"<p style=\"text-align: justify;\"><span style=\"font-size: 12pt;\">Sereni &#8211; \u00c4therisches Tee\u00f6l besteht aus nat\u00fcrlichen Inhaltsstoffen, die eine erfrischende, lebendige Atmosph\u00e4re schaffen. Dann f\u00fcgt das mittlere Aroma Frische und S\u00fc\u00dfe hinzu und hilft, das erste Aroma zu beruhigen und auszugleichen. Die Endnoten von Amber, Eichenmoos und Tonkabohne runden dieses wunderbare Aroma ab.<\/span><\/p>\n<div id=\"tango-element-highlighter\" style=\"--tango-highlighter-background-color: transparent; --tango-highlighter-color: #FF7442; text-align: justify;\"><\/div>\n","protected":false},"featured_media":24681,"comment_status":"open","ping_status":"closed","template":"","meta":[],"etheme_brands":[],"product_cat":[863],"product_tag":[],"scent-family":[881],"diffusion-area":[],"scent-intensity":[909],"scent-recommendations":[925,917,929,931,927],"scent-pyramid":[],"class_list":{"0":"post-18639","1":"product","2":"type-product","3":"status-publish","4":"has-post-thumbnail","6":"product_cat-luxus-kollektion","7":"pa_dung-tich-10ml","8":"pa_dung-tich-50ml","9":"pa_dung-tich-110ml","10":"pa_dung-tich-500ml","11":"scent-family-fresh-de","12":"scent-intensity-medium-de","13":"scent-recommendations-bank-de","14":"scent-recommendations-office-de","15":"scent-recommendations-fitnessstudio-de","16":"scent-recommendations-krankenhaus-de","17":"scent-recommendations-spa-de","19":"first","20":"instock","21":"shipping-taxable","22":"purchasable","23":"product-type-simple"},"acf":[],"_links":{"self":[{"href":"https:\/\/kodointernational.com\/de\/wp-json\/wp\/v2\/product\/18639","targetHints":{"allow":["GET"]}}],"collection":[{"href":"https:\/\/kodointernational.com\/de\/wp-json\/wp\/v2\/product"}],"about":[{"href":"https:\/\/kodointernational.com\/de\/wp-json\/wp\/v2\/types\/product"}],"replies":[{"embeddable":true,"href":"https:\/\/kodointernational.com\/de\/wp-json\/wp\/v2\/comments?post=18639"}],"version-history":[{"count":0,"href":"https:\/\/kodointernational.com\/de\/wp-json\/wp\/v2\/product\/18639\/revisions"}],"wp:featuredmedia":[{"embeddable":true,"href":"https:\/\/kodointernational.com\/de\/wp-json\/wp\/v2\/media\/24681"}],"wp:attachment":[{"href":"https:\/\/kodointernational.com\/de\/wp-json\/wp\/v2\/media?parent=18639"}],"wp:term":[{"taxonomy":"brand","embeddable":true,"href":"https:\/\/kodointernational.com\/de\/wp-json\/wp\/v2\/etheme_brands?post=18639"},{"taxonomy":"product_cat","embeddable":true,"href":"https:\/\/kodointernational.com\/de\/wp-json\/wp\/v2\/product_cat?post=18639"},{"taxonomy":"product_tag","embeddable":true,"href":"https:\/\/kodointernational.com\/de\/wp-json\/wp\/v2\/product_tag?post=18639"},{"taxonomy":"scent-family","embeddable":true,"href":"https:\/\/kodointernational.com\/de\/wp-json\/wp\/v2\/scent-family?post=18639"},{"taxonomy":"diffusion-area","embeddable":true,"href":"https:\/\/kodointernational.com\/de\/wp-json\/wp\/v2\/diffusion-area?post=18639"},{"taxonomy":"scent-intensity","embeddable":true,"href":"https:\/\/kodointernational.com\/de\/wp-json\/wp\/v2\/scent-intensity?post=18639"},{"taxonomy":"scent-recommendations","embeddable":true,"href":"https:\/\/kodointernational.com\/de\/wp-json\/wp\/v2\/scent-recommendations?post=18639"},{"taxonomy":"scent-pyramid","embeddable":true,"href":"https:\/\/kodointernational.com\/de\/wp-json\/wp\/v2\/scent-pyramid?post=18639"}],"curies":[{"name":"wp","href":"https:\/\/api.w.org\/{rel}","templated":true}]}}