{"id":18638,"date":"2023-02-28T09:11:49","date_gmt":"2023-02-28T02:11:49","guid":{"rendered":"https:\/\/kodointernational.com\/product\/scharlachrotes-rouge\/"},"modified":"2024-08-01T17:56:46","modified_gmt":"2024-08-01T10:56:46","slug":"scharlachrotes-rouge","status":"publish","type":"product","link":"https:\/\/kodointernational.com\/de\/produkt\/scharlachrotes-rouge\/","title":{"rendered":"Scharlachrotes Rouge"},"content":{"rendered":"","protected":false},"excerpt":{"rendered":"<p>Das \u00e4therische \u00d6l von Scarlet Blush hat ein sp\u00e4tes Amber- und Moschusaroma, das dem Duft Ruhe und W\u00e4rme verleiht und dazu beitr\u00e4gt, einen verf\u00fchrerischen und luxuri\u00f6sen Duft zu kreieren. Die Mischung dieser D\u00fcfte schafft eine perfekte Kombination, die dem Benutzer ein Gef\u00fchl von Entspannung und Raffinesse vermittelt.<\/p>\n","protected":false},"featured_media":23924,"comment_status":"open","ping_status":"closed","template":"","meta":[],"etheme_brands":[],"product_cat":[864],"product_tag":[],"scent-family":[881],"diffusion-area":[],"scent-intensity":[911],"scent-recommendations":[921,919,923],"scent-pyramid":[],"class_list":{"0":"post-18638","1":"product","2":"type-product","3":"status-publish","4":"has-post-thumbnail","6":"product_cat-schwarze-kollektion","7":"scent-family-fresh-de","8":"scent-intensity-strong-de","9":"scent-recommendations-ausstellungsraum-de","10":"scent-recommendations-einkaufszentrum-de","11":"scent-recommendations-fashion-shop-de","13":"first","14":"instock","15":"featured","16":"shipping-taxable","17":"purchasable","18":"product-type-simple"},"acf":[],"_links":{"self":[{"href":"https:\/\/kodointernational.com\/de\/wp-json\/wp\/v2\/product\/18638","targetHints":{"allow":["GET"]}}],"collection":[{"href":"https:\/\/kodointernational.com\/de\/wp-json\/wp\/v2\/product"}],"about":[{"href":"https:\/\/kodointernational.com\/de\/wp-json\/wp\/v2\/types\/product"}],"replies":[{"embeddable":true,"href":"https:\/\/kodointernational.com\/de\/wp-json\/wp\/v2\/comments?post=18638"}],"version-history":[{"count":0,"href":"https:\/\/kodointernational.com\/de\/wp-json\/wp\/v2\/product\/18638\/revisions"}],"wp:featuredmedia":[{"embeddable":true,"href":"https:\/\/kodointernational.com\/de\/wp-json\/wp\/v2\/media\/23924"}],"wp:attachment":[{"href":"https:\/\/kodointernational.com\/de\/wp-json\/wp\/v2\/media?parent=18638"}],"wp:term":[{"taxonomy":"brand","embeddable":true,"href":"https:\/\/kodointernational.com\/de\/wp-json\/wp\/v2\/etheme_brands?post=18638"},{"taxonomy":"product_cat","embeddable":true,"href":"https:\/\/kodointernational.com\/de\/wp-json\/wp\/v2\/product_cat?post=18638"},{"taxonomy":"product_tag","embeddable":true,"href":"https:\/\/kodointernational.com\/de\/wp-json\/wp\/v2\/product_tag?post=18638"},{"taxonomy":"scent-family","embeddable":true,"href":"https:\/\/kodointernational.com\/de\/wp-json\/wp\/v2\/scent-family?post=18638"},{"taxonomy":"diffusion-area","embeddable":true,"href":"https:\/\/kodointernational.com\/de\/wp-json\/wp\/v2\/diffusion-area?post=18638"},{"taxonomy":"scent-intensity","embeddable":true,"href":"https:\/\/kodointernational.com\/de\/wp-json\/wp\/v2\/scent-intensity?post=18638"},{"taxonomy":"scent-recommendations","embeddable":true,"href":"https:\/\/kodointernational.com\/de\/wp-json\/wp\/v2\/scent-recommendations?post=18638"},{"taxonomy":"scent-pyramid","embeddable":true,"href":"https:\/\/kodointernational.com\/de\/wp-json\/wp\/v2\/scent-pyramid?post=18638"}],"curies":[{"name":"wp","href":"https:\/\/api.w.org\/{rel}","templated":true}]}}