{"id":18587,"date":"2023-04-26T11:11:49","date_gmt":"2023-04-26T04:11:49","guid":{"rendered":"https:\/\/kodointernational.com\/product\/birne-fressia-parfuem-aetherische-oel-duftkerzen\/"},"modified":"2023-04-26T11:11:49","modified_gmt":"2023-04-26T04:11:49","slug":"birne-fressia-parfuem-aetherische-oel-duftkerzen","status":"publish","type":"product","link":"https:\/\/kodointernational.com\/de\/produkt\/birne-fressia-parfuem-aetherische-oel-duftkerzen\/","title":{"rendered":"Birne &amp; Fressia Parf\u00fcm \u00e4therische \u00d6l-Duftkerzen"},"content":{"rendered":"","protected":false},"excerpt":{"rendered":"<p class=\"irIKAp\">Noten von Birne, Zitrone, Pfirsich, Rose, Patschuli, Moschus. Alles vermischt sich zu einem Duft, der sowohl s\u00fc\u00df als auch elegant ist, mit ein wenig Leidenschaft, die sich unter der Ernsthaftigkeit verbirgt.<\/p>\n","protected":false},"featured_media":25153,"comment_status":"open","ping_status":"closed","template":"","meta":[],"etheme_brands":[],"product_cat":[830],"product_tag":[],"scent-family":[],"diffusion-area":[897],"scent-intensity":[911],"scent-recommendations":[933],"scent-pyramid":[],"class_list":{"0":"post-18587","1":"product","2":"type-product","3":"status-publish","4":"has-post-thumbnail","6":"product_cat-duftkerzen","7":"diffusion-area-20m2-de","8":"scent-intensity-strong-de","9":"scent-recommendations-appartement-de","11":"first","12":"instock","13":"shipping-taxable","14":"purchasable","15":"product-type-simple"},"acf":[],"_links":{"self":[{"href":"https:\/\/kodointernational.com\/de\/wp-json\/wp\/v2\/product\/18587","targetHints":{"allow":["GET"]}}],"collection":[{"href":"https:\/\/kodointernational.com\/de\/wp-json\/wp\/v2\/product"}],"about":[{"href":"https:\/\/kodointernational.com\/de\/wp-json\/wp\/v2\/types\/product"}],"replies":[{"embeddable":true,"href":"https:\/\/kodointernational.com\/de\/wp-json\/wp\/v2\/comments?post=18587"}],"version-history":[{"count":0,"href":"https:\/\/kodointernational.com\/de\/wp-json\/wp\/v2\/product\/18587\/revisions"}],"wp:featuredmedia":[{"embeddable":true,"href":"https:\/\/kodointernational.com\/de\/wp-json\/wp\/v2\/media\/25153"}],"wp:attachment":[{"href":"https:\/\/kodointernational.com\/de\/wp-json\/wp\/v2\/media?parent=18587"}],"wp:term":[{"taxonomy":"brand","embeddable":true,"href":"https:\/\/kodointernational.com\/de\/wp-json\/wp\/v2\/etheme_brands?post=18587"},{"taxonomy":"product_cat","embeddable":true,"href":"https:\/\/kodointernational.com\/de\/wp-json\/wp\/v2\/product_cat?post=18587"},{"taxonomy":"product_tag","embeddable":true,"href":"https:\/\/kodointernational.com\/de\/wp-json\/wp\/v2\/product_tag?post=18587"},{"taxonomy":"scent-family","embeddable":true,"href":"https:\/\/kodointernational.com\/de\/wp-json\/wp\/v2\/scent-family?post=18587"},{"taxonomy":"diffusion-area","embeddable":true,"href":"https:\/\/kodointernational.com\/de\/wp-json\/wp\/v2\/diffusion-area?post=18587"},{"taxonomy":"scent-intensity","embeddable":true,"href":"https:\/\/kodointernational.com\/de\/wp-json\/wp\/v2\/scent-intensity?post=18587"},{"taxonomy":"scent-recommendations","embeddable":true,"href":"https:\/\/kodointernational.com\/de\/wp-json\/wp\/v2\/scent-recommendations?post=18587"},{"taxonomy":"scent-pyramid","embeddable":true,"href":"https:\/\/kodointernational.com\/de\/wp-json\/wp\/v2\/scent-pyramid?post=18587"}],"curies":[{"name":"wp","href":"https:\/\/api.w.org\/{rel}","templated":true}]}}