{"id":18581,"date":"2023-03-07T09:14:30","date_gmt":"2023-03-07T02:14:30","guid":{"rendered":"https:\/\/kodointernational.com\/product\/royal-jasmine-duft-diffusor-set-500ml\/"},"modified":"2023-03-07T09:14:30","modified_gmt":"2023-03-07T02:14:30","slug":"royal-jasmine-duft-diffusor-set-500ml","status":"publish","type":"product","link":"https:\/\/kodointernational.com\/de\/produkt\/royal-jasmine-duft-diffusor-set-500ml\/","title":{"rendered":"Royal Jasmine Duft Diffusor Set 500ml"},"content":{"rendered":"","protected":false},"excerpt":{"rendered":"<p>Der R\u00e4ucherdiffusor in limitierter Auflage wird h\u00e4ufig verwendet, um einen k\u00fchlen und entspannenden Raum in Wohnzimmern, Schlafzimmern und B\u00fcros zu schaffen. Bringt nicht nur einen besonderen Duft, sondern erh\u00f6ht auch die \u00c4sthetik des Raumes.<\/p>\n","protected":false},"featured_media":18590,"comment_status":"open","ping_status":"closed","template":"","meta":[],"etheme_brands":[],"product_cat":[845],"product_tag":[],"scent-family":[],"diffusion-area":[895],"scent-intensity":[],"scent-recommendations":[921,913],"scent-pyramid":[],"class_list":{"0":"post-18581","1":"product","2":"type-product","3":"status-publish","4":"has-post-thumbnail","6":"product_cat-diffusorstab-kit","7":"pa_mui-huong-birne-fressia","8":"pa_mui-huong-die-intercon","9":"pa_mui-huong-elegant-de","10":"pa_mui-huong-holzsalbei-meersalz","11":"pa_mui-huong-kd-signatur-nr-10","12":"pa_mui-huong-kodo-nr-6","13":"pa_mui-huong-kodo-signatur-nr-2","14":"pa_mui-huong-lavendel-woody","15":"pa_mui-huong-moderne-legende","16":"pa_mui-huong-weisse-rose","17":"pa_mui-huong-weisse-seerose","18":"pa_mui-huong-zitrusbluete","19":"diffusion-area-50m-de","20":"scent-recommendations-ausstellungsraum-de","21":"scent-recommendations-hotelanlage-de","23":"first","24":"instock","25":"shipping-taxable","26":"purchasable","27":"product-type-simple"},"acf":[],"_links":{"self":[{"href":"https:\/\/kodointernational.com\/de\/wp-json\/wp\/v2\/product\/18581","targetHints":{"allow":["GET"]}}],"collection":[{"href":"https:\/\/kodointernational.com\/de\/wp-json\/wp\/v2\/product"}],"about":[{"href":"https:\/\/kodointernational.com\/de\/wp-json\/wp\/v2\/types\/product"}],"replies":[{"embeddable":true,"href":"https:\/\/kodointernational.com\/de\/wp-json\/wp\/v2\/comments?post=18581"}],"version-history":[{"count":0,"href":"https:\/\/kodointernational.com\/de\/wp-json\/wp\/v2\/product\/18581\/revisions"}],"wp:featuredmedia":[{"embeddable":true,"href":"https:\/\/kodointernational.com\/de\/wp-json\/wp\/v2\/media\/18590"}],"wp:attachment":[{"href":"https:\/\/kodointernational.com\/de\/wp-json\/wp\/v2\/media?parent=18581"}],"wp:term":[{"taxonomy":"brand","embeddable":true,"href":"https:\/\/kodointernational.com\/de\/wp-json\/wp\/v2\/etheme_brands?post=18581"},{"taxonomy":"product_cat","embeddable":true,"href":"https:\/\/kodointernational.com\/de\/wp-json\/wp\/v2\/product_cat?post=18581"},{"taxonomy":"product_tag","embeddable":true,"href":"https:\/\/kodointernational.com\/de\/wp-json\/wp\/v2\/product_tag?post=18581"},{"taxonomy":"scent-family","embeddable":true,"href":"https:\/\/kodointernational.com\/de\/wp-json\/wp\/v2\/scent-family?post=18581"},{"taxonomy":"diffusion-area","embeddable":true,"href":"https:\/\/kodointernational.com\/de\/wp-json\/wp\/v2\/diffusion-area?post=18581"},{"taxonomy":"scent-intensity","embeddable":true,"href":"https:\/\/kodointernational.com\/de\/wp-json\/wp\/v2\/scent-intensity?post=18581"},{"taxonomy":"scent-recommendations","embeddable":true,"href":"https:\/\/kodointernational.com\/de\/wp-json\/wp\/v2\/scent-recommendations?post=18581"},{"taxonomy":"scent-pyramid","embeddable":true,"href":"https:\/\/kodointernational.com\/de\/wp-json\/wp\/v2\/scent-pyramid?post=18581"}],"curies":[{"name":"wp","href":"https:\/\/api.w.org\/{rel}","templated":true}]}}