{"id":18580,"date":"2023-04-26T10:56:44","date_gmt":"2023-04-26T03:56:44","guid":{"rendered":"https:\/\/kodointernational.com\/product\/jm-rose-white-musk-parfuem-aetherische-oel-duftkerzen\/"},"modified":"2023-04-26T10:56:44","modified_gmt":"2023-04-26T03:56:44","slug":"jm-rose-white-musk-parfuem-aetherische-oel-duftkerzen","status":"publish","type":"product","link":"https:\/\/kodointernational.com\/de\/produkt\/jm-rose-white-musk-parfuem-aetherische-oel-duftkerzen\/","title":{"rendered":"JM Rose &amp; White Musk Parf\u00fcm \u00e4therische \u00d6l-Duftkerzen"},"content":{"rendered":"","protected":false},"excerpt":{"rendered":"<p>Ein \u00e4u\u00dferst luxuri\u00f6ser, eleganter Duft mit einem wilden Geschmack an 1 Nachmittag Sp\u00e4therbst-Sonnenuntergang. Die Schichten von Weihrauch aus Holz, Weihrauch, Patchouli mit einem Hauch von Rose &#8211; der Geschmack ist sehr maskulin und gentlemanlike.<\/p>\n","protected":false},"featured_media":25158,"comment_status":"open","ping_status":"closed","template":"","meta":[],"etheme_brands":[],"product_cat":[830],"product_tag":[],"scent-family":[],"diffusion-area":[897],"scent-intensity":[911],"scent-recommendations":[933],"scent-pyramid":[],"class_list":{"0":"post-18580","1":"product","2":"type-product","3":"status-publish","4":"has-post-thumbnail","6":"product_cat-duftkerzen","7":"diffusion-area-20m2-de","8":"scent-intensity-strong-de","9":"scent-recommendations-appartement-de","11":"first","12":"instock","13":"shipping-taxable","14":"purchasable","15":"product-type-simple"},"acf":[],"_links":{"self":[{"href":"https:\/\/kodointernational.com\/de\/wp-json\/wp\/v2\/product\/18580","targetHints":{"allow":["GET"]}}],"collection":[{"href":"https:\/\/kodointernational.com\/de\/wp-json\/wp\/v2\/product"}],"about":[{"href":"https:\/\/kodointernational.com\/de\/wp-json\/wp\/v2\/types\/product"}],"replies":[{"embeddable":true,"href":"https:\/\/kodointernational.com\/de\/wp-json\/wp\/v2\/comments?post=18580"}],"version-history":[{"count":0,"href":"https:\/\/kodointernational.com\/de\/wp-json\/wp\/v2\/product\/18580\/revisions"}],"wp:featuredmedia":[{"embeddable":true,"href":"https:\/\/kodointernational.com\/de\/wp-json\/wp\/v2\/media\/25158"}],"wp:attachment":[{"href":"https:\/\/kodointernational.com\/de\/wp-json\/wp\/v2\/media?parent=18580"}],"wp:term":[{"taxonomy":"brand","embeddable":true,"href":"https:\/\/kodointernational.com\/de\/wp-json\/wp\/v2\/etheme_brands?post=18580"},{"taxonomy":"product_cat","embeddable":true,"href":"https:\/\/kodointernational.com\/de\/wp-json\/wp\/v2\/product_cat?post=18580"},{"taxonomy":"product_tag","embeddable":true,"href":"https:\/\/kodointernational.com\/de\/wp-json\/wp\/v2\/product_tag?post=18580"},{"taxonomy":"scent-family","embeddable":true,"href":"https:\/\/kodointernational.com\/de\/wp-json\/wp\/v2\/scent-family?post=18580"},{"taxonomy":"diffusion-area","embeddable":true,"href":"https:\/\/kodointernational.com\/de\/wp-json\/wp\/v2\/diffusion-area?post=18580"},{"taxonomy":"scent-intensity","embeddable":true,"href":"https:\/\/kodointernational.com\/de\/wp-json\/wp\/v2\/scent-intensity?post=18580"},{"taxonomy":"scent-recommendations","embeddable":true,"href":"https:\/\/kodointernational.com\/de\/wp-json\/wp\/v2\/scent-recommendations?post=18580"},{"taxonomy":"scent-pyramid","embeddable":true,"href":"https:\/\/kodointernational.com\/de\/wp-json\/wp\/v2\/scent-pyramid?post=18580"}],"curies":[{"name":"wp","href":"https:\/\/api.w.org\/{rel}","templated":true}]}}