{"id":18578,"date":"2023-04-27T07:37:08","date_gmt":"2023-04-27T00:37:08","guid":{"rendered":"https:\/\/kodointernational.com\/product\/kodo-no-6-parfuem-diffusor-set-fuer-aetherische-oele\/"},"modified":"2024-08-14T15:03:46","modified_gmt":"2024-08-14T08:03:46","slug":"kodo-no-6-parfuem-diffusor-set-fuer-aetherische-oele","status":"publish","type":"product","link":"https:\/\/kodointernational.com\/de\/produkt\/kodo-no-6-parfuem-diffusor-set-fuer-aetherische-oele\/","title":{"rendered":"Kodo NO 6 Parf\u00fcm-Diffusor-Set f\u00fcr \u00e4therische \u00d6le"},"content":{"rendered":"","protected":false},"excerpt":{"rendered":"<p>Das Kodo No 6 Parf\u00fcm-Diffusor-Set mit \u00e4therischen \u00d6len hat durch sein dynamisches und pers\u00f6nliches Design ein jugendliches und modernes Aussehen. Kombiniert den Duft von gr\u00fcnen Zitrusfr\u00fcchten, Jasmin, Grasblumen, Moschus und Nelken <\/p>\n","protected":false},"featured_media":26071,"comment_status":"open","ping_status":"closed","template":"","meta":[],"etheme_brands":[],"product_cat":[845],"product_tag":[],"scent-family":[889],"diffusion-area":[897],"scent-intensity":[909],"scent-recommendations":[921,917],"scent-pyramid":[],"class_list":{"0":"post-18578","1":"product","2":"type-product","3":"status-publish","4":"has-post-thumbnail","6":"product_cat-diffusorstab-kit","7":"scent-family-unisex-de","8":"diffusion-area-20m2-de","9":"scent-intensity-medium-de","10":"scent-recommendations-ausstellungsraum-de","11":"scent-recommendations-office-de","13":"first","14":"instock","15":"shipping-taxable","16":"purchasable","17":"product-type-simple"},"acf":[],"_links":{"self":[{"href":"https:\/\/kodointernational.com\/de\/wp-json\/wp\/v2\/product\/18578","targetHints":{"allow":["GET"]}}],"collection":[{"href":"https:\/\/kodointernational.com\/de\/wp-json\/wp\/v2\/product"}],"about":[{"href":"https:\/\/kodointernational.com\/de\/wp-json\/wp\/v2\/types\/product"}],"replies":[{"embeddable":true,"href":"https:\/\/kodointernational.com\/de\/wp-json\/wp\/v2\/comments?post=18578"}],"version-history":[{"count":0,"href":"https:\/\/kodointernational.com\/de\/wp-json\/wp\/v2\/product\/18578\/revisions"}],"wp:featuredmedia":[{"embeddable":true,"href":"https:\/\/kodointernational.com\/de\/wp-json\/wp\/v2\/media\/26071"}],"wp:attachment":[{"href":"https:\/\/kodointernational.com\/de\/wp-json\/wp\/v2\/media?parent=18578"}],"wp:term":[{"taxonomy":"brand","embeddable":true,"href":"https:\/\/kodointernational.com\/de\/wp-json\/wp\/v2\/etheme_brands?post=18578"},{"taxonomy":"product_cat","embeddable":true,"href":"https:\/\/kodointernational.com\/de\/wp-json\/wp\/v2\/product_cat?post=18578"},{"taxonomy":"product_tag","embeddable":true,"href":"https:\/\/kodointernational.com\/de\/wp-json\/wp\/v2\/product_tag?post=18578"},{"taxonomy":"scent-family","embeddable":true,"href":"https:\/\/kodointernational.com\/de\/wp-json\/wp\/v2\/scent-family?post=18578"},{"taxonomy":"diffusion-area","embeddable":true,"href":"https:\/\/kodointernational.com\/de\/wp-json\/wp\/v2\/diffusion-area?post=18578"},{"taxonomy":"scent-intensity","embeddable":true,"href":"https:\/\/kodointernational.com\/de\/wp-json\/wp\/v2\/scent-intensity?post=18578"},{"taxonomy":"scent-recommendations","embeddable":true,"href":"https:\/\/kodointernational.com\/de\/wp-json\/wp\/v2\/scent-recommendations?post=18578"},{"taxonomy":"scent-pyramid","embeddable":true,"href":"https:\/\/kodointernational.com\/de\/wp-json\/wp\/v2\/scent-pyramid?post=18578"}],"curies":[{"name":"wp","href":"https:\/\/api.w.org\/{rel}","templated":true}]}}