{"id":18566,"date":"2023-03-13T15:21:48","date_gmt":"2023-03-13T08:21:48","guid":{"rendered":"https:\/\/kodointernational.com\/product\/kodo-100\/"},"modified":"2023-11-07T16:06:35","modified_gmt":"2023-11-07T09:06:35","slug":"kodo-100","status":"publish","type":"product","link":"https:\/\/kodointernational.com\/de\/produkt\/kodo-100\/","title":{"rendered":"KODO 100"},"content":{"rendered":"","protected":false},"excerpt":{"rendered":"<p>Spezialisierte Begaser f\u00fcr \u00e4therische \u00d6le, die in gro\u00dfen R\u00e4umen in der Familie wie Wohnzimmern, Gemeinschaftsr\u00e4umen oder Gesch\u00e4ftsstandorten wie Ausstellungsr\u00e4umen, Gesch\u00e4ften verwendet werden,&#8230; Die Maschine hat ein weiches, elegantes und kompaktes Design, aber eine extrem hohe Diffusionseffizienz.<\/p>\n","protected":false},"featured_media":26991,"comment_status":"open","ping_status":"closed","template":"","meta":[],"etheme_brands":[],"product_cat":[823,832],"product_tag":[],"scent-family":[],"diffusion-area":[899,897,895],"scent-intensity":[],"scent-recommendations":[],"scent-pyramid":[],"class_list":{"0":"post-18566","1":"product","2":"type-product","3":"status-publish","4":"has-post-thumbnail","6":"product_cat-diffusor","7":"product_cat-home-serie","8":"diffusion-area-100m2-de","9":"diffusion-area-20m2-de","10":"diffusion-area-50m-de","12":"first","13":"instock","14":"featured","15":"shipping-taxable","16":"purchasable","17":"product-type-simple"},"acf":[],"_links":{"self":[{"href":"https:\/\/kodointernational.com\/de\/wp-json\/wp\/v2\/product\/18566","targetHints":{"allow":["GET"]}}],"collection":[{"href":"https:\/\/kodointernational.com\/de\/wp-json\/wp\/v2\/product"}],"about":[{"href":"https:\/\/kodointernational.com\/de\/wp-json\/wp\/v2\/types\/product"}],"replies":[{"embeddable":true,"href":"https:\/\/kodointernational.com\/de\/wp-json\/wp\/v2\/comments?post=18566"}],"version-history":[{"count":0,"href":"https:\/\/kodointernational.com\/de\/wp-json\/wp\/v2\/product\/18566\/revisions"}],"wp:featuredmedia":[{"embeddable":true,"href":"https:\/\/kodointernational.com\/de\/wp-json\/wp\/v2\/media\/26991"}],"wp:attachment":[{"href":"https:\/\/kodointernational.com\/de\/wp-json\/wp\/v2\/media?parent=18566"}],"wp:term":[{"taxonomy":"brand","embeddable":true,"href":"https:\/\/kodointernational.com\/de\/wp-json\/wp\/v2\/etheme_brands?post=18566"},{"taxonomy":"product_cat","embeddable":true,"href":"https:\/\/kodointernational.com\/de\/wp-json\/wp\/v2\/product_cat?post=18566"},{"taxonomy":"product_tag","embeddable":true,"href":"https:\/\/kodointernational.com\/de\/wp-json\/wp\/v2\/product_tag?post=18566"},{"taxonomy":"scent-family","embeddable":true,"href":"https:\/\/kodointernational.com\/de\/wp-json\/wp\/v2\/scent-family?post=18566"},{"taxonomy":"diffusion-area","embeddable":true,"href":"https:\/\/kodointernational.com\/de\/wp-json\/wp\/v2\/diffusion-area?post=18566"},{"taxonomy":"scent-intensity","embeddable":true,"href":"https:\/\/kodointernational.com\/de\/wp-json\/wp\/v2\/scent-intensity?post=18566"},{"taxonomy":"scent-recommendations","embeddable":true,"href":"https:\/\/kodointernational.com\/de\/wp-json\/wp\/v2\/scent-recommendations?post=18566"},{"taxonomy":"scent-pyramid","embeddable":true,"href":"https:\/\/kodointernational.com\/de\/wp-json\/wp\/v2\/scent-pyramid?post=18566"}],"curies":[{"name":"wp","href":"https:\/\/api.w.org\/{rel}","templated":true}]}}