{"id":18562,"date":"2023-04-27T07:41:00","date_gmt":"2023-04-27T00:41:00","guid":{"rendered":"https:\/\/kodointernational.com\/product\/birne-fressia-parfuem-aetherische-oele-diffusor-set\/"},"modified":"2024-08-14T15:26:09","modified_gmt":"2024-08-14T08:26:09","slug":"birne-fressia-parfuem-aetherische-oele-diffusor-set","status":"publish","type":"product","link":"https:\/\/kodointernational.com\/de\/produkt\/birne-fressia-parfuem-aetherische-oele-diffusor-set\/","title":{"rendered":"Birne Fressia Parf\u00fcm \u00c4therische \u00d6le Diffusor-Set"},"content":{"rendered":"","protected":false},"excerpt":{"rendered":"<p>Kombiniert den Duft von Zitrone, Pfirsich, Rose, Jasmin, Patschuli und Moschus. Frischer, sanfter, jugendlicher Duft.  Geeignet f\u00fcr den Sommer, um ein Gef\u00fchl von Erfrischung und Energie zu vermitteln.<\/p>\n","protected":false},"featured_media":26098,"comment_status":"open","ping_status":"closed","template":"","meta":[],"etheme_brands":[],"product_cat":[845],"product_tag":[],"scent-family":[889],"diffusion-area":[897],"scent-intensity":[911],"scent-recommendations":[933,921,937,923],"scent-pyramid":[],"class_list":{"0":"post-18562","1":"product","2":"type-product","3":"status-publish","4":"has-post-thumbnail","6":"product_cat-diffusorstab-kit","7":"scent-family-unisex-de","8":"diffusion-area-20m2-de","9":"scent-intensity-strong-de","10":"scent-recommendations-appartement-de","11":"scent-recommendations-ausstellungsraum-de","12":"scent-recommendations-bar-de","13":"scent-recommendations-fashion-shop-de","15":"first","16":"instock","17":"shipping-taxable","18":"purchasable","19":"product-type-simple"},"acf":[],"_links":{"self":[{"href":"https:\/\/kodointernational.com\/de\/wp-json\/wp\/v2\/product\/18562","targetHints":{"allow":["GET"]}}],"collection":[{"href":"https:\/\/kodointernational.com\/de\/wp-json\/wp\/v2\/product"}],"about":[{"href":"https:\/\/kodointernational.com\/de\/wp-json\/wp\/v2\/types\/product"}],"replies":[{"embeddable":true,"href":"https:\/\/kodointernational.com\/de\/wp-json\/wp\/v2\/comments?post=18562"}],"version-history":[{"count":0,"href":"https:\/\/kodointernational.com\/de\/wp-json\/wp\/v2\/product\/18562\/revisions"}],"wp:featuredmedia":[{"embeddable":true,"href":"https:\/\/kodointernational.com\/de\/wp-json\/wp\/v2\/media\/26098"}],"wp:attachment":[{"href":"https:\/\/kodointernational.com\/de\/wp-json\/wp\/v2\/media?parent=18562"}],"wp:term":[{"taxonomy":"brand","embeddable":true,"href":"https:\/\/kodointernational.com\/de\/wp-json\/wp\/v2\/etheme_brands?post=18562"},{"taxonomy":"product_cat","embeddable":true,"href":"https:\/\/kodointernational.com\/de\/wp-json\/wp\/v2\/product_cat?post=18562"},{"taxonomy":"product_tag","embeddable":true,"href":"https:\/\/kodointernational.com\/de\/wp-json\/wp\/v2\/product_tag?post=18562"},{"taxonomy":"scent-family","embeddable":true,"href":"https:\/\/kodointernational.com\/de\/wp-json\/wp\/v2\/scent-family?post=18562"},{"taxonomy":"diffusion-area","embeddable":true,"href":"https:\/\/kodointernational.com\/de\/wp-json\/wp\/v2\/diffusion-area?post=18562"},{"taxonomy":"scent-intensity","embeddable":true,"href":"https:\/\/kodointernational.com\/de\/wp-json\/wp\/v2\/scent-intensity?post=18562"},{"taxonomy":"scent-recommendations","embeddable":true,"href":"https:\/\/kodointernational.com\/de\/wp-json\/wp\/v2\/scent-recommendations?post=18562"},{"taxonomy":"scent-pyramid","embeddable":true,"href":"https:\/\/kodointernational.com\/de\/wp-json\/wp\/v2\/scent-pyramid?post=18562"}],"curies":[{"name":"wp","href":"https:\/\/api.w.org\/{rel}","templated":true}]}}