{"id":18539,"date":"2023-04-27T07:50:43","date_gmt":"2023-04-27T00:50:43","guid":{"rendered":"https:\/\/kodointernational.com\/product\/holzsalbei-und-meersalzparfuem-diffusor-set-fuer-aetherische-oele\/"},"modified":"2024-08-14T18:04:34","modified_gmt":"2024-08-14T11:04:34","slug":"holzsalbei-und-meersalzparfuem-diffusor-set-fuer-aetherische-oele","status":"publish","type":"product","link":"https:\/\/kodointernational.com\/de\/produkt\/holzsalbei-und-meersalzparfuem-diffusor-set-fuer-aetherische-oele\/","title":{"rendered":"Holzsalbei- und Meersalzparf\u00fcm-Diffusor-Set f\u00fcr \u00e4therische \u00d6le"},"content":{"rendered":"","protected":false},"excerpt":{"rendered":"<p>Das Parf\u00fcm-Diffusor-Set mit \u00e4therischen \u00d6len aus Holzsalbei und Meersalz hat einen perfekten Duft von Frische, Leidenschaft, W\u00e4rme, voller Identit\u00e4t und kombiniert Grapefruit, Moschus, Orange und Salbeiholz.<\/p>\n","protected":false},"featured_media":26198,"comment_status":"open","ping_status":"closed","template":"","meta":[],"etheme_brands":[],"product_cat":[845],"product_tag":[],"scent-family":[881],"diffusion-area":[897],"scent-intensity":[907],"scent-recommendations":[921,917,923],"scent-pyramid":[],"class_list":{"0":"post-18539","1":"product","2":"type-product","3":"status-publish","4":"has-post-thumbnail","6":"product_cat-diffusorstab-kit","7":"scent-family-fresh-de","8":"diffusion-area-20m2-de","9":"scent-intensity-light-de","10":"scent-recommendations-ausstellungsraum-de","11":"scent-recommendations-office-de","12":"scent-recommendations-fashion-shop-de","14":"first","15":"instock","16":"shipping-taxable","17":"purchasable","18":"product-type-simple"},"acf":[],"_links":{"self":[{"href":"https:\/\/kodointernational.com\/de\/wp-json\/wp\/v2\/product\/18539","targetHints":{"allow":["GET"]}}],"collection":[{"href":"https:\/\/kodointernational.com\/de\/wp-json\/wp\/v2\/product"}],"about":[{"href":"https:\/\/kodointernational.com\/de\/wp-json\/wp\/v2\/types\/product"}],"replies":[{"embeddable":true,"href":"https:\/\/kodointernational.com\/de\/wp-json\/wp\/v2\/comments?post=18539"}],"version-history":[{"count":0,"href":"https:\/\/kodointernational.com\/de\/wp-json\/wp\/v2\/product\/18539\/revisions"}],"wp:featuredmedia":[{"embeddable":true,"href":"https:\/\/kodointernational.com\/de\/wp-json\/wp\/v2\/media\/26198"}],"wp:attachment":[{"href":"https:\/\/kodointernational.com\/de\/wp-json\/wp\/v2\/media?parent=18539"}],"wp:term":[{"taxonomy":"brand","embeddable":true,"href":"https:\/\/kodointernational.com\/de\/wp-json\/wp\/v2\/etheme_brands?post=18539"},{"taxonomy":"product_cat","embeddable":true,"href":"https:\/\/kodointernational.com\/de\/wp-json\/wp\/v2\/product_cat?post=18539"},{"taxonomy":"product_tag","embeddable":true,"href":"https:\/\/kodointernational.com\/de\/wp-json\/wp\/v2\/product_tag?post=18539"},{"taxonomy":"scent-family","embeddable":true,"href":"https:\/\/kodointernational.com\/de\/wp-json\/wp\/v2\/scent-family?post=18539"},{"taxonomy":"diffusion-area","embeddable":true,"href":"https:\/\/kodointernational.com\/de\/wp-json\/wp\/v2\/diffusion-area?post=18539"},{"taxonomy":"scent-intensity","embeddable":true,"href":"https:\/\/kodointernational.com\/de\/wp-json\/wp\/v2\/scent-intensity?post=18539"},{"taxonomy":"scent-recommendations","embeddable":true,"href":"https:\/\/kodointernational.com\/de\/wp-json\/wp\/v2\/scent-recommendations?post=18539"},{"taxonomy":"scent-pyramid","embeddable":true,"href":"https:\/\/kodointernational.com\/de\/wp-json\/wp\/v2\/scent-pyramid?post=18539"}],"curies":[{"name":"wp","href":"https:\/\/api.w.org\/{rel}","templated":true}]}}