{"id":18533,"date":"2023-04-27T08:21:52","date_gmt":"2023-04-27T01:21:52","guid":{"rendered":"https:\/\/kodointernational.com\/product\/elegantes-parfuem-diffusor-set-fuer-aetherische-oele\/"},"modified":"2024-08-14T15:00:56","modified_gmt":"2024-08-14T08:00:56","slug":"elegantes-parfuem-diffusor-set-fuer-aetherische-oele","status":"publish","type":"product","link":"https:\/\/kodointernational.com\/de\/produkt\/elegantes-parfuem-diffusor-set-fuer-aetherische-oele\/","title":{"rendered":"Elegantes Parf\u00fcm-Diffusor-Set f\u00fcr \u00e4therische \u00d6le"},"content":{"rendered":"","protected":false},"excerpt":{"rendered":"<p>Elegant ist ein sehr eleganter und eleganter Duft. Dieses Produkt hat einen sanften, zarten Duft mit einer Kombination aus Bergamotte, Makrone, Jasmin, Zedernholz, Moos und Guajakholz <\/p>\n","protected":false},"featured_media":26061,"comment_status":"open","ping_status":"closed","template":"","meta":[],"etheme_brands":[],"product_cat":[845],"product_tag":[],"scent-family":[],"diffusion-area":[897],"scent-intensity":[911],"scent-recommendations":[933,921,937,923],"scent-pyramid":[],"class_list":{"0":"post-18533","1":"product","2":"type-product","3":"status-publish","4":"has-post-thumbnail","6":"product_cat-diffusorstab-kit","7":"diffusion-area-20m2-de","8":"scent-intensity-strong-de","9":"scent-recommendations-appartement-de","10":"scent-recommendations-ausstellungsraum-de","11":"scent-recommendations-bar-de","12":"scent-recommendations-fashion-shop-de","14":"first","15":"instock","16":"shipping-taxable","17":"purchasable","18":"product-type-simple"},"acf":[],"_links":{"self":[{"href":"https:\/\/kodointernational.com\/de\/wp-json\/wp\/v2\/product\/18533","targetHints":{"allow":["GET"]}}],"collection":[{"href":"https:\/\/kodointernational.com\/de\/wp-json\/wp\/v2\/product"}],"about":[{"href":"https:\/\/kodointernational.com\/de\/wp-json\/wp\/v2\/types\/product"}],"replies":[{"embeddable":true,"href":"https:\/\/kodointernational.com\/de\/wp-json\/wp\/v2\/comments?post=18533"}],"version-history":[{"count":0,"href":"https:\/\/kodointernational.com\/de\/wp-json\/wp\/v2\/product\/18533\/revisions"}],"wp:featuredmedia":[{"embeddable":true,"href":"https:\/\/kodointernational.com\/de\/wp-json\/wp\/v2\/media\/26061"}],"wp:attachment":[{"href":"https:\/\/kodointernational.com\/de\/wp-json\/wp\/v2\/media?parent=18533"}],"wp:term":[{"taxonomy":"brand","embeddable":true,"href":"https:\/\/kodointernational.com\/de\/wp-json\/wp\/v2\/etheme_brands?post=18533"},{"taxonomy":"product_cat","embeddable":true,"href":"https:\/\/kodointernational.com\/de\/wp-json\/wp\/v2\/product_cat?post=18533"},{"taxonomy":"product_tag","embeddable":true,"href":"https:\/\/kodointernational.com\/de\/wp-json\/wp\/v2\/product_tag?post=18533"},{"taxonomy":"scent-family","embeddable":true,"href":"https:\/\/kodointernational.com\/de\/wp-json\/wp\/v2\/scent-family?post=18533"},{"taxonomy":"diffusion-area","embeddable":true,"href":"https:\/\/kodointernational.com\/de\/wp-json\/wp\/v2\/diffusion-area?post=18533"},{"taxonomy":"scent-intensity","embeddable":true,"href":"https:\/\/kodointernational.com\/de\/wp-json\/wp\/v2\/scent-intensity?post=18533"},{"taxonomy":"scent-recommendations","embeddable":true,"href":"https:\/\/kodointernational.com\/de\/wp-json\/wp\/v2\/scent-recommendations?post=18533"},{"taxonomy":"scent-pyramid","embeddable":true,"href":"https:\/\/kodointernational.com\/de\/wp-json\/wp\/v2\/scent-pyramid?post=18533"}],"curies":[{"name":"wp","href":"https:\/\/api.w.org\/{rel}","templated":true}]}}