{"id":18528,"date":"2023-04-27T07:45:24","date_gmt":"2023-04-27T00:45:24","guid":{"rendered":"https:\/\/kodointernational.com\/product\/urban-legend-parfuem-diffusor-set-fuer-aetherische-oele\/"},"modified":"2024-08-14T17:46:16","modified_gmt":"2024-08-14T10:46:16","slug":"urban-legend-parfuem-diffusor-set-fuer-aetherische-oele","status":"publish","type":"product","link":"https:\/\/kodointernational.com\/de\/produkt\/urban-legend-parfuem-diffusor-set-fuer-aetherische-oele\/","title":{"rendered":"Urban Legend Parf\u00fcm Diffusor-Set f\u00fcr \u00e4therische \u00d6le"},"content":{"rendered":"","protected":false},"excerpt":{"rendered":"<p>Das Urban Legend Parf\u00fcm-Diffusor-Set mit \u00e4therischen \u00d6len ist f\u00fcr diejenigen geeignet, die die Balance zwischen Frische und W\u00e4rme lieben und einen interessanten und einzigartigen Raum schaffen m\u00f6chten, indem sie gr\u00fcne Bl\u00e4tter, Orange, Zitrone, Iris, Magnolie, Patschuli, Tonkabohne, Vanille, Zedernholz, Eichenmoos, Moschus<\/p>\n","protected":false},"featured_media":26180,"comment_status":"open","ping_status":"closed","template":"","meta":[],"etheme_brands":[],"product_cat":[845],"product_tag":[],"scent-family":[889],"diffusion-area":[897],"scent-intensity":[911],"scent-recommendations":[933,921,937,923],"scent-pyramid":[],"class_list":{"0":"post-18528","1":"product","2":"type-product","3":"status-publish","4":"has-post-thumbnail","6":"product_cat-diffusorstab-kit","7":"scent-family-unisex-de","8":"diffusion-area-20m2-de","9":"scent-intensity-strong-de","10":"scent-recommendations-appartement-de","11":"scent-recommendations-ausstellungsraum-de","12":"scent-recommendations-bar-de","13":"scent-recommendations-fashion-shop-de","15":"first","16":"instock","17":"shipping-taxable","18":"purchasable","19":"product-type-simple"},"acf":[],"_links":{"self":[{"href":"https:\/\/kodointernational.com\/de\/wp-json\/wp\/v2\/product\/18528","targetHints":{"allow":["GET"]}}],"collection":[{"href":"https:\/\/kodointernational.com\/de\/wp-json\/wp\/v2\/product"}],"about":[{"href":"https:\/\/kodointernational.com\/de\/wp-json\/wp\/v2\/types\/product"}],"replies":[{"embeddable":true,"href":"https:\/\/kodointernational.com\/de\/wp-json\/wp\/v2\/comments?post=18528"}],"version-history":[{"count":0,"href":"https:\/\/kodointernational.com\/de\/wp-json\/wp\/v2\/product\/18528\/revisions"}],"wp:featuredmedia":[{"embeddable":true,"href":"https:\/\/kodointernational.com\/de\/wp-json\/wp\/v2\/media\/26180"}],"wp:attachment":[{"href":"https:\/\/kodointernational.com\/de\/wp-json\/wp\/v2\/media?parent=18528"}],"wp:term":[{"taxonomy":"brand","embeddable":true,"href":"https:\/\/kodointernational.com\/de\/wp-json\/wp\/v2\/etheme_brands?post=18528"},{"taxonomy":"product_cat","embeddable":true,"href":"https:\/\/kodointernational.com\/de\/wp-json\/wp\/v2\/product_cat?post=18528"},{"taxonomy":"product_tag","embeddable":true,"href":"https:\/\/kodointernational.com\/de\/wp-json\/wp\/v2\/product_tag?post=18528"},{"taxonomy":"scent-family","embeddable":true,"href":"https:\/\/kodointernational.com\/de\/wp-json\/wp\/v2\/scent-family?post=18528"},{"taxonomy":"diffusion-area","embeddable":true,"href":"https:\/\/kodointernational.com\/de\/wp-json\/wp\/v2\/diffusion-area?post=18528"},{"taxonomy":"scent-intensity","embeddable":true,"href":"https:\/\/kodointernational.com\/de\/wp-json\/wp\/v2\/scent-intensity?post=18528"},{"taxonomy":"scent-recommendations","embeddable":true,"href":"https:\/\/kodointernational.com\/de\/wp-json\/wp\/v2\/scent-recommendations?post=18528"},{"taxonomy":"scent-pyramid","embeddable":true,"href":"https:\/\/kodointernational.com\/de\/wp-json\/wp\/v2\/scent-pyramid?post=18528"}],"curies":[{"name":"wp","href":"https:\/\/api.w.org\/{rel}","templated":true}]}}