{"id":18488,"date":"2023-06-01T15:52:43","date_gmt":"2023-06-01T08:52:43","guid":{"rendered":"https:\/\/kodointernational.com\/product\/aetherisches-zitronengrasoel\/"},"modified":"2023-11-07T21:29:21","modified_gmt":"2023-11-07T14:29:21","slug":"aetherisches-zitronengrasoel","status":"publish","type":"product","link":"https:\/\/kodointernational.com\/de\/produkt\/aetherisches-zitronengrasoel\/","title":{"rendered":"\u00c4therisches Zitronengras\u00f6l"},"content":{"rendered":"","protected":false},"excerpt":{"rendered":"<p style=\"text-align: justify;\"><span style=\"font-weight: 400; font-size: 12pt;\">Nat\u00fcrliches \u00e4therisches Zitronengras\u00f6l sorgt f\u00fcr ein erfrischendes Zitronengrasaroma und bietet viele Vorteile. Dies ist ein <span style=\"color: #3366ff;\"><br \/>\n<a style=\"color: #3366ff;\" href=\"https:\/\/kodointernational.com\/tinh-dau\/\" target=\"_blank\" rel=\"noopener\">reines \u00e4therisches \u00d6l<\/a><br \/>\n<\/span> , das eine <strong>desodorierende Wirkung hat, die Luft reinigt<\/strong> und <strong>hilft, den Geist zu entspannen und Stress abzubauen<\/strong>. Insbesondere besteht auch die F\u00e4higkeit, <strong>M\u00fccken und Insekten effektiv abzuwehren<\/strong> .<\/span><\/p>\n","protected":false},"featured_media":18451,"comment_status":"open","ping_status":"closed","template":"","meta":[],"etheme_brands":[],"product_cat":[843],"product_tag":[],"scent-family":[],"diffusion-area":[],"scent-intensity":[],"scent-recommendations":[],"scent-pyramid":[],"class_list":{"0":"post-18488","1":"product","2":"type-product","3":"status-publish","4":"has-post-thumbnail","6":"product_cat-natuerliche-aetherische-oele-de","7":"pa_dung-tich-10ml","8":"pa_dung-tich-110ml","10":"first","11":"instock","12":"shipping-taxable","13":"purchasable","14":"product-type-simple"},"acf":[],"_links":{"self":[{"href":"https:\/\/kodointernational.com\/de\/wp-json\/wp\/v2\/product\/18488","targetHints":{"allow":["GET"]}}],"collection":[{"href":"https:\/\/kodointernational.com\/de\/wp-json\/wp\/v2\/product"}],"about":[{"href":"https:\/\/kodointernational.com\/de\/wp-json\/wp\/v2\/types\/product"}],"replies":[{"embeddable":true,"href":"https:\/\/kodointernational.com\/de\/wp-json\/wp\/v2\/comments?post=18488"}],"version-history":[{"count":0,"href":"https:\/\/kodointernational.com\/de\/wp-json\/wp\/v2\/product\/18488\/revisions"}],"wp:featuredmedia":[{"embeddable":true,"href":"https:\/\/kodointernational.com\/de\/wp-json\/wp\/v2\/media\/18451"}],"wp:attachment":[{"href":"https:\/\/kodointernational.com\/de\/wp-json\/wp\/v2\/media?parent=18488"}],"wp:term":[{"taxonomy":"brand","embeddable":true,"href":"https:\/\/kodointernational.com\/de\/wp-json\/wp\/v2\/etheme_brands?post=18488"},{"taxonomy":"product_cat","embeddable":true,"href":"https:\/\/kodointernational.com\/de\/wp-json\/wp\/v2\/product_cat?post=18488"},{"taxonomy":"product_tag","embeddable":true,"href":"https:\/\/kodointernational.com\/de\/wp-json\/wp\/v2\/product_tag?post=18488"},{"taxonomy":"scent-family","embeddable":true,"href":"https:\/\/kodointernational.com\/de\/wp-json\/wp\/v2\/scent-family?post=18488"},{"taxonomy":"diffusion-area","embeddable":true,"href":"https:\/\/kodointernational.com\/de\/wp-json\/wp\/v2\/diffusion-area?post=18488"},{"taxonomy":"scent-intensity","embeddable":true,"href":"https:\/\/kodointernational.com\/de\/wp-json\/wp\/v2\/scent-intensity?post=18488"},{"taxonomy":"scent-recommendations","embeddable":true,"href":"https:\/\/kodointernational.com\/de\/wp-json\/wp\/v2\/scent-recommendations?post=18488"},{"taxonomy":"scent-pyramid","embeddable":true,"href":"https:\/\/kodointernational.com\/de\/wp-json\/wp\/v2\/scent-pyramid?post=18488"}],"curies":[{"name":"wp","href":"https:\/\/api.w.org\/{rel}","templated":true}]}}