{"id":18461,"date":"2023-06-01T16:26:29","date_gmt":"2023-06-01T09:26:29","guid":{"rendered":"https:\/\/kodointernational.com\/product\/aetherisches-thai-spa-oel\/"},"modified":"2023-11-07T21:10:14","modified_gmt":"2023-11-07T14:10:14","slug":"aetherisches-thai-spa-oel","status":"publish","type":"product","link":"https:\/\/kodointernational.com\/de\/produkt\/aetherisches-thai-spa-oel\/","title":{"rendered":"\u00c4therisches Thai-Spa-\u00d6l"},"content":{"rendered":"","protected":false},"excerpt":{"rendered":"<p>Das \u00e4therische \u00d6l von Thai Spa ist ein \u00e4therisches \u00d6l, das von traditionellen thail\u00e4ndischen Gesundheits- und Sch\u00f6nheitsbehandlungen inspiriert ist und aus pflanzlichen \u00e4therischen \u00d6len und anderen nat\u00fcrlichen Inhaltsstoffen gemischt wird, um einen unverwechselbaren Duft zu kreieren.<\/p>\n","protected":false},"featured_media":18464,"comment_status":"open","ping_status":"closed","template":"","meta":[],"etheme_brands":[],"product_cat":[843],"product_tag":[],"scent-family":[],"diffusion-area":[],"scent-intensity":[],"scent-recommendations":[],"scent-pyramid":[],"class_list":{"0":"post-18461","1":"product","2":"type-product","3":"status-publish","4":"has-post-thumbnail","6":"product_cat-natuerliche-aetherische-oele-de","7":"pa_dung-tich-10ml","8":"pa_dung-tich-110ml","10":"first","11":"instock","12":"shipping-taxable","13":"purchasable","14":"product-type-simple"},"acf":[],"_links":{"self":[{"href":"https:\/\/kodointernational.com\/de\/wp-json\/wp\/v2\/product\/18461","targetHints":{"allow":["GET"]}}],"collection":[{"href":"https:\/\/kodointernational.com\/de\/wp-json\/wp\/v2\/product"}],"about":[{"href":"https:\/\/kodointernational.com\/de\/wp-json\/wp\/v2\/types\/product"}],"replies":[{"embeddable":true,"href":"https:\/\/kodointernational.com\/de\/wp-json\/wp\/v2\/comments?post=18461"}],"version-history":[{"count":0,"href":"https:\/\/kodointernational.com\/de\/wp-json\/wp\/v2\/product\/18461\/revisions"}],"wp:featuredmedia":[{"embeddable":true,"href":"https:\/\/kodointernational.com\/de\/wp-json\/wp\/v2\/media\/18464"}],"wp:attachment":[{"href":"https:\/\/kodointernational.com\/de\/wp-json\/wp\/v2\/media?parent=18461"}],"wp:term":[{"taxonomy":"brand","embeddable":true,"href":"https:\/\/kodointernational.com\/de\/wp-json\/wp\/v2\/etheme_brands?post=18461"},{"taxonomy":"product_cat","embeddable":true,"href":"https:\/\/kodointernational.com\/de\/wp-json\/wp\/v2\/product_cat?post=18461"},{"taxonomy":"product_tag","embeddable":true,"href":"https:\/\/kodointernational.com\/de\/wp-json\/wp\/v2\/product_tag?post=18461"},{"taxonomy":"scent-family","embeddable":true,"href":"https:\/\/kodointernational.com\/de\/wp-json\/wp\/v2\/scent-family?post=18461"},{"taxonomy":"diffusion-area","embeddable":true,"href":"https:\/\/kodointernational.com\/de\/wp-json\/wp\/v2\/diffusion-area?post=18461"},{"taxonomy":"scent-intensity","embeddable":true,"href":"https:\/\/kodointernational.com\/de\/wp-json\/wp\/v2\/scent-intensity?post=18461"},{"taxonomy":"scent-recommendations","embeddable":true,"href":"https:\/\/kodointernational.com\/de\/wp-json\/wp\/v2\/scent-recommendations?post=18461"},{"taxonomy":"scent-pyramid","embeddable":true,"href":"https:\/\/kodointernational.com\/de\/wp-json\/wp\/v2\/scent-pyramid?post=18461"}],"curies":[{"name":"wp","href":"https:\/\/api.w.org\/{rel}","templated":true}]}}