{"id":18421,"date":"2023-07-01T14:39:48","date_gmt":"2023-07-01T07:39:48","guid":{"rendered":"https:\/\/kodointernational.com\/product\/das-intercon-parfuemspray\/"},"modified":"2023-11-07T17:22:01","modified_gmt":"2023-11-07T10:22:01","slug":"das-intercon-parfuemspray","status":"publish","type":"product","link":"https:\/\/kodointernational.com\/de\/produkt\/das-intercon-parfuemspray\/","title":{"rendered":"Das Intercon Parf\u00fcmspray"},"content":{"rendered":"","protected":false},"excerpt":{"rendered":"<p>Das Intercon Parf\u00fcmspray ist ein einzigartiges Parf\u00fcmprodukt, das Ihnen ein verf\u00fchrerisches Dufterlebnis bietet. Dieser Duft vereint die Frische von Orangenbl\u00fcte und Grapefruit mit dem Charme und der Leidenschaft von Rose und Jasmin<\/p>\n","protected":false},"featured_media":25348,"comment_status":"open","ping_status":"closed","template":"","meta":[],"etheme_brands":[],"product_cat":[831],"product_tag":[],"scent-family":[],"diffusion-area":[],"scent-intensity":[],"scent-recommendations":[],"scent-pyramid":[],"class_list":{"0":"post-18421","1":"product","2":"type-product","3":"status-publish","4":"has-post-thumbnail","6":"product_cat-parfuem-spray","8":"first","9":"instock","10":"shipping-taxable","11":"purchasable","12":"product-type-simple"},"acf":[],"_links":{"self":[{"href":"https:\/\/kodointernational.com\/de\/wp-json\/wp\/v2\/product\/18421","targetHints":{"allow":["GET"]}}],"collection":[{"href":"https:\/\/kodointernational.com\/de\/wp-json\/wp\/v2\/product"}],"about":[{"href":"https:\/\/kodointernational.com\/de\/wp-json\/wp\/v2\/types\/product"}],"replies":[{"embeddable":true,"href":"https:\/\/kodointernational.com\/de\/wp-json\/wp\/v2\/comments?post=18421"}],"version-history":[{"count":0,"href":"https:\/\/kodointernational.com\/de\/wp-json\/wp\/v2\/product\/18421\/revisions"}],"wp:featuredmedia":[{"embeddable":true,"href":"https:\/\/kodointernational.com\/de\/wp-json\/wp\/v2\/media\/25348"}],"wp:attachment":[{"href":"https:\/\/kodointernational.com\/de\/wp-json\/wp\/v2\/media?parent=18421"}],"wp:term":[{"taxonomy":"brand","embeddable":true,"href":"https:\/\/kodointernational.com\/de\/wp-json\/wp\/v2\/etheme_brands?post=18421"},{"taxonomy":"product_cat","embeddable":true,"href":"https:\/\/kodointernational.com\/de\/wp-json\/wp\/v2\/product_cat?post=18421"},{"taxonomy":"product_tag","embeddable":true,"href":"https:\/\/kodointernational.com\/de\/wp-json\/wp\/v2\/product_tag?post=18421"},{"taxonomy":"scent-family","embeddable":true,"href":"https:\/\/kodointernational.com\/de\/wp-json\/wp\/v2\/scent-family?post=18421"},{"taxonomy":"diffusion-area","embeddable":true,"href":"https:\/\/kodointernational.com\/de\/wp-json\/wp\/v2\/diffusion-area?post=18421"},{"taxonomy":"scent-intensity","embeddable":true,"href":"https:\/\/kodointernational.com\/de\/wp-json\/wp\/v2\/scent-intensity?post=18421"},{"taxonomy":"scent-recommendations","embeddable":true,"href":"https:\/\/kodointernational.com\/de\/wp-json\/wp\/v2\/scent-recommendations?post=18421"},{"taxonomy":"scent-pyramid","embeddable":true,"href":"https:\/\/kodointernational.com\/de\/wp-json\/wp\/v2\/scent-pyramid?post=18421"}],"curies":[{"name":"wp","href":"https:\/\/api.w.org\/{rel}","templated":true}]}}