{"id":18418,"date":"2023-07-24T13:51:48","date_gmt":"2023-07-24T06:51:48","guid":{"rendered":"https:\/\/kodointernational.com\/product\/klean-plus-universal-spruehflasche\/"},"modified":"2024-08-17T17:23:39","modified_gmt":"2024-08-17T10:23:39","slug":"klean-plus-universal-spruehflasche","status":"publish","type":"product","link":"https:\/\/kodointernational.com\/de\/produkt\/klean-plus-universal-spruehflasche\/","title":{"rendered":"Klean Plus Universal-Spr\u00fchflasche"},"content":{"rendered":"","protected":false},"excerpt":{"rendered":"<p>Klean+-L\u00f6sung in Nebelform, enth\u00e4lt nat\u00fcrliche \u00e4therische \u00d6le zur sicheren Desinfektion und Reinigung. T\u00f6tet 99,99 % der Keime, Bakterien und Pilze, die unangenehme Ger\u00fcche verursachen. Reinigt Ihre H\u00e4nde sicher, da es 100 % nat\u00fcrliche Inhaltsstoffe enth\u00e4lt, zertifiziert von der US-amerikanischen FDA. Das Produkt ist vom T\u00dcV Deutschland und Vinacontrol zertifiziert. Fassungsverm\u00f6gen 50 ml, \u00fcber 350 Spr\u00fchst\u00f6\u00dfe, kompakt, praktisch, leicht zu tragen. Inhaltsstoffe: Ethanol 67 %; Wasser, nat\u00fcrliche \u00e4therische \u00d6le mit hohen antibakteriellen Eigenschaften, Pflanzenextrakte gegen trockene Haut. Sehr angenehmer nat\u00fcrlicher Duft, der den ganzen Tag ein Gef\u00fchl der Entspannung und Sauberkeit vermittelt<\/p>\n","protected":false},"featured_media":26366,"comment_status":"open","ping_status":"closed","template":"","meta":[],"etheme_brands":[],"product_cat":[837],"product_tag":[],"scent-family":[893],"diffusion-area":[],"scent-intensity":[909],"scent-recommendations":[],"scent-pyramid":[],"class_list":{"0":"post-18418","1":"product","2":"type-product","3":"status-publish","4":"has-post-thumbnail","6":"product_cat-weitere-produkte","7":"pa_mui-huong-citrus-mist","8":"pa_mui-huong-forest-mist","9":"pa_mui-huong-lavender-mist","10":"pa_mui-huong-yuyu-mist","11":"scent-family-natural-de","12":"scent-intensity-medium-de","14":"first","15":"instock","16":"shipping-taxable","17":"purchasable","18":"product-type-variable"},"acf":[],"_links":{"self":[{"href":"https:\/\/kodointernational.com\/de\/wp-json\/wp\/v2\/product\/18418","targetHints":{"allow":["GET"]}}],"collection":[{"href":"https:\/\/kodointernational.com\/de\/wp-json\/wp\/v2\/product"}],"about":[{"href":"https:\/\/kodointernational.com\/de\/wp-json\/wp\/v2\/types\/product"}],"replies":[{"embeddable":true,"href":"https:\/\/kodointernational.com\/de\/wp-json\/wp\/v2\/comments?post=18418"}],"version-history":[{"count":0,"href":"https:\/\/kodointernational.com\/de\/wp-json\/wp\/v2\/product\/18418\/revisions"}],"wp:featuredmedia":[{"embeddable":true,"href":"https:\/\/kodointernational.com\/de\/wp-json\/wp\/v2\/media\/26366"}],"wp:attachment":[{"href":"https:\/\/kodointernational.com\/de\/wp-json\/wp\/v2\/media?parent=18418"}],"wp:term":[{"taxonomy":"brand","embeddable":true,"href":"https:\/\/kodointernational.com\/de\/wp-json\/wp\/v2\/etheme_brands?post=18418"},{"taxonomy":"product_cat","embeddable":true,"href":"https:\/\/kodointernational.com\/de\/wp-json\/wp\/v2\/product_cat?post=18418"},{"taxonomy":"product_tag","embeddable":true,"href":"https:\/\/kodointernational.com\/de\/wp-json\/wp\/v2\/product_tag?post=18418"},{"taxonomy":"scent-family","embeddable":true,"href":"https:\/\/kodointernational.com\/de\/wp-json\/wp\/v2\/scent-family?post=18418"},{"taxonomy":"diffusion-area","embeddable":true,"href":"https:\/\/kodointernational.com\/de\/wp-json\/wp\/v2\/diffusion-area?post=18418"},{"taxonomy":"scent-intensity","embeddable":true,"href":"https:\/\/kodointernational.com\/de\/wp-json\/wp\/v2\/scent-intensity?post=18418"},{"taxonomy":"scent-recommendations","embeddable":true,"href":"https:\/\/kodointernational.com\/de\/wp-json\/wp\/v2\/scent-recommendations?post=18418"},{"taxonomy":"scent-pyramid","embeddable":true,"href":"https:\/\/kodointernational.com\/de\/wp-json\/wp\/v2\/scent-pyramid?post=18418"}],"curies":[{"name":"wp","href":"https:\/\/api.w.org\/{rel}","templated":true}]}}