{"id":18389,"date":"2023-09-28T09:43:53","date_gmt":"2023-09-28T02:43:53","guid":{"rendered":"https:\/\/kodointernational.com\/?post_type=product&#038;p=18389"},"modified":"2023-11-02T11:55:11","modified_gmt":"2023-11-02T04:55:11","slug":"kubanisches-tabakparfuem-aetherische-oel-duftkerzen-kopie","status":"publish","type":"product","link":"https:\/\/kodointernational.com\/de\/produkt\/kubanisches-tabakparfuem-aetherische-oel-duftkerzen-kopie\/","title":{"rendered":"Kubanisches Tabakparf\u00fcm \u00e4therische \u00d6l-Duftkerzen (Kopie)"},"content":{"rendered":"<p>Sein Duft bringt Komfort und Erfrischung, als w\u00fcrden wir in einen friedlichen und reinen Raum mit der nat\u00fcrlichen Umgebung eintauchen.<\/p>\n","protected":false},"excerpt":{"rendered":"<p>Cuban Tobacco Duftkerzen f\u00fchlen sich oft luxuri\u00f6s, gem\u00fctlich und einladend an. Besonders geeignet f\u00fcr diejenigen, die rauchige Aromen lieben oder in den einzigartigen Duft Kubas eintauchen.<\/p>\n","protected":false},"featured_media":25076,"comment_status":"open","ping_status":"closed","template":"","meta":[],"etheme_brands":[],"product_cat":[830],"product_tag":[],"scent-family":[],"diffusion-area":[],"scent-intensity":[],"scent-recommendations":[],"scent-pyramid":[],"class_list":{"0":"post-18389","1":"product","2":"type-product","3":"status-publish","4":"has-post-thumbnail","6":"product_cat-duftkerzen","8":"first","9":"instock","10":"shipping-taxable","11":"purchasable","12":"product-type-simple"},"acf":[],"_links":{"self":[{"href":"https:\/\/kodointernational.com\/de\/wp-json\/wp\/v2\/product\/18389","targetHints":{"allow":["GET"]}}],"collection":[{"href":"https:\/\/kodointernational.com\/de\/wp-json\/wp\/v2\/product"}],"about":[{"href":"https:\/\/kodointernational.com\/de\/wp-json\/wp\/v2\/types\/product"}],"replies":[{"embeddable":true,"href":"https:\/\/kodointernational.com\/de\/wp-json\/wp\/v2\/comments?post=18389"}],"version-history":[{"count":0,"href":"https:\/\/kodointernational.com\/de\/wp-json\/wp\/v2\/product\/18389\/revisions"}],"wp:featuredmedia":[{"embeddable":true,"href":"https:\/\/kodointernational.com\/de\/wp-json\/wp\/v2\/media\/25076"}],"wp:attachment":[{"href":"https:\/\/kodointernational.com\/de\/wp-json\/wp\/v2\/media?parent=18389"}],"wp:term":[{"taxonomy":"brand","embeddable":true,"href":"https:\/\/kodointernational.com\/de\/wp-json\/wp\/v2\/etheme_brands?post=18389"},{"taxonomy":"product_cat","embeddable":true,"href":"https:\/\/kodointernational.com\/de\/wp-json\/wp\/v2\/product_cat?post=18389"},{"taxonomy":"product_tag","embeddable":true,"href":"https:\/\/kodointernational.com\/de\/wp-json\/wp\/v2\/product_tag?post=18389"},{"taxonomy":"scent-family","embeddable":true,"href":"https:\/\/kodointernational.com\/de\/wp-json\/wp\/v2\/scent-family?post=18389"},{"taxonomy":"diffusion-area","embeddable":true,"href":"https:\/\/kodointernational.com\/de\/wp-json\/wp\/v2\/diffusion-area?post=18389"},{"taxonomy":"scent-intensity","embeddable":true,"href":"https:\/\/kodointernational.com\/de\/wp-json\/wp\/v2\/scent-intensity?post=18389"},{"taxonomy":"scent-recommendations","embeddable":true,"href":"https:\/\/kodointernational.com\/de\/wp-json\/wp\/v2\/scent-recommendations?post=18389"},{"taxonomy":"scent-pyramid","embeddable":true,"href":"https:\/\/kodointernational.com\/de\/wp-json\/wp\/v2\/scent-pyramid?post=18389"}],"curies":[{"name":"wp","href":"https:\/\/api.w.org\/{rel}","templated":true}]}}