{"id":18200,"date":"2023-09-29T14:38:15","date_gmt":"2023-09-29T07:38:15","guid":{"rendered":"https:\/\/kodointernational.com\/product\/kodo-glasturm-m\/"},"modified":"2023-11-08T13:19:20","modified_gmt":"2023-11-08T06:19:20","slug":"kodo-glasturm-m","status":"publish","type":"product","link":"https:\/\/kodointernational.com\/de\/produkt\/kodo-glasturm-m\/","title":{"rendered":"Kodo Glasturm M"},"content":{"rendered":"","protected":false},"excerpt":{"rendered":"<p>Die Diffusoren f\u00fcr industrielle \u00e4therische \u00d6le der Kodo 1000-Serie sind auf gro\u00dfe R\u00e4ume wie Hotels, Resorts, Ausstellungszentren, Einkaufszentren, &#8230; Die elegante und luxuri\u00f6se schwarze Designmaschine wird ein Highlight sein, um einen stilvollen Raum zu schaffen.<\/p>\n","protected":false},"featured_media":26939,"comment_status":"open","ping_status":"closed","template":"","meta":[],"etheme_brands":[],"product_cat":[823,824],"product_tag":[],"scent-family":[],"diffusion-area":[899,901,897,903,895],"scent-intensity":[],"scent-recommendations":[921,915,931],"scent-pyramid":[],"class_list":{"0":"post-18200","1":"product","2":"type-product","3":"status-publish","4":"has-post-thumbnail","6":"product_cat-diffusor","7":"product_cat-professional-serie","8":"pa_kodo-model-310ac","9":"pa_kodo-model-1000ac","10":"pa_kodo-model-2100ac","11":"diffusion-area-100m2-de","12":"diffusion-area-200m2-2-de","13":"diffusion-area-20m2-de","14":"diffusion-area-500m2-de","15":"diffusion-area-50m-de","16":"scent-recommendations-ausstellungsraum-de","17":"scent-recommendations-konferenzzentrum-de","18":"scent-recommendations-krankenhaus-de","20":"first","21":"instock","22":"shipping-taxable","23":"purchasable","24":"product-type-simple"},"acf":[],"_links":{"self":[{"href":"https:\/\/kodointernational.com\/de\/wp-json\/wp\/v2\/product\/18200","targetHints":{"allow":["GET"]}}],"collection":[{"href":"https:\/\/kodointernational.com\/de\/wp-json\/wp\/v2\/product"}],"about":[{"href":"https:\/\/kodointernational.com\/de\/wp-json\/wp\/v2\/types\/product"}],"replies":[{"embeddable":true,"href":"https:\/\/kodointernational.com\/de\/wp-json\/wp\/v2\/comments?post=18200"}],"version-history":[{"count":0,"href":"https:\/\/kodointernational.com\/de\/wp-json\/wp\/v2\/product\/18200\/revisions"}],"wp:featuredmedia":[{"embeddable":true,"href":"https:\/\/kodointernational.com\/de\/wp-json\/wp\/v2\/media\/26939"}],"wp:attachment":[{"href":"https:\/\/kodointernational.com\/de\/wp-json\/wp\/v2\/media?parent=18200"}],"wp:term":[{"taxonomy":"brand","embeddable":true,"href":"https:\/\/kodointernational.com\/de\/wp-json\/wp\/v2\/etheme_brands?post=18200"},{"taxonomy":"product_cat","embeddable":true,"href":"https:\/\/kodointernational.com\/de\/wp-json\/wp\/v2\/product_cat?post=18200"},{"taxonomy":"product_tag","embeddable":true,"href":"https:\/\/kodointernational.com\/de\/wp-json\/wp\/v2\/product_tag?post=18200"},{"taxonomy":"scent-family","embeddable":true,"href":"https:\/\/kodointernational.com\/de\/wp-json\/wp\/v2\/scent-family?post=18200"},{"taxonomy":"diffusion-area","embeddable":true,"href":"https:\/\/kodointernational.com\/de\/wp-json\/wp\/v2\/diffusion-area?post=18200"},{"taxonomy":"scent-intensity","embeddable":true,"href":"https:\/\/kodointernational.com\/de\/wp-json\/wp\/v2\/scent-intensity?post=18200"},{"taxonomy":"scent-recommendations","embeddable":true,"href":"https:\/\/kodointernational.com\/de\/wp-json\/wp\/v2\/scent-recommendations?post=18200"},{"taxonomy":"scent-pyramid","embeddable":true,"href":"https:\/\/kodointernational.com\/de\/wp-json\/wp\/v2\/scent-pyramid?post=18200"}],"curies":[{"name":"wp","href":"https:\/\/api.w.org\/{rel}","templated":true}]}}