{"id":18194,"date":"2023-10-11T10:14:13","date_gmt":"2023-10-11T03:14:13","guid":{"rendered":"https:\/\/kodointernational.com\/product\/kodo-eco-2\/"},"modified":"2023-11-07T16:09:53","modified_gmt":"2023-11-07T09:09:53","slug":"kodo-eco-2","status":"publish","type":"product","link":"https:\/\/kodointernational.com\/de\/produkt\/kodo-eco-2\/","title":{"rendered":"KODO ECO 2"},"content":{"rendered":"","protected":false},"excerpt":{"rendered":"<p>Eco 2 ist eine verbesserte Version von Kodo Eco, die die Leistung steigert, \u00e4therische \u00d6le spart und auch Deodorant-Wirkstoffe enth\u00e4lt, die helfen, Ger\u00fcche und Bakterien abzut\u00f6ten. Spezialisierte Maschinen f\u00fcr R\u00e4ume wie Toiletten, Aufzugsbereiche ,&#8230; Mit seiner ultrakompakten Gr\u00f6\u00dfe und dem Batteriebetrieb l\u00e4sst er sich leicht in jeder Position aufstellen, ohne auf eine feste Stromversorgung angewiesen zu sein.<\/p>\n","protected":false},"featured_media":26926,"comment_status":"open","ping_status":"closed","template":"","meta":[],"etheme_brands":[],"product_cat":[823,824],"product_tag":[],"scent-family":[],"diffusion-area":[897,895],"scent-intensity":[],"scent-recommendations":[],"scent-pyramid":[],"class_list":{"0":"post-18194","1":"product","2":"type-product","3":"status-publish","4":"has-post-thumbnail","6":"product_cat-diffusor","7":"product_cat-professional-serie","8":"diffusion-area-20m2-de","9":"diffusion-area-50m-de","11":"first","12":"instock","13":"shipping-taxable","14":"purchasable","15":"product-type-simple"},"acf":[],"_links":{"self":[{"href":"https:\/\/kodointernational.com\/de\/wp-json\/wp\/v2\/product\/18194","targetHints":{"allow":["GET"]}}],"collection":[{"href":"https:\/\/kodointernational.com\/de\/wp-json\/wp\/v2\/product"}],"about":[{"href":"https:\/\/kodointernational.com\/de\/wp-json\/wp\/v2\/types\/product"}],"replies":[{"embeddable":true,"href":"https:\/\/kodointernational.com\/de\/wp-json\/wp\/v2\/comments?post=18194"}],"version-history":[{"count":0,"href":"https:\/\/kodointernational.com\/de\/wp-json\/wp\/v2\/product\/18194\/revisions"}],"wp:featuredmedia":[{"embeddable":true,"href":"https:\/\/kodointernational.com\/de\/wp-json\/wp\/v2\/media\/26926"}],"wp:attachment":[{"href":"https:\/\/kodointernational.com\/de\/wp-json\/wp\/v2\/media?parent=18194"}],"wp:term":[{"taxonomy":"brand","embeddable":true,"href":"https:\/\/kodointernational.com\/de\/wp-json\/wp\/v2\/etheme_brands?post=18194"},{"taxonomy":"product_cat","embeddable":true,"href":"https:\/\/kodointernational.com\/de\/wp-json\/wp\/v2\/product_cat?post=18194"},{"taxonomy":"product_tag","embeddable":true,"href":"https:\/\/kodointernational.com\/de\/wp-json\/wp\/v2\/product_tag?post=18194"},{"taxonomy":"scent-family","embeddable":true,"href":"https:\/\/kodointernational.com\/de\/wp-json\/wp\/v2\/scent-family?post=18194"},{"taxonomy":"diffusion-area","embeddable":true,"href":"https:\/\/kodointernational.com\/de\/wp-json\/wp\/v2\/diffusion-area?post=18194"},{"taxonomy":"scent-intensity","embeddable":true,"href":"https:\/\/kodointernational.com\/de\/wp-json\/wp\/v2\/scent-intensity?post=18194"},{"taxonomy":"scent-recommendations","embeddable":true,"href":"https:\/\/kodointernational.com\/de\/wp-json\/wp\/v2\/scent-recommendations?post=18194"},{"taxonomy":"scent-pyramid","embeddable":true,"href":"https:\/\/kodointernational.com\/de\/wp-json\/wp\/v2\/scent-pyramid?post=18194"}],"curies":[{"name":"wp","href":"https:\/\/api.w.org\/{rel}","templated":true}]}}