{"id":18245,"date":"2022-12-09T03:41:00","date_gmt":"2022-12-08T20:41:00","guid":{"rendered":"https:\/\/kodointernational.com\/nutzungsbedingungen\/"},"modified":"2023-10-30T13:03:33","modified_gmt":"2023-10-30T06:03:33","slug":"nutzungsbedingungen","status":"publish","type":"page","link":"https:\/\/kodointernational.com\/de\/nutzungsbedingungen\/","title":{"rendered":"Nutzungsbedingungen"},"content":{"rendered":"\t\t<div data-elementor-type=\"wp-page\" data-elementor-id=\"18245\" class=\"elementor elementor-18245 elementor-1751\" data-elementor-post-type=\"page\">\n\t\t\t\t\t\t\t\t\t<section class=\"elementor-section elementor-top-section elementor-element elementor-element-c7f05b9 elementor-section-boxed elementor-section-height-default elementor-section-height-default\" data-id=\"c7f05b9\" data-element_type=\"section\">\n\t\t\t\t\t\t<div class=\"elementor-container elementor-column-gap-no\">\n\t\t\t\t\t<div class=\"elementor-column elementor-col-100 elementor-top-column elementor-element elementor-element-e08a9c5\" data-id=\"e08a9c5\" data-element_type=\"column\">\n\t\t\t<div class=\"elementor-widget-wrap elementor-element-populated\">\n\t\t\t\t\t\t\t\t<div class=\"elementor-element elementor-element-18f426b elementor-widget elementor-widget-heading\" data-id=\"18f426b\" data-element_type=\"widget\" data-widget_type=\"heading.default\">\n\t\t\t\t<div class=\"elementor-widget-container\">\n\t\t\t<style>\/*! elementor - v3.18.0 - 08-12-2023 *\/\n.elementor-heading-title{padding:0;margin:0;line-height:1}.elementor-widget-heading .elementor-heading-title[class*=elementor-size-]>a{color:inherit;font-size:inherit;line-height:inherit}.elementor-widget-heading .elementor-heading-title.elementor-size-small{font-size:15px}.elementor-widget-heading .elementor-heading-title.elementor-size-medium{font-size:19px}.elementor-widget-heading .elementor-heading-title.elementor-size-large{font-size:29px}.elementor-widget-heading .elementor-heading-title.elementor-size-xl{font-size:39px}.elementor-widget-heading .elementor-heading-title.elementor-size-xxl{font-size:59px}<\/style><h2 class=\"elementor-heading-title elementor-size-default\">Verkaufspolitik<\/h2>\t\t<\/div>\n\t\t\t\t<\/div>\n\t\t\t\t<div class=\"elementor-element elementor-element-37b854e elementor-widget elementor-widget-text-editor\" data-id=\"37b854e\" data-element_type=\"widget\" data-widget_type=\"text-editor.default\">\n\t\t\t\t<div class=\"elementor-widget-container\">\n\t\t\t<style>\/*! elementor - v3.18.0 - 08-12-2023 *\/\n.elementor-widget-text-editor.elementor-drop-cap-view-stacked .elementor-drop-cap{background-color:#69727d;color:#fff}.elementor-widget-text-editor.elementor-drop-cap-view-framed .elementor-drop-cap{color:#69727d;border:3px solid;background-color:transparent}.elementor-widget-text-editor:not(.elementor-drop-cap-view-default) .elementor-drop-cap{margin-top:8px}.elementor-widget-text-editor:not(.elementor-drop-cap-view-default) .elementor-drop-cap-letter{width:1em;height:1em}.elementor-widget-text-editor .elementor-drop-cap{float:left;text-align:center;line-height:1;font-size:50px}.elementor-widget-text-editor .elementor-drop-cap-letter{display:inline-block}<\/style>\t\t\t\t<p>Um sicherzustellen, dass die Produkte von bester Qualit\u00e4t in einem gr\u00fcndlichen und f\u00fcr die Kunden bequemen Prozess an die Kunden geliefert werden, bietet KODO die folgenden Lieferrichtlinien an:<\/p>\n<p>&#8211; Bundesweiter Lieferservice, der f\u00fcr Kunden gilt, die Waren auf der Website und Fanpage kaufen und direkt im Gesch\u00e4ft anrufen und kaufen.<\/p>\n<p>&#8211; Die Lieferung der Bestellung erfolgt an die vom Kunden angegebene Adresse durch einen seri\u00f6sen Versanddienstleister oder durch Mitarbeiter von KODO.<\/p>\n\t\t\t\t\t\t<\/div>\n\t\t\t\t<\/div>\n\t\t\t\t<div class=\"elementor-element elementor-element-e809bff elementor-widget elementor-widget-heading\" data-id=\"e809bff\" data-element_type=\"widget\" data-widget_type=\"heading.default\">\n\t\t\t\t<div class=\"elementor-widget-container\">\n\t\t\t<h3 class=\"elementor-heading-title elementor-size-default\">1. Lieferzeit:<\/h3>\t\t<\/div>\n\t\t\t\t<\/div>\n\t\t\t\t<div class=\"elementor-element elementor-element-6b2c1e8 elementor-widget elementor-widget-text-editor\" data-id=\"6b2c1e8\" data-element_type=\"widget\" data-widget_type=\"text-editor.default\">\n\t\t\t\t<div class=\"elementor-widget-container\">\n\t\t\t\t\t\t\t<p>Bestellungen innerhalb und au\u00dferhalb von Ho-Chi-Minh-Stadt HCM:<br \/>&#8211; Die Lieferzeit betr\u00e4gt 1-2 Tage nach Bestellung.<br \/>&#8211; Bestellungen vor 11:30 Uhr werden am Nachmittag desselben Tages zugestellt.<br \/>&#8211; Bestellungen nach 11:30 Uhr werden am Abend und am n\u00e4chsten Morgen zugestellt.<br \/>&#8211; Bestellungen in anderen Provinzen:<br \/>&#8211; Die Dauer betr\u00e4gt 2-3 Tage f\u00fcr das zentrale Gebiet der Provinz oder Stadt;<br \/>&#8211; 3-7 Tage f\u00fcr Vororte, Bezirke, Gemeinden, St\u00e4dte &#8230;<br \/>&#8211; Ausgenommen sind Samstage, Sonn- und Feiertage.<\/p>\n\t\t\t\t\t\t<\/div>\n\t\t\t\t<\/div>\n\t\t\t\t<div class=\"elementor-element elementor-element-e6ec126 elementor-widget elementor-widget-heading\" data-id=\"e6ec126\" data-element_type=\"widget\" data-widget_type=\"heading.default\">\n\t\t\t\t<div class=\"elementor-widget-container\">\n\t\t\t<h3 class=\"elementor-heading-title elementor-size-default\">Allgemeine Bestimmungen:<\/h3>\t\t<\/div>\n\t\t\t\t<\/div>\n\t\t\t\t<div class=\"elementor-element elementor-element-146aed3 elementor-widget elementor-widget-text-editor\" data-id=\"146aed3\" data-element_type=\"widget\" data-widget_type=\"text-editor.default\">\n\t\t\t\t<div class=\"elementor-widget-container\">\n\t\t\t\t\t\t\t<p>&#8211; Die Bearbeitungszeit der Bestellung wird ab dem Zeitpunkt gez\u00e4hlt, an dem Sie Ihre abgeschlossene Zahlung erhalten haben.<br \/>&#8211; Kann die Lieferzeit nach Kundenwunsch \u00e4ndern<br \/>&#8211; Ihre Bestellung wird bis zu 2 Mal geliefert. Falls die erste Lieferung nicht erfolgreich ist, gibt es Mitarbeiter, die sich an Sie wenden k\u00f6nnen, um den 2. Lieferplan mit Ihnen zu vereinbaren, falls Sie immer noch nicht mehr kontaktiert werden k\u00f6nnen oder keine Antwort von Ihnen erhalten, ist die Bestellung nicht mehr g\u00fcltig.<br \/>&#8211; Um Ihre Bestellinformationen oder den Status zu \u00fcberpr\u00fcfen, wenden Sie sich bitte an Fanpage oder rufen Sie die Hotline-Nummer an &#8230;, geben Sie Informationen wie Name und Telefonnummer an, die \u00fcberpr\u00fcft werden sollen.<br \/>&#8211; Wenn die Ware an Sie geliefert wird, unterschreiben Sie bitte die Best\u00e4tigung mit dem Zusteller und \u00fcberpr\u00fcfen Sie, ob die Menge und Art der gelieferten Ware korrekt sind.<br \/>&#8211; Bitte bewahren Sie den Versandbeleg und die Kaufrechnung zum Vergleich und zur \u00dcberpr\u00fcfung auf.<\/p>\n\t\t\t\t\t\t<\/div>\n\t\t\t\t<\/div>\n\t\t\t\t<div class=\"elementor-element elementor-element-fb365e8 elementor-widget elementor-widget-heading\" data-id=\"fb365e8\" data-element_type=\"widget\" data-widget_type=\"heading.default\">\n\t\t\t\t<div class=\"elementor-widget-container\">\n\t\t\t<h3 class=\"elementor-heading-title elementor-size-default\">2. Versandkosten:<\/h3>\t\t<\/div>\n\t\t\t\t<\/div>\n\t\t\t\t<div class=\"elementor-element elementor-element-87c6b58 elementor-widget elementor-widget-text-editor\" data-id=\"87c6b58\" data-element_type=\"widget\" data-widget_type=\"text-editor.default\">\n\t\t\t\t<div class=\"elementor-widget-container\">\n\t\t\t\t\t\t\t<p>&#8211; Kostenlose landesweite Lieferung ab einem Bestellwert von 500.000 VND<br \/>&#8211; Die Versandkosten f\u00fcr jedes Gebiet f\u00fcr Bestellungen unter 500.000 VND sind wie folgt:<br \/>+ Innenstadt, Vorort HCMC: 20.000 VND<br \/>+ Andere Provinzen: 25.000 VND<\/p>\n\t\t\t\t\t\t<\/div>\n\t\t\t\t<\/div>\n\t\t\t\t\t<\/div>\n\t\t<\/div>\n\t\t\t\t\t\t\t<\/div>\n\t\t<\/section>\n\t\t\t\t\t\t\t<\/div>\n\t\t","protected":false},"excerpt":{"rendered":"<p>Verkaufspolitik Um sicherzustellen, dass die Produkte von bester Qualit\u00e4t in einem gr\u00fcndlichen und f\u00fcr die Kunden bequemen Prozess an die Kunden geliefert werden, bietet KODO&#8230;<\/p>\n","protected":false},"author":9,"featured_media":0,"parent":0,"menu_order":0,"comment_status":"closed","ping_status":"closed","template":"elementor_header_footer","meta":{"footnotes":""},"class_list":["post-18245","page","type-page","status-publish","hentry"],"acf":[],"_links":{"self":[{"href":"https:\/\/kodointernational.com\/de\/wp-json\/wp\/v2\/pages\/18245","targetHints":{"allow":["GET"]}}],"collection":[{"href":"https:\/\/kodointernational.com\/de\/wp-json\/wp\/v2\/pages"}],"about":[{"href":"https:\/\/kodointernational.com\/de\/wp-json\/wp\/v2\/types\/page"}],"author":[{"embeddable":true,"href":"https:\/\/kodointernational.com\/de\/wp-json\/wp\/v2\/users\/9"}],"replies":[{"embeddable":true,"href":"https:\/\/kodointernational.com\/de\/wp-json\/wp\/v2\/comments?post=18245"}],"version-history":[{"count":0,"href":"https:\/\/kodointernational.com\/de\/wp-json\/wp\/v2\/pages\/18245\/revisions"}],"wp:attachment":[{"href":"https:\/\/kodointernational.com\/de\/wp-json\/wp\/v2\/media?parent=18245"}],"curies":[{"name":"wp","href":"https:\/\/api.w.org\/{rel}","templated":true}]}}