{"id":18239,"date":"2022-12-09T04:03:30","date_gmt":"2022-12-08T21:03:30","guid":{"rendered":"https:\/\/kodointernational.com\/datenschutzrichtlinie\/"},"modified":"2024-01-23T13:57:32","modified_gmt":"2024-01-23T06:57:32","slug":"datenschutzrichtlinie","status":"publish","type":"page","link":"https:\/\/kodointernational.com\/de\/datenschutzrichtlinie\/","title":{"rendered":"Datenschutzrichtlinie"},"content":{"rendered":"\t\t<div data-elementor-type=\"wp-page\" data-elementor-id=\"18239\" class=\"elementor elementor-18239 elementor-1793\" data-elementor-post-type=\"page\">\n\t\t\t\t\t\t\t\t\t<section class=\"elementor-section elementor-top-section elementor-element elementor-element-693e749 elementor-section-boxed elementor-section-height-default elementor-section-height-default\" data-id=\"693e749\" data-element_type=\"section\">\n\t\t\t\t\t\t<div class=\"elementor-container elementor-column-gap-no\">\n\t\t\t\t\t<div class=\"elementor-column elementor-col-100 elementor-top-column elementor-element elementor-element-b4e3035\" data-id=\"b4e3035\" data-element_type=\"column\">\n\t\t\t<div class=\"elementor-widget-wrap elementor-element-populated\">\n\t\t\t\t\t\t\t\t<div class=\"elementor-element elementor-element-a22968f elementor-widget elementor-widget-heading\" data-id=\"a22968f\" data-element_type=\"widget\" data-widget_type=\"heading.default\">\n\t\t\t\t<div class=\"elementor-widget-container\">\n\t\t\t<style>\/*! elementor - v3.18.0 - 08-12-2023 *\/\n.elementor-heading-title{padding:0;margin:0;line-height:1}.elementor-widget-heading .elementor-heading-title[class*=elementor-size-]>a{color:inherit;font-size:inherit;line-height:inherit}.elementor-widget-heading .elementor-heading-title.elementor-size-small{font-size:15px}.elementor-widget-heading .elementor-heading-title.elementor-size-medium{font-size:19px}.elementor-widget-heading .elementor-heading-title.elementor-size-large{font-size:29px}.elementor-widget-heading .elementor-heading-title.elementor-size-xl{font-size:39px}.elementor-widget-heading .elementor-heading-title.elementor-size-xxl{font-size:59px}<\/style><h2 class=\"elementor-heading-title elementor-size-default\">Datenschutzrichtlinie<\/h2>\t\t<\/div>\n\t\t\t\t<\/div>\n\t\t\t\t<div class=\"elementor-element elementor-element-3aa10ee elementor-widget elementor-widget-heading\" data-id=\"3aa10ee\" data-element_type=\"widget\" data-widget_type=\"heading.default\">\n\t\t\t\t<div class=\"elementor-widget-container\">\n\t\t\t<h3 class=\"elementor-heading-title elementor-size-default\">I. Zweck der Datenerhebung<\/h3>\t\t<\/div>\n\t\t\t\t<\/div>\n\t\t\t\t<div class=\"elementor-element elementor-element-9af7209 elementor-widget elementor-widget-text-editor\" data-id=\"9af7209\" data-element_type=\"widget\" data-widget_type=\"text-editor.default\">\n\t\t\t\t<div class=\"elementor-widget-container\">\n\t\t\t<style>\/*! elementor - v3.18.0 - 08-12-2023 *\/\n.elementor-widget-text-editor.elementor-drop-cap-view-stacked .elementor-drop-cap{background-color:#69727d;color:#fff}.elementor-widget-text-editor.elementor-drop-cap-view-framed .elementor-drop-cap{color:#69727d;border:3px solid;background-color:transparent}.elementor-widget-text-editor:not(.elementor-drop-cap-view-default) .elementor-drop-cap{margin-top:8px}.elementor-widget-text-editor:not(.elementor-drop-cap-view-default) .elementor-drop-cap-letter{width:1em;height:1em}.elementor-widget-text-editor .elementor-drop-cap{float:left;text-align:center;line-height:1;font-size:50px}.elementor-widget-text-editor .elementor-drop-cap-letter{display:inline-block}<\/style>\t\t\t\t<p>Um Kunden bestm\u00f6glich zu unterst\u00fctzen, kann KODO Kunden bitten, pers\u00f6nliche Informationen wie Name und Telefonnummer sowie E-Mail-Adresse \u00fcber interaktive Formulare anzugeben.<\/p>\n\t\t\t\t\t\t<\/div>\n\t\t\t\t<\/div>\n\t\t\t\t<div class=\"elementor-element elementor-element-1e13017 elementor-widget elementor-widget-heading\" data-id=\"1e13017\" data-element_type=\"widget\" data-widget_type=\"heading.default\">\n\t\t\t\t<div class=\"elementor-widget-container\">\n\t\t\t<h3 class=\"elementor-heading-title elementor-size-default\">II. Umfang der Datennutzung<\/h3>\t\t<\/div>\n\t\t\t\t<\/div>\n\t\t\t\t<div class=\"elementor-element elementor-element-84c9660 elementor-widget elementor-widget-text-editor\" data-id=\"84c9660\" data-element_type=\"widget\" data-widget_type=\"text-editor.default\">\n\t\t\t\t<div class=\"elementor-widget-container\">\n\t\t\t\t\t\t\t<p>KODO verwendet Ihre Daten zu folgenden Zwecken:<br \/>&#8211; Zur Unterst\u00fctzung der Kunden beim Kauf von Produkten.<br \/>&#8211; Beantwortung der Fragen f\u00fcr Kunden.<br \/>&#8211; Kunden die neuesten Informationen \u00fcber unsere Richtlinien zur Verf\u00fcgung zu\u00a0 stellen, Kundenumfragen durchzuf\u00fchren und Werbeaktivit\u00e4ten im Zusammenhang mit Kodo-Produkten und -Dienstleistungen durchzuf\u00fchren, wenn Sie sich registrieren, um Informationen per E-Mail zu erhalten.<br \/>&#8211; Implementierung von Kundenbetreuungsprogrammen wie Dankesch\u00f6n, Geschenke, Rabatte anl\u00e4sslich der Geburtstage der Kunden,&#8230;<\/p>\t\t\t\t\t\t<\/div>\n\t\t\t\t<\/div>\n\t\t\t\t<div class=\"elementor-element elementor-element-b19ff05 elementor-widget elementor-widget-heading\" data-id=\"b19ff05\" data-element_type=\"widget\" data-widget_type=\"heading.default\">\n\t\t\t\t<div class=\"elementor-widget-container\">\n\t\t\t<h3 class=\"elementor-heading-title elementor-size-default\">III. Dauer der Speicherung von Kundeninformationen<\/h3>\t\t<\/div>\n\t\t\t\t<\/div>\n\t\t\t\t<div class=\"elementor-element elementor-element-986a595 elementor-widget elementor-widget-text-editor\" data-id=\"986a595\" data-element_type=\"widget\" data-widget_type=\"text-editor.default\">\n\t\t\t\t<div class=\"elementor-widget-container\">\n\t\t\t\t\t\t\t<p>Kundeninformationen, die f\u00fcr den Kauf von Produkten bei KODO registriert sind, werden von uns f\u00fcr einen Zeitraum von 5 Jahren gespeichert.<\/p>\n\t\t\t\t\t\t<\/div>\n\t\t\t\t<\/div>\n\t\t\t\t<div class=\"elementor-element elementor-element-7c7bde4 elementor-widget elementor-widget-heading\" data-id=\"7c7bde4\" data-element_type=\"widget\" data-widget_type=\"heading.default\">\n\t\t\t\t<div class=\"elementor-widget-container\">\n\t\t\t<h3 class=\"elementor-heading-title elementor-size-default\">IV. Mittel und Tools f\u00fcr Benutzer, um auf personenbezogene Daten zuzugreifen und diese zu bearbeiten<\/h3>\t\t<\/div>\n\t\t\t\t<\/div>\n\t\t\t\t<div class=\"elementor-element elementor-element-c217408 elementor-widget elementor-widget-text-editor\" data-id=\"c217408\" data-element_type=\"widget\" data-widget_type=\"text-editor.default\">\n\t\t\t\t<div class=\"elementor-widget-container\">\n\t\t\t\t\t\t\t<p>Wir ergreifen geeignete technische und Sicherheitsma\u00dfnahmen, um die personenbezogenen Daten der Kunden bei der Datenerfassung auf der Website zu sch\u00fctzen.<br \/>KODO verpflichtet sich, Kundendaten nicht zu verwenden, um Handlungen vorzunehmen, die gegen die gesetzlichen Bestimmungen versto\u00dfen.<\/p>\n\t\t\t\t\t\t<\/div>\n\t\t\t\t<\/div>\n\t\t\t\t<div class=\"elementor-element elementor-element-3e18726 elementor-widget elementor-widget-heading\" data-id=\"3e18726\" data-element_type=\"widget\" data-widget_type=\"heading.default\">\n\t\t\t\t<div class=\"elementor-widget-container\">\n\t\t\t<h3 class=\"elementor-heading-title elementor-size-default\">V. Verpflichtung zum Schutz der personenbezogenen Daten der Kunden<\/h3>\t\t<\/div>\n\t\t\t\t<\/div>\n\t\t\t\t<div class=\"elementor-element elementor-element-03bfffc elementor-widget elementor-widget-text-editor\" data-id=\"03bfffc\" data-element_type=\"widget\" data-widget_type=\"text-editor.default\">\n\t\t\t\t<div class=\"elementor-widget-container\">\n\t\t\t\t\t\t\t<p>Ihre pers\u00f6nlichen Daten werden von Kodo absolut vertraulich behandelt. Die Erhebung und Verwendung Ihrer Daten erfolgt nur mit Zustimmung des Kunden.<br \/>KODO verpflichtet sich, Ihre personenbezogenen Daten nicht ohne die Zustimmung der Kunden zu verwenden, zu \u00fcbertragen, bereitzustellen oder an Dritte weiterzugeben.<br \/>KODO betont, dass wir sehr an den Interessen der Kunden am Schutz personenbezogener Daten interessiert sind. Falls Sie also Kommentare oder Fragen zu unserer Datenschutzrichtlinie haben, wenden Sie sich bitte an die Hotline, um Unterst\u00fctzung zu erhalten.<\/p>\n\t\t\t\t\t\t<\/div>\n\t\t\t\t<\/div>\n\t\t\t\t<div class=\"elementor-element elementor-element-a3ed353 elementor-widget elementor-widget-heading\" data-id=\"a3ed353\" data-element_type=\"widget\" data-widget_type=\"heading.default\">\n\t\t\t\t<div class=\"elementor-widget-container\">\n\t\t\t<h3 class=\"elementor-heading-title elementor-size-default\">24-Stunden-Kundensupport-Center<\/h3>\t\t<\/div>\n\t\t\t\t<\/div>\n\t\t\t\t<div class=\"elementor-element elementor-element-b7cfaa0 elementor-widget elementor-widget-text-editor\" data-id=\"b7cfaa0\" data-element_type=\"widget\" data-widget_type=\"text-editor.default\">\n\t\t\t\t<div class=\"elementor-widget-container\">\n\t\t\t\t\t\t\t<p>Rufen Sie uns 24\/7 an, um Beratung und Antworten auf alle Produktinformationen zu erhalten<br><br><\/p>\t\t\t\t\t\t<\/div>\n\t\t\t\t<\/div>\n\t\t\t\t\t<\/div>\n\t\t<\/div>\n\t\t\t\t\t\t\t<\/div>\n\t\t<\/section>\n\t\t\t\t\t\t\t<\/div>\n\t\t","protected":false},"excerpt":{"rendered":"<p>Datenschutzerkl\u00e4rung Allgemeine Hinweise Datenschutzerkla\u0308rung Diese Datenschutzerkla\u0308rung entha\u0308lt ausfu\u0308hrliche Informationen daru\u0308ber, was mit Ihren perso\u0308nlichen Daten passiert, wenn Sie unsere Website www.kodo-duftwelt.de besuchen. Personenbezogene Daten sind&#8230;<\/p>\n","protected":false},"author":9,"featured_media":0,"parent":0,"menu_order":0,"comment_status":"closed","ping_status":"closed","template":"elementor_header_footer","meta":{"footnotes":""},"class_list":["post-18239","page","type-page","status-publish","hentry"],"acf":[],"_links":{"self":[{"href":"https:\/\/kodointernational.com\/de\/wp-json\/wp\/v2\/pages\/18239","targetHints":{"allow":["GET"]}}],"collection":[{"href":"https:\/\/kodointernational.com\/de\/wp-json\/wp\/v2\/pages"}],"about":[{"href":"https:\/\/kodointernational.com\/de\/wp-json\/wp\/v2\/types\/page"}],"author":[{"embeddable":true,"href":"https:\/\/kodointernational.com\/de\/wp-json\/wp\/v2\/users\/9"}],"replies":[{"embeddable":true,"href":"https:\/\/kodointernational.com\/de\/wp-json\/wp\/v2\/comments?post=18239"}],"version-history":[{"count":0,"href":"https:\/\/kodointernational.com\/de\/wp-json\/wp\/v2\/pages\/18239\/revisions"}],"wp:attachment":[{"href":"https:\/\/kodointernational.com\/de\/wp-json\/wp\/v2\/media?parent=18239"}],"curies":[{"name":"wp","href":"https:\/\/api.w.org\/{rel}","templated":true}]}}